{"id":6462,"date":"2021-11-11T16:30:33","date_gmt":"2021-11-11T15:30:33","guid":{"rendered":"https:\/\/krasspluswissing.de\/produkte\/"},"modified":"2025-06-02T12:47:00","modified_gmt":"2025-06-02T10:47:00","slug":"products","status":"publish","type":"page","link":"https:\/\/krasspluswissing.de\/en\/products\/","title":{"rendered":"Products"},"content":{"rendered":"\n\n\n\n<!-- Block-Wrapper Anfang -->\n<div id=\"header-2col-block_5615f4650d23be6de65d5c719595ac3d\" class=\"block block--header-2col parallax       \">\n  <div class=\" block__inner block__inner--header-2col py-3 py-md-5 \">\n<!-- \/Block-Wrapper Anfang -->\n\n    <div class=\"container\">\n      <div class=\"row\">\n        <div class=\"col-12 col-lg-6 pb-3 pb-lg-0\">\n          \n<div class=\"content__modul content__text\">\n  <h1>Products<\/h1>\n<p>Our products are your products. Take advantage of our processes and our know-how &#8211; together we develop the ideal product for your application.<\/p>\n<p>Whether with your own materials or ours, our primary goal is to optimize your process, increase quality and minimize downtime.<\/p>\n<\/div>\n        <\/div>\n        <div class=\"col-12 col-lg-6 pb-0\">\n          <div class=\"header__img\">\n                      <\/div>\n        <\/div>\n      <\/div>\n    <\/div>\n\n<!-- Block-Wrapper Ende -->\n  <\/div><!-- .block__inner -->\n<\/div><!-- .block -->\n<!-- \/Block-Wrapper Ende -->\n\n\n\n\n\n  <style type=\"text\/css\">\n    \/* H\u00f6he *\/\n    #header-2col-block_5615f4650d23be6de65d5c719595ac3d .block__inner--header-2col{\n              min-height: calc(100vh - px);\n          }\n\n    #header-2col-block_5615f4650d23be6de65d5c719595ac3d.parallax{\n      height: calc(100vh - 100px);\n    }\n\n    @media only screen and (max-width: 991.98px) {\n      #header-2col-block_5615f4650d23be6de65d5c719595ac3d.parallax{\n        height: 100vh;\n      }\n    }\n    @media only screen and (max-width: 575.98px) {\n      #header-2col-block_5615f4650d23be6de65d5c719595ac3d.parallax{\n        height: calc(100vh - 125px);\n      }\n    }\n\n\n          \n      \n      \n      \n          \n    \n    \/* Hintergrundbild *\/\n          #header-2col-block_5615f4650d23be6de65d5c719595ac3d {\n        background-image: url(https:\/\/krasspluswissing.de\/wp-content\/uploads\/2022\/04\/Krass-Wissing-Schraegband-Kleinaufmachung-Falzband.jpg);\n        background-size: cover;\n        background-position: center center;\n      }\n    \n    \/* Navigationshintergrund und Verlauf *\/\n    \n\n                  #header-2col-block_5615f4650d23be6de65d5c719595ac3d .block__inner {background: linear-gradient(to right, rgba(30,27,24, 0.6), rgba(0, 0, 0, 0))}\n          \n    #header-2col-block_5615f4650d23be6de65d5c719595ac3d{      background-color: #FFFFFF;      color: #ffffff;    }                  <\/style>\n\n\n\n\n  <div style=\"background-color: #fff;\" class=\"diagonal diagonal--above  diagonal--kpw-portfolio-block_cbee2aee3b3b9044cbabd488712c197a\"><\/div>\n\n<!-- Block-Wrapper Anfang -->\n<div id=\"kpw-portfolio-block_cbee2aee3b3b9044cbabd488712c197a\" class=\"block block--kpw-portfolio pt-5 pb-3\">\n  <div class=\"block__inner block__inner--kpw-portfolio container \">\n    <!-- \/Block-Wrapper Anfang -->\n    \n    <div class=\"portfolio\">\n      <div class=\"row\">\n\n                <div class=\"col-6 col-lg-4\">\n            <a href=\"http:\/\/cutting\/\" class=\"portfolio__link d-block\">\n              <div id=\"portfolio-cutting\" class=\"portfolio__item cursor-pointer\">\n                                  <div class=\"portfolio__image\">\n                    <img decoding=\"async\" src=\"https:\/\/krasspluswissing.de\/wp-content\/uploads\/2022\/06\/schneiden-abstechen-umrollschneiden-band-einfassband-schraegband-krass-wissing-vorschau.png\" alt=\"\">\n                  <\/div>\n                                <div class=\"portfolio__headline\">\n                  <h4>Cutting<\/h4>\n                <\/div>\n                <div class=\"portfolio__content\">\n                                  <\/div>\n                <div class=\"portfolio__arrow\">\n                  <i class=\"kpw-pfeil\"><\/i>\n                <\/div>\n              <\/div>\n            <\/a>\n          <\/div>\n\n                <div class=\"col-6 col-lg-4\">\n            <a href=\"http:\/\/printing\/\" class=\"portfolio__link d-block\">\n              <div id=\"portfolio-printing\" class=\"portfolio__item cursor-pointer\">\n                                  <div class=\"portfolio__image\">\n                    <img decoding=\"async\" src=\"https:\/\/krasspluswissing.de\/wp-content\/uploads\/2022\/06\/druck-flexodruck-band-banddruck-schraegband-krass-wissing-vorschau.png\" alt=\"Band bedrucken Flexodruck Banddruck auf B\u00e4nder drucken Digitaldruck\">\n                  <\/div>\n                                <div class=\"portfolio__headline\">\n                  <h4>Printing<\/h4>\n                <\/div>\n                <div class=\"portfolio__content\">\n                                  <\/div>\n                <div class=\"portfolio__arrow\">\n                  <i class=\"kpw-pfeil\"><\/i>\n                <\/div>\n              <\/div>\n            <\/a>\n          <\/div>\n\n                <div class=\"col-6 col-lg-4\">\n            <a href=\"http:\/\/folding\/\" class=\"portfolio__link d-block\">\n              <div id=\"portfolio-folding\" class=\"portfolio__item cursor-pointer\">\n                                  <div class=\"portfolio__image\">\n                    <img decoding=\"async\" src=\"https:\/\/krasspluswissing.de\/wp-content\/uploads\/2022\/06\/falzband-falzen-einfassband-blende-schraegband-krass-wissing-vorschau.png\" alt=\"Falzen Schr\u00e4gband Vorfalzen Blende Einfassband\">\n                  <\/div>\n                                <div class=\"portfolio__headline\">\n                  <h4>Folding<\/h4>\n                <\/div>\n                <div class=\"portfolio__content\">\n                                  <\/div>\n                <div class=\"portfolio__arrow\">\n                  <i class=\"kpw-pfeil\"><\/i>\n                <\/div>\n              <\/div>\n            <\/a>\n          <\/div>\n\n                <div class=\"col-6 col-lg-4\">\n            <a href=\"http:\/\/piping\/\" class=\"portfolio__link d-block\">\n              <div id=\"portfolio-piping\" class=\"portfolio__item cursor-pointer\">\n                                  <div class=\"portfolio__image\">\n                    <img decoding=\"async\" src=\"https:\/\/krasspluswissing.de\/wp-content\/uploads\/2022\/06\/biese-keder-paspel-schraegband-bias-binding-spule-krass-wissing-vorschau.png\" alt=\"Biesenband Kederband Paspelband Schr\u00e4gband Baumwolle Polyester Kordel Seele eingen\u00e4ht\">\n                  <\/div>\n                                <div class=\"portfolio__headline\">\n                  <h4>Piping<\/h4>\n                <\/div>\n                <div class=\"portfolio__content\">\n                                  <\/div>\n                <div class=\"portfolio__arrow\">\n                  <i class=\"kpw-pfeil\"><\/i>\n                <\/div>\n              <\/div>\n            <\/a>\n          <\/div>\n\n                <div class=\"col-6 col-lg-4\">\n            <a href=\"http:\/\/sewing\/\" class=\"portfolio__link d-block\">\n              <div id=\"portfolio-sewing\" class=\"portfolio__item cursor-pointer\">\n                                  <div class=\"portfolio__image\">\n                    <img decoding=\"async\" src=\"https:\/\/krasspluswissing.de\/wp-content\/uploads\/2022\/06\/naehen-falzband-einfassband-blende-krass-wissing-vorschau.png\" alt=\"Blende oder Einfassband Schr\u00e4gband falten falzen vern\u00e4hen n\u00e4hen Naht\">\n                  <\/div>\n                                <div class=\"portfolio__headline\">\n                  <h4>Sewing<\/h4>\n                <\/div>\n                <div class=\"portfolio__content\">\n                                  <\/div>\n                <div class=\"portfolio__arrow\">\n                  <i class=\"kpw-pfeil\"><\/i>\n                <\/div>\n              <\/div>\n            <\/a>\n          <\/div>\n\n                <div class=\"col-6 col-lg-4\">\n            <a href=\"http:\/\/coating\/\" class=\"portfolio__link d-block\">\n              <div id=\"portfolio-coating\" class=\"portfolio__item cursor-pointer\">\n                                  <div class=\"portfolio__image\">\n                    <img decoding=\"async\" src=\"https:\/\/krasspluswissing.de\/wp-content\/uploads\/2022\/06\/beschichten-kleben-einfassband-falzband-krass-wissing-vorschau.png\" alt=\"Falzband oder Einfassband mit Klebstoff beschichten\">\n                  <\/div>\n                                <div class=\"portfolio__headline\">\n                  <h4>Coating<\/h4>\n                <\/div>\n                <div class=\"portfolio__content\">\n                                  <\/div>\n                <div class=\"portfolio__arrow\">\n                  <i class=\"kpw-pfeil\"><\/i>\n                <\/div>\n              <\/div>\n            <\/a>\n          <\/div>\n\n                <div class=\"col-6 col-lg-4\">\n            <a href=\"http:\/\/laminating\/\" class=\"portfolio__link d-block\">\n              <div id=\"portfolio-laminating\" class=\"portfolio__item cursor-pointer\">\n                                  <div class=\"portfolio__image\">\n                    <img decoding=\"async\" src=\"https:\/\/krasspluswissing.de\/wp-content\/uploads\/2022\/06\/kaschieren-kalander-thermotransfer-beschichten-zusammenfuegen-krass-wissing-vorschau.png\" alt=\"Materialien aufeinander bringen miteinander verbinden zusammenf\u00fcgen kalandern\">\n                  <\/div>\n                                <div class=\"portfolio__headline\">\n                  <h4>Laminating<\/h4>\n                <\/div>\n                <div class=\"portfolio__content\">\n                                  <\/div>\n                <div class=\"portfolio__arrow\">\n                  <i class=\"kpw-pfeil\"><\/i>\n                <\/div>\n              <\/div>\n            <\/a>\n          <\/div>\n\n                <div class=\"col-6 col-lg-4\">\n            <a href=\"http:\/\/packing-wrapping\/\" class=\"portfolio__link d-block\">\n              <div id=\"portfolio-packing-wrapping\" class=\"portfolio__item cursor-pointer\">\n                                  <div class=\"portfolio__image\">\n                    <img decoding=\"async\" src=\"https:\/\/krasspluswissing.de\/wp-content\/uploads\/2022\/06\/aufmachen-kleinaufmachung-spule-einfassband-schraegband-bias-tape-krass-wissing-vorschau.png\" alt=\"Vereinzeln Kleinaufmachung Spule Umspulen Abl\u00e4ngen auf L\u00e4nge schneiden Hei\u00dfschneiden oder Kaltschneiden\">\n                  <\/div>\n                                <div class=\"portfolio__headline\">\n                  <h4>Packing + Wrapping<\/h4>\n                <\/div>\n                <div class=\"portfolio__content\">\n                                  <\/div>\n                <div class=\"portfolio__arrow\">\n                  <i class=\"kpw-pfeil\"><\/i>\n                <\/div>\n              <\/div>\n            <\/a>\n          <\/div>\n\n                <div class=\"col-6 col-lg-4\">\n            <a href=\"http:\/\/contract-manufacturing\/\" class=\"portfolio__link d-block\">\n              <div id=\"portfolio-contract-manufacturing\" class=\"portfolio__item cursor-pointer\">\n                                  <div class=\"portfolio__image\">\n                    <img decoding=\"async\" src=\"https:\/\/krasspluswissing.de\/wp-content\/uploads\/2022\/06\/lohnprodukte-kunden-material-ware-produzent-krass-wissing-vorschau-1.png\" alt=\"Lohnware des Kunden zu Lohnprodukten bei uns verarbeiten\">\n                  <\/div>\n                                <div class=\"portfolio__headline\">\n                  <h4>Contract Manufacturing<\/h4>\n                <\/div>\n                <div class=\"portfolio__content\">\n                                  <\/div>\n                <div class=\"portfolio__arrow\">\n                  <i class=\"kpw-pfeil\"><\/i>\n                <\/div>\n              <\/div>\n            <\/a>\n          <\/div>\n\n      \n      <\/div>\n    <\/div>\n\n    \n\n\n<!-- Block-Wrapper Ende -->\n      <\/div><!-- .block__inner -->\n<\/div><!-- .block -->\n<!-- \/Block-Wrapper Ende -->\n\n  <div class=\"diagonal diagonal--below  diagonal--kpw-portfolio-block_cbee2aee3b3b9044cbabd488712c197a\"><\/div>\n\n\n\n<!-- Block-Wrapper Anfang -->\n<div id=\"header-fullscreen-block_595df5a3267ebc1c1bfa61f01a121af0\" class=\"block block--header-fullscreen        \" >\n  <div class=\" block__inner block__inner--header-fullscreen \">\n<!-- \/Block-Wrapper Anfang -->\n\n    \n        <div class=\"header\">\n          <div class=\"imageslider swiper\">\n            <div class=\"imageslider__inner swiper-wrapper\">\n\n              \n                  <div class=\"imageslider__image swiper-slide\">\n                    <img decoding=\"async\" src=\"https:\/\/krasspluswissing.de\/wp-content\/uploads\/2022\/11\/Krass-Matratze-Border-Klimaband-3D-Biese-schwarz-weiss-1.jpg\" alt=\"\">\n                  <\/div>\n\n                \n                  <div class=\"imageslider__image swiper-slide\">\n                    <img decoding=\"async\" src=\"https:\/\/krasspluswissing.de\/wp-content\/uploads\/2022\/11\/Krass-Workwear-Berufsbekleidung-Biese-Reflekierend.jpg\" alt=\"\">\n                  <\/div>\n\n                \n                  <div class=\"imageslider__image swiper-slide\">\n                    <img decoding=\"async\" src=\"https:\/\/krasspluswissing.de\/wp-content\/uploads\/2022\/11\/Krass-Polyester-Satin-Ruesche-Schleife.jpg\" alt=\"\">\n                  <\/div>\n\n                \n                  <div class=\"imageslider__image swiper-slide\">\n                    <img decoding=\"async\" src=\"https:\/\/krasspluswissing.de\/wp-content\/uploads\/2022\/11\/Krass-Einfassband-Nubuk-Kunstleder-Fussmatte-Auto-Car-Interieur-2.jpg\" alt=\"\">\n                  <\/div>\n\n                \n                  <div class=\"imageslider__image swiper-slide\">\n                    <img decoding=\"async\" src=\"https:\/\/krasspluswissing.de\/wp-content\/uploads\/2022\/11\/Krass-Einfassband-Schraegband-Baby-Oekotex-100.jpg\" alt=\"\">\n                  <\/div>\n\n                \n                  <div class=\"imageslider__image swiper-slide\">\n                    <img decoding=\"async\" src=\"https:\/\/krasspluswissing.de\/wp-content\/uploads\/2022\/11\/Krass-Workwear-Berufsbekleidung-Warnweste-Relex-Reflekierend.jpg\" alt=\"\">\n                  <\/div>\n\n                \n                  <div class=\"imageslider__image swiper-slide\">\n                    <img decoding=\"async\" src=\"https:\/\/krasspluswissing.de\/wp-content\/uploads\/2022\/11\/Krass-Biese-Paspel-Car-Interieur.jpg\" alt=\"\">\n                  <\/div>\n\n                \n                  <div class=\"imageslider__image swiper-slide\">\n                    <img decoding=\"async\" src=\"https:\/\/krasspluswissing.de\/wp-content\/uploads\/2022\/11\/Krass-Hometex-Wischer-Heimtextil.jpg\" alt=\"\">\n                  <\/div>\n\n                \n                  <div class=\"imageslider__image swiper-slide\">\n                    <img decoding=\"async\" src=\"https:\/\/krasspluswissing.de\/wp-content\/uploads\/2022\/11\/Krass-Einfassband-Velours-Heizdecke-Hometex.jpg\" alt=\"\">\n                  <\/div>\n\n                \n            <\/div>\n            <div class=\"swiper-dots\"><\/div>\n          <\/div>\n        <\/div>\n\n      \n\n<!-- Block-Wrapper Ende -->\n  <\/div><!-- .block__inner -->\n<\/div><!-- .block -->\n<!-- \/Block-Wrapper Ende -->\n\n\n  \n\n  <script>\n  jQuery( document ).ready(function() {\n    headerSlider();\n  })\n\n  function headerSlider(){\n\n    jQuery('.imageslider__inner').slick({\n      dots: true,\n      infinite: true,\n      speed: 1750,\n      appendArrows: false,\n      autoplay: true,\n      touchThreshold: 20,\n      draggable: true,\n      autoplaySpeed: 3000    });\n\n  }\n\n  <\/script>\n\n  <style type=\"text\/css\">\n  \/* H\u00f6he *\/\n      #header-fullscreen-block_595df5a3267ebc1c1bfa61f01a121af0 .block__inner--header-fullscreen img, #header-fullscreen-block_595df5a3267ebc1c1bfa61f01a121af0 .block__inner--header-fullscreen .acf-map {\n              height: 80vh;\n          }\n    #header-fullscreen-block_595df5a3267ebc1c1bfa61f01a121af0 .block__inner--header-fullscreen .parallax-window {\n              min-height: 80vh;\n          }\n  \n  \n  \n  \n  \n  \n  \/* Navigationshintergrund und Verlauf *\/\n  \n  \/* Ausrichtung *\/\n  #header-fullscreen-block_595df5a3267ebc1c1bfa61f01a121af0 .block__inner--header-fullscreen img {\n    object-position: 50% 50%;\n  }\n\n  #header-fullscreen-block_595df5a3267ebc1c1bfa61f01a121af0{ z-index: 0 }\n  <\/style>\n\n\n\n  <div class=\"diagonal diagonal--above diagonal--content-2col-block_8920b34fb9f8123abf3c9167b39aeead\"><\/div>\n\n<!-- Block-Wrapper Anfang -->\n<div id=\"content-2col-block_8920b34fb9f8123abf3c9167b39aeead\" class=\"block block--content-2col  pt-5 pb-5       \">\n    <div class=\"block__inner block__inner--content-2col container \">\n    <!-- \/Block-Wrapper Anfang -->\n\n\n\n        <div class=\"content row align-items-center justify-content-between\">\n          <div class=\"content__spalte content__spalte--1 col-12 col-lg-5 pb-3 pb-lg-0\">\n            \n<div class=\"content__modul content__text\">\n  <h3>About us<\/h3>\n<p>In 1958, the families Krass and Wissing founded the company in the middle of a region called <em>M\u00fcnsterland<\/em>.<\/p>\n<p>Now in its third generation, Krass + Wissing has become a leading international company for cutted bindings and edging tapes.<\/p>\n<p><a class=\"link__arrow\" href=\"https:\/\/krasspluswissing.de\/ueber-uns\/\">more about us<\/a><\/p>\n<\/div>\n          <\/div>\n          <div class=\"content__spalte content__spalte--2 col-12 col-lg-5 pb-0\">\n            \n<div class=\"content__modul content__text\">\n  <h3>Materials<\/h3>\n<p>We find or design the ideal material for your product \u2013 individually adapted to your needs. Our unique product range has been developed in over 60 years of close cooperation with a wide range of industries.<\/p>\n<p><a class=\"link__arrow\" href=\"https:\/\/krasspluswissing.de\/materialien\/\">to the materials<\/a><\/p>\n<\/div>\n          <\/div>\n        <\/div>\n\n\n<!-- Block-Wrapper Ende -->\n      <\/div><!-- .block__inner -->\n<\/div><!-- .block -->\n<!-- \/Block-Wrapper Ende -->\n\n\n  <style type=\"text\/css\">\n    #content-2col-block_8920b34fb9f8123abf3c9167b39aeead{      background-color: #777777;      color: #ffffff;    }        #content-2col-block_8920b34fb9f8123abf3c9167b39aeead a{ color: #ffffff;}          #content-2col-block_8920b34fb9f8123abf3c9167b39aeead .button { background-color: #ffffff;\n                                       border-color: #ffffff }\n      #content-2col-block_8920b34fb9f8123abf3c9167b39aeead .button a, #content-2col-block_8920b34fb9f8123abf3c9167b39aeead .field-wrap input[type=button] { color: #FFFFFF !important }\n      #content-2col-block_8920b34fb9f8123abf3c9167b39aeead .button:hover a, #content-2col-block_8920b34fb9f8123abf3c9167b39aeead .field-wrap input[type=button]:hover { color: #ffffff !important }\n      #content-2col-block_8920b34fb9f8123abf3c9167b39aeead .button--2:after { color: #ffffff }\n      #content-2col-block_8920b34fb9f8123abf3c9167b39aeead .button--3:before { border-color: #ffffff !important }\n                \n            .diagonal--content-2col-block_8920b34fb9f8123abf3c9167b39aeead  { background-color: #777777 }\n    \n    #content-2col-block_8920b34fb9f8123abf3c9167b39aeead{ z-index: 1 }\n  <\/style>\n","protected":false},"excerpt":{"rendered":"","protected":false},"author":1,"featured_media":0,"parent":0,"menu_order":0,"comment_status":"closed","ping_status":"closed","template":"","meta":{"_acf_changed":false,"protect_children":false,"_relevanssi_hide_post":"","_relevanssi_pin_for_all":"","_relevanssi_pin_keywords":"","_relevanssi_unpin_keywords":"","_relevanssi_related_keywords":"","_relevanssi_related_include_ids":"","_relevanssi_related_exclude_ids":"","_relevanssi_related_no_append":"","_relevanssi_related_not_related":"","_relevanssi_related_posts":"1","_relevanssi_noindex_reason":"","footnotes":""},"class_list":["post-6462","page","type-page","status-publish","hentry"],"acf":[],"yoast_head":"<!-- This site is optimized with the Yoast SEO Premium plugin v27.1 (Yoast SEO v27.4) - https:\/\/yoast.com\/product\/yoast-seo-premium-wordpress\/ -->\n<title>Products - Krass + Wissing<\/title>\n<meta name=\"robots\" content=\"index, follow, max-snippet:-1, max-image-preview:large, max-video-preview:-1\" \/>\n<link rel=\"canonical\" href=\"https:\/\/krasspluswissing.de\/en\/products\/\" \/>\n<meta property=\"og:locale\" content=\"en_US\" \/>\n<meta property=\"og:type\" content=\"article\" \/>\n<meta property=\"og:title\" content=\"Products\" \/>\n<meta property=\"og:url\" content=\"https:\/\/krasspluswissing.de\/en\/products\/\" \/>\n<meta property=\"og:site_name\" content=\"Krass + Wissing\" \/>\n<meta property=\"article:modified_time\" content=\"2025-06-02T10:47:00+00:00\" \/>\n<meta property=\"og:image\" content=\"http:\/\/krasspluswissing.de\/wp-content\/uploads\/2022\/05\/Krass-Wissing-Material-Stoff-Zackenschnitt-Schraegband-1024x768.jpg\" \/>\n<meta name=\"twitter:card\" content=\"summary_large_image\" \/>\n<meta name=\"twitter:label1\" content=\"Est. reading time\" \/>\n\t<meta name=\"twitter:data1\" content=\"16 minutes\" \/>\n<script type=\"application\/ld+json\" class=\"yoast-schema-graph\">{\"@context\":\"https:\\\/\\\/schema.org\",\"@graph\":[{\"@type\":\"WebPage\",\"@id\":\"https:\\\/\\\/krasspluswissing.de\\\/en\\\/products\\\/\",\"url\":\"https:\\\/\\\/krasspluswissing.de\\\/en\\\/products\\\/\",\"name\":\"Products - Krass + Wissing\",\"isPartOf\":{\"@id\":\"https:\\\/\\\/krasspluswissing.de\\\/fr\\\/#website\"},\"datePublished\":\"2021-11-11T15:30:33+00:00\",\"dateModified\":\"2025-06-02T10:47:00+00:00\",\"breadcrumb\":{\"@id\":\"https:\\\/\\\/krasspluswissing.de\\\/en\\\/products\\\/#breadcrumb\"},\"inLanguage\":\"en-US\",\"potentialAction\":[{\"@type\":\"ReadAction\",\"target\":[\"https:\\\/\\\/krasspluswissing.de\\\/en\\\/products\\\/\"]}]},{\"@type\":\"BreadcrumbList\",\"@id\":\"https:\\\/\\\/krasspluswissing.de\\\/en\\\/products\\\/#breadcrumb\",\"itemListElement\":[{\"@type\":\"ListItem\",\"position\":1,\"name\":\"Startseite\",\"item\":\"https:\\\/\\\/krasspluswissing.de\\\/en\\\/\"},{\"@type\":\"ListItem\",\"position\":2,\"name\":\"Products\"}]},{\"@type\":\"WebSite\",\"@id\":\"https:\\\/\\\/krasspluswissing.de\\\/fr\\\/#website\",\"url\":\"https:\\\/\\\/krasspluswissing.de\\\/fr\\\/\",\"name\":\"Krass + Wissing\",\"description\":\"Textile B\u00e4nder\",\"publisher\":{\"@id\":\"https:\\\/\\\/krasspluswissing.de\\\/fr\\\/#organization\"},\"alternateName\":\"Krass & Wissing\",\"potentialAction\":[{\"@type\":\"SearchAction\",\"target\":{\"@type\":\"EntryPoint\",\"urlTemplate\":\"https:\\\/\\\/krasspluswissing.de\\\/fr\\\/?s={search_term_string}\"},\"query-input\":{\"@type\":\"PropertyValueSpecification\",\"valueRequired\":true,\"valueName\":\"search_term_string\"}}],\"inLanguage\":\"en-US\"},{\"@type\":\"Organization\",\"@id\":\"https:\\\/\\\/krasspluswissing.de\\\/fr\\\/#organization\",\"name\":\"Krass+Wissing\",\"alternateName\":\"Krass&Wissing\",\"url\":\"https:\\\/\\\/krasspluswissing.de\\\/fr\\\/\",\"logo\":{\"@type\":\"ImageObject\",\"inLanguage\":\"en-US\",\"@id\":\"https:\\\/\\\/krasspluswissing.de\\\/fr\\\/#\\\/schema\\\/logo\\\/image\\\/\",\"url\":\"https:\\\/\\\/krasspluswissing.de\\\/wp-content\\\/uploads\\\/2022\\\/10\\\/KW_Logo_since_1958.png\",\"contentUrl\":\"https:\\\/\\\/krasspluswissing.de\\\/wp-content\\\/uploads\\\/2022\\\/10\\\/KW_Logo_since_1958.png\",\"width\":1684,\"height\":378,\"caption\":\"Krass+Wissing\"},\"image\":{\"@id\":\"https:\\\/\\\/krasspluswissing.de\\\/fr\\\/#\\\/schema\\\/logo\\\/image\\\/\"}}]}<\/script>\n<!-- \/ Yoast SEO Premium plugin. -->","yoast_head_json":{"title":"Products - Krass + Wissing","robots":{"index":"index","follow":"follow","max-snippet":"max-snippet:-1","max-image-preview":"max-image-preview:large","max-video-preview":"max-video-preview:-1"},"canonical":"https:\/\/krasspluswissing.de\/en\/products\/","og_locale":"en_US","og_type":"article","og_title":"Products","og_url":"https:\/\/krasspluswissing.de\/en\/products\/","og_site_name":"Krass + Wissing","article_modified_time":"2025-06-02T10:47:00+00:00","og_image":[{"url":"http:\/\/krasspluswissing.de\/wp-content\/uploads\/2022\/05\/Krass-Wissing-Material-Stoff-Zackenschnitt-Schraegband-1024x768.jpg","type":"","width":"","height":""}],"twitter_card":"summary_large_image","twitter_misc":{"Est. reading time":"16 minutes"},"schema":{"@context":"https:\/\/schema.org","@graph":[{"@type":"WebPage","@id":"https:\/\/krasspluswissing.de\/en\/products\/","url":"https:\/\/krasspluswissing.de\/en\/products\/","name":"Products - Krass + Wissing","isPartOf":{"@id":"https:\/\/krasspluswissing.de\/fr\/#website"},"datePublished":"2021-11-11T15:30:33+00:00","dateModified":"2025-06-02T10:47:00+00:00","breadcrumb":{"@id":"https:\/\/krasspluswissing.de\/en\/products\/#breadcrumb"},"inLanguage":"en-US","potentialAction":[{"@type":"ReadAction","target":["https:\/\/krasspluswissing.de\/en\/products\/"]}]},{"@type":"BreadcrumbList","@id":"https:\/\/krasspluswissing.de\/en\/products\/#breadcrumb","itemListElement":[{"@type":"ListItem","position":1,"name":"Startseite","item":"https:\/\/krasspluswissing.de\/en\/"},{"@type":"ListItem","position":2,"name":"Products"}]},{"@type":"WebSite","@id":"https:\/\/krasspluswissing.de\/fr\/#website","url":"https:\/\/krasspluswissing.de\/fr\/","name":"Krass + Wissing","description":"Textile B\u00e4nder","publisher":{"@id":"https:\/\/krasspluswissing.de\/fr\/#organization"},"alternateName":"Krass & Wissing","potentialAction":[{"@type":"SearchAction","target":{"@type":"EntryPoint","urlTemplate":"https:\/\/krasspluswissing.de\/fr\/?s={search_term_string}"},"query-input":{"@type":"PropertyValueSpecification","valueRequired":true,"valueName":"search_term_string"}}],"inLanguage":"en-US"},{"@type":"Organization","@id":"https:\/\/krasspluswissing.de\/fr\/#organization","name":"Krass+Wissing","alternateName":"Krass&Wissing","url":"https:\/\/krasspluswissing.de\/fr\/","logo":{"@type":"ImageObject","inLanguage":"en-US","@id":"https:\/\/krasspluswissing.de\/fr\/#\/schema\/logo\/image\/","url":"https:\/\/krasspluswissing.de\/wp-content\/uploads\/2022\/10\/KW_Logo_since_1958.png","contentUrl":"https:\/\/krasspluswissing.de\/wp-content\/uploads\/2022\/10\/KW_Logo_since_1958.png","width":1684,"height":378,"caption":"Krass+Wissing"},"image":{"@id":"https:\/\/krasspluswissing.de\/fr\/#\/schema\/logo\/image\/"}}]}},"_links":{"self":[{"href":"https:\/\/krasspluswissing.de\/en\/wp-json\/wp\/v2\/pages\/6462","targetHints":{"allow":["GET"]}}],"collection":[{"href":"https:\/\/krasspluswissing.de\/en\/wp-json\/wp\/v2\/pages"}],"about":[{"href":"https:\/\/krasspluswissing.de\/en\/wp-json\/wp\/v2\/types\/page"}],"author":[{"embeddable":true,"href":"https:\/\/krasspluswissing.de\/en\/wp-json\/wp\/v2\/users\/1"}],"replies":[{"embeddable":true,"href":"https:\/\/krasspluswissing.de\/en\/wp-json\/wp\/v2\/comments?post=6462"}],"version-history":[{"count":0,"href":"https:\/\/krasspluswissing.de\/en\/wp-json\/wp\/v2\/pages\/6462\/revisions"}],"wp:attachment":[{"href":"https:\/\/krasspluswissing.de\/en\/wp-json\/wp\/v2\/media?parent=6462"}],"curies":[{"name":"wp","href":"https:\/\/api.w.org\/{rel}","templated":true}]}}