{"id":14585,"date":"2025-08-27T07:22:35","date_gmt":"2025-08-27T05:22:35","guid":{"rendered":"https:\/\/krasspluswissing.de\/?page_id=14585"},"modified":"2026-02-16T15:21:04","modified_gmt":"2026-02-16T14:21:04","slug":"biais-textile","status":"publish","type":"page","link":"https:\/\/krasspluswissing.de\/fr\/produits\/biais-textile\/","title":{"rendered":"biais textile"},"content":{"rendered":"\n\n\n\n<!-- Block-Wrapper Anfang -->\n<div id=\"header-2col-block_5e4d8708335f115cc8a76d1d990e0f01\" class=\"block block--header-2col parallax       \">\n  <div class=\" block__inner block__inner--header-2col py-3 py-md-5 \">\n<!-- \/Block-Wrapper Anfang -->\n\n    <div class=\"container\">\n      <div class=\"row\">\n        <div class=\"col-12 col-lg-6 pb-3 pb-lg-0\">\n          \n<div class=\"content__modul content__text\">\n  <h1>Biais textiles pour de multiples applications<\/h1>\n<p>Les biais sont des rubans textiles utilis\u00e9s dans la confection textile industrielle, notamment comme ruban de finition pour un bordage professionnel. Ils r\u00e9solvent un d\u00e9fi pratique en production en s\u00e9rie : border proprement les courbes, angles et formes irr\u00e9guli\u00e8res sans formation de plis. Gr\u00e2ce \u00e0 l\u2019orientation diagonale caract\u00e9ristique des fils, les biais s\u2019adaptent de mani\u00e8re flexible aux diff\u00e9rents contours tout en prot\u00e9geant les bords du tissu contre l\u2019effilochage. Dans le secteur du textile d\u2019ameublement, ils sont utilis\u00e9s pour les matelas, nappes, rideaux, coussins et autres produits textiles, o\u00f9 ils r\u00e9pondent \u00e0 des exigences \u00e0 la fois fonctionnelles et esth\u00e9tiques. Les biais sont \u00e9galement employ\u00e9s pour les textiles m\u00e9dicaux et pour de nombreux articles techniques.<\/p>\n<\/div>\n        <\/div>\n        <div class=\"col-12 col-lg-6 pb-0\">\n          <div class=\"header__img\">\n                      <\/div>\n        <\/div>\n      <\/div>\n    <\/div>\n\n<!-- Block-Wrapper Ende -->\n  <\/div><!-- .block__inner -->\n<\/div><!-- .block -->\n<!-- \/Block-Wrapper Ende -->\n\n\n\n\n\n  <style type=\"text\/css\">\n    \/* H\u00f6he *\/\n    #header-2col-block_5e4d8708335f115cc8a76d1d990e0f01 .block__inner--header-2col{\n              min-height: 90vh;\n          }\n\n    #header-2col-block_5e4d8708335f115cc8a76d1d990e0f01.parallax{\n      height: calc(90vh - 100px);\n    }\n\n    @media only screen and (max-width: 991.98px) {\n      #header-2col-block_5e4d8708335f115cc8a76d1d990e0f01.parallax{\n        height: 100vh;\n      }\n    }\n    @media only screen and (max-width: 575.98px) {\n      #header-2col-block_5e4d8708335f115cc8a76d1d990e0f01.parallax{\n        height: calc(100vh - 125px);\n      }\n    }\n\n\n          \n      \n      \n      \n          \n    \n    \/* Hintergrundbild *\/\n          #header-2col-block_5e4d8708335f115cc8a76d1d990e0f01 {\n        background-image: url(https:\/\/krasspluswissing.de\/wp-content\/uploads\/2022\/05\/Krass-Wissing-Material-Stoff-Zackenschnitt-Schraegband.jpg);\n        background-size: cover;\n        background-position: center center;\n      }\n    \n    \/* Navigationshintergrund und Verlauf *\/\n    \n\n                  #header-2col-block_5e4d8708335f115cc8a76d1d990e0f01 .block__inner {background: linear-gradient(to right, rgba(30,27,24, 0.4), rgba(0, 0, 0, 0))}\n          \n    #header-2col-block_5e4d8708335f115cc8a76d1d990e0f01{      background-color: #FFFFFF;      color: #f2f2f2;    }                  <\/style>\n\n\n\n\n\n\n  <div class=\"diagonal diagonal--above  diagonal--content-1col-block_deb58adbee021ee1b4546110eb44d4f5\"><\/div>\n\n<!-- Block-Wrapper Anfang -->\n<div id=\"content-1col-block_deb58adbee021ee1b4546110eb44d4f5\" class=\"block block--content-1col pt-5 pb-5       \">\n  <div class=\"block__inner block__inner--content-1col container \">\n    <!-- \/Block-Wrapper Anfang -->\n\n        <div class=\"content row\">\n          <div class=\"content__spalte col-12\">\n\n\n            \n              \n<div class=\"content__modul content__text\">\n  <h2>Biais \u2013 la solution pratique pour une finition professionnelle des bords<\/h2>\n<p>Dans la confection textile industrielle, le d\u00e9fi est bien connu : les mati\u00e8res tiss\u00e9es se travaillent facilement sur des bords droits, mais les courbes et les angles provoquent souvent des plis inesth\u00e9tiques. Cela s\u2019explique par la rigidit\u00e9 des fils de cha\u00eene et de trame, qui ne peuvent pas \u00e9pouser \u00e9lastiquement les formes arrondies. Pour les matelas \u00e0 coins arrondis, les coussins aux formes courbes ou les tapis automobiles \u00e0 contours sp\u00e9cifiques, cela peut entra\u00eener des probl\u00e8mes de qualit\u00e9 en production en s\u00e9rie.<\/p>\n<p><strong>Les biais<\/strong> r\u00e9solvent ce probl\u00e8me gr\u00e2ce \u00e0 leur proc\u00e9d\u00e9 de fabrication sp\u00e9cifique : un tube textile est d\u00e9coup\u00e9 en spirale \u00e0 un angle de 45 degr\u00e9s \u2013 proc\u00e9d\u00e9 appel\u00e9 \u00ab pelage \u00bb. Les fils sont ainsi orient\u00e9s en diagonale par rapport au sens du ruban, conf\u00e9rant au <strong>ruban de bordure<\/strong> une \u00e9lasticit\u00e9 longitudinale et transversale. M\u00eame les formes complexes peuvent ainsi \u00eatre bord\u00e9es proprement sans formation de plis.<\/p>\n<p>Autre avantage pour les fabricants de textile d\u2019ameublement : <strong>les biais<\/strong> prot\u00e8gent efficacement contre l\u2019effilochage et s\u2019adaptent au comportement au retrait du tissu principal lors du lavage gr\u00e2ce \u00e0 leur \u00e9lasticit\u00e9. Cela garantit une qualit\u00e9 durable m\u00eame apr\u00e8s plusieurs cycles de lavage.<\/p>\n<h2>Applications dans l\u2019industrie textile et autres secteurs<\/h2>\n<p>Dans le secteur du textile d\u2019ameublement, <strong>les biais<\/strong> sont indispensables pour le bordage en production industrielle. Lors de la fabrication de matelas, coussins ou couvre-lits, ils assurent une finition nette et peuvent \u00e9galement servir d\u2019\u00e9l\u00e9ment d\u00e9coratif renfor\u00e7ant l\u2019identit\u00e9 de marque. Les fabricants de nappes utilisent les biais pour les finitions de bords, notamment pour les formes rondes ou ovales o\u00f9 les m\u00e9thodes classiques atteignent leurs limites.<\/p>\n<p>Au-del\u00e0 du textile d\u2019ameublement, les biais trouvent de nombreuses applications : dans l\u2019industrie du rembourrage pour les housses de meubles, dans l\u2019automobile pour les \u00e9quipements int\u00e9rieurs tels que les tapis, dans le secteur m\u00e9dical pour les textiles lavables et dans les domaines techniques pour le bordage de b\u00e2ches, tentes ou \u00e9l\u00e9ments filtrants. L\u2019industrie de l\u2019habillement utilise \u00e9galement les biais pour des finitions de haute qualit\u00e9 dans la mode, les v\u00eatements professionnels et les \u00e9quipements de protection individuelle (EPI).<\/p>\n<p>Comme alternative aux <strong>biais tiss\u00e9s classiques<\/strong>, <strong>Krass+Wissing<\/strong> propose \u00e9galement des rubans de bordure \u00e9lastiques en maille cha\u00eene ou en maille tricot\u00e9e, particuli\u00e8rement adapt\u00e9s aux applications n\u00e9cessitant davantage de flexibilit\u00e9.<\/p>\n<h2>Production de biais sur mesure pour le textile d\u2019ameublement<\/h2>\n<p>Krass+Wissing d\u00e9veloppe et produit <strong>des biais<\/strong> sp\u00e9cifiquement adapt\u00e9s aux exigences du secteur de l\u2019ameublement. La production met l\u2019accent sur les caract\u00e9ristiques essentielles : <strong>adaptabilit\u00e9 optimale<\/strong> aux formes arrondies, stabilit\u00e9 dimensionnelle durable apr\u00e8s lavage et finition professionnelle pour des produits textiles haut de gamme.<\/p>\n<p>La gamme comprend diff\u00e9rentes <a title=\"Nos mat\u00e9riaux\" href=\"https:\/\/krasspluswissing.de\/materialien\/\">mati\u00e8res<\/a> telles que le coton de haute qualit\u00e9, le polyester r\u00e9sistant et des m\u00e9langes adapt\u00e9s aux exigences sp\u00e9cifiques de la confection industrielle. Les largeurs disponibles sont enti\u00e8rement personnalisables.<\/p>\n<p>En mati\u00e8re de coloris, Krass+Wissing propose des teintes standards ainsi que des <a title=\"Nos cartes couleurs\" href=\"http:\/\/krasspluswissing.de\/farbkarten\">assortiments personnalis\u00e9s<\/a> adapt\u00e9s aux tissus principaux. Les biais sont ajust\u00e9s aux m\u00eames niveaux de r\u00e9sistance au lavage et de retrait que les textiles \u00e0 border afin d\u2019\u00e9viter tout probl\u00e8me qualit\u00e9 apr\u00e8s entretien.<\/p>\n<p>La production respecte les normes de qualit\u00e9 les plus strictes avec un contr\u00f4le continu des \u00e9tapes de fabrication, garantissant une qualit\u00e9 constante et une pr\u00e9cision dimensionnelle adapt\u00e9e \u00e0 la production industrielle.<\/p>\n<h2>Mat\u00e9riaux et transformation de haute qualit\u00e9<\/h2>\n<p>La <strong>qualit\u00e9 des biais Krass+Wissing<\/strong> repose sur la s\u00e9lection rigoureuse des mati\u00e8res premi\u00e8res et sur une transformation pr\u00e9cise. Les mat\u00e9riaux sont r\u00e9guli\u00e8rement test\u00e9s afin de garantir leurs propri\u00e9t\u00e9s techniques. La fabrication sur des installations modernes assure une <strong>structure homog\u00e8ne du ruban<\/strong> et des dimensions exactes.<\/p>\n<p>Une attention particuli\u00e8re est port\u00e9e \u00e0 la stabilit\u00e9 dimensionnelle et \u00e0 la solidit\u00e9 des coloris. Les proc\u00e9d\u00e9s optimis\u00e9s garantissent une tenue durable m\u00eame en usage intensif, conform\u00e9ment aux standards industriels.<\/p>\n<h2>Approvisionnez-vous directement aupr\u00e8s du fabricant<\/h2>\n<p>En tant que fabricant exp\u00e9riment\u00e9 de biais textiles, Krass+Wissing offre l\u2019avantage d\u2019un approvisionnement direct. Cela permet des conditions \u00e9conomiques comp\u00e9titives ainsi qu\u2019une collaboration \u00e9troite dans le d\u00e9veloppement produit. Les clients b\u00e9n\u00e9ficient de circuits de communication courts, de volumes de production flexibles et de d\u00e9lais fiables.<\/p>\n<p>Des sp\u00e9cialistes exp\u00e9riment\u00e9s vous accompagnent dans le choix du biais adapt\u00e9 \u00e0 votre application. Des \u00e9chantillons peuvent \u00eatre fournis pour validation technique.<\/p>\n<p>Demandez conseil : pour une consultation compl\u00e8te, vous pouvez <a title=\"Contactez-nous d\u00e8s maintenant !\" href=\"https:\/\/krasspluswissing.de\/kontakt\/\">nous contacter<\/a> ou nous appeler directement.<\/p>\n<\/div>\n\n<div class=\"content__modul content__text\">\n  <h2>FAQ sur les biais textiles<\/h2>\n<p>Vous trouverez ici un aper\u00e7u des questions les plus fr\u00e9quentes concernant nos biais.<\/p>\n<\/div>\n\n<div class=\"content__modul content__accordion\">\n\n      <div id=\"accordion-69d64d69845f9\" class=\"accordion\">\n      \n          <div class=\"accordion__content\">\n            <div class=\"accordion__header collapsed\" id=\"heading69d64d69845f91\" data-bs-toggle=\"collapse\" data-bs-target=\"#collapse69d64d69845f91\" aria-expanded=\"true\" aria-controls=\"collapse69d64d69845f91\">\n                <div class=\"accordion__button\">\n                                    <h3 class=\"m-0\">Pourquoi les biais sont-ils plus adapt\u00e9s que les rubans coup\u00e9s droit ?<\/h3>\n                <\/div>\n            <\/div>\n\n            <div id=\"collapse69d64d69845f91\" class=\"collapse\" aria-labelledby=\"heading69d64d69845f91\" data-bs-parent=\"#accordion-69d64d69845f9\">\n              <div class=\"accordion__body\">\n\n                \n                  <div class=\"accordion__item\">\n                    <p><span class=\"NormalTextRun SCXW9367467 BCX0\">Ce n\u2019est pas une question de sup\u00e9riorit\u00e9 mais d\u2019application. Les rubans coup\u00e9s droit pr\u00e9sentent des fils rigides qui ne peuvent pas suivre les formes arrondies. Lors du bordage de matelas, tapis ou couvre-lits, cela peut provoquer plis et tensions. Les biais, gr\u00e2ce \u00e0 leur orientation diagonale des fils, s\u2019adaptent plus facilement aux formes complexes et permettent une finition professionnelle sans plis.<\/span><\/p>\n                  <\/div>\n\n                \n              <\/div>\n            <\/div>\n          <\/div>\n\n\n          \n          <div class=\"accordion__content\">\n            <div class=\"accordion__header collapsed\" id=\"heading69d64d69845f92\" data-bs-toggle=\"collapse\" data-bs-target=\"#collapse69d64d69845f92\" aria-expanded=\"true\" aria-controls=\"collapse69d64d69845f92\">\n                <div class=\"accordion__button\">\n                                    <h3 class=\"m-0\">Quelles mati\u00e8res conviennent pour les rubans de bordure ?<\/h3>\n                <\/div>\n            <\/div>\n\n            <div id=\"collapse69d64d69845f92\" class=\"collapse\" aria-labelledby=\"heading69d64d69845f92\" data-bs-parent=\"#accordion-69d64d69845f9\">\n              <div class=\"accordion__body\">\n\n                \n                  <div class=\"accordion__item\">\n                    <p><span class=\"TextRun SCXW148199618 BCX0\" lang=\"FR-FR\" xml:lang=\"FR-FR\" data-contrast=\"auto\"><span class=\"NormalTextRun SCXW148199618 BCX0\">Outre les biais tiss\u00e9s classiques, les mailles cha\u00eene ou tricot\u00e9es telles que le velours ou le satin conviennent parfaitement pour la confection industrielle. Ces rubans pr\u00e9sentent une \u00e9lasticit\u00e9 naturelle et s\u2019adaptent au comportement au lavage du textile principal.<\/span><\/span><\/p>\n                  <\/div>\n\n                \n              <\/div>\n            <\/div>\n          <\/div>\n\n\n          \n          <div class=\"accordion__content\">\n            <div class=\"accordion__header collapsed\" id=\"heading69d64d69845f93\" data-bs-toggle=\"collapse\" data-bs-target=\"#collapse69d64d69845f93\" aria-expanded=\"true\" aria-controls=\"collapse69d64d69845f93\">\n                <div class=\"accordion__button\">\n                                    <h3 class=\"m-0\">Comment fabrique-t-on un biais ?<\/h3>\n                <\/div>\n            <\/div>\n\n            <div id=\"collapse69d64d69845f93\" class=\"collapse\" aria-labelledby=\"heading69d64d69845f93\" data-bs-parent=\"#accordion-69d64d69845f9\">\n              <div class=\"accordion__body\">\n\n                \n                  <div class=\"accordion__item\">\n                    <p><span class=\"TextRun SCXW122675820 BCX0\" lang=\"FR-FR\" xml:lang=\"FR-FR\" data-contrast=\"auto\"><span class=\"NormalTextRun SCXW122675820 BCX0>Un tube textile est d\u2019abord tiss\u00e9 ou assembl\u00e9, puis d\u00e9coup\u00e9 en spirale \u00e0 45 degr\u00e9s. Cette orientation diagonale des fils conf\u00e8re au ruban son \u00e9lasticit\u00e9 caract\u00e9ristique.<\/span><\/span><\/p>\n                  <\/div>\n\n                \n              <\/div>\n            <\/div>\n          <\/div>\n\n\n          \n          <div class=\"accordion__content\">\n            <div class=\"accordion__header collapsed\" id=\"heading69d64d69845f94\" data-bs-toggle=\"collapse\" data-bs-target=\"#collapse69d64d69845f94\" aria-expanded=\"true\" aria-controls=\"collapse69d64d69845f94\">\n                <div class=\"accordion__button\">\n                                    <h3 class=\"m-0\">Les biais peuvent-ils \u00eatre assortis aux textiles d\u2019ameublement ?<\/h3>\n                <\/div>\n            <\/div>\n\n            <div id=\"collapse69d64d69845f94\" class=\"collapse\" aria-labelledby=\"heading69d64d69845f94\" data-bs-parent=\"#accordion-69d64d69845f9\">\n              <div class=\"accordion__body\">\n\n                \n                  <div class=\"accordion__item\">\n                    <p><span class=\"TextRun SCXW135842622 BCX0\" lang=\"FR-FR\" xml:lang=\"FR-FR\" data-contrast=\"auto><span class=\"NormalTextRun SCXW135842622 BCX0>Oui. Tous nos biais peuvent \u00eatre fabriqu\u00e9s et teint\u00e9s selon vos sp\u00e9cifications. Nous disposons \u00e9galement d\u2019un large stock de coloris standards ou proposons une impression personnalis\u00e9e.<\/span><\/span><\/p>\n                  <\/div>\n\n                \n              <\/div>\n            <\/div>\n          <\/div>\n\n\n          \n    <\/div>\n  \n<\/div>\n\n  <style type=\"text\/css\">\n        #accordion-69d64d69845f9 .accordion__button .accordion__icon span, #accordion-69d64d69845f9 .accordion__button .accordion__icon {  }\n    #accordion-69d64d69845f9 .accordion__header .accordion__icon { transform: scale(1) translateY(0px) }\n  <\/style>\n\n                      <\/div>\n        <\/div>\n\n\n        \n<!-- Block-Wrapper Ende -->\n      <\/div><!-- .block__inner -->\n<\/div><!-- .block -->\n<!-- \/Block-Wrapper Ende -->\n\n  <div class=\"diagonal diagonal--below  diagonal--content-1col-block_deb58adbee021ee1b4546110eb44d4f5\"><\/div>\n\n\n\n  <style type=\"text\/css\">\n    #content-1col-block_deb58adbee021ee1b4546110eb44d4f5{      background-color: #FFFFFF;          }                \n            .diagonal--content-1col-block_deb58adbee021ee1b4546110eb44d4f5  { background-color: #FFFFFF }\n    \n    #content-1col-block_deb58adbee021ee1b4546110eb44d4f5{ z-index: 0 }\n  <\/style>\n\n","protected":false},"excerpt":{"rendered":"","protected":false},"author":2,"featured_media":0,"parent":9087,"menu_order":0,"comment_status":"closed","ping_status":"closed","template":"","meta":{"_acf_changed":false,"protect_children":false,"_relevanssi_hide_post":"","_relevanssi_pin_for_all":"","_relevanssi_pin_keywords":"","_relevanssi_unpin_keywords":"","_relevanssi_related_keywords":"","_relevanssi_related_include_ids":"","_relevanssi_related_exclude_ids":"","_relevanssi_related_no_append":"","_relevanssi_related_not_related":"","_relevanssi_related_posts":"","_relevanssi_noindex_reason":"","footnotes":""},"class_list":["post-14585","page","type-page","status-publish","hentry"],"acf":[],"yoast_head":"<!-- This site is optimized with the Yoast SEO Premium plugin v27.1 (Yoast SEO v27.3) - https:\/\/yoast.com\/product\/yoast-seo-premium-wordpress\/ -->\n<title>Fabricant de biais textile industriel | Krass+Wissing<\/title>\n<meta name=\"description\" content=\"Biais textiles industriels pour un bordage propre et durable. Largeurs, mati\u00e8res et coloris sur mesure pour ameublement et applications techniques.\" \/>\n<meta name=\"robots\" content=\"index, follow, max-snippet:-1, max-image-preview:large, max-video-preview:-1\" \/>\n<link rel=\"canonical\" href=\"https:\/\/krasspluswissing.de\/fr\/produits\/biais-textile\/\" \/>\n<meta property=\"og:locale\" content=\"fr_FR\" \/>\n<meta property=\"og:type\" content=\"article\" \/>\n<meta property=\"og:title\" content=\"biais textile\" \/>\n<meta property=\"og:description\" content=\"Biais textiles industriels pour un bordage propre et durable. Largeurs, mati\u00e8res et coloris sur mesure pour ameublement et applications techniques.\" \/>\n<meta property=\"og:url\" content=\"https:\/\/krasspluswissing.de\/fr\/produits\/biais-textile\/\" \/>\n<meta property=\"og:site_name\" content=\"Krass + Wissing\" \/>\n<meta property=\"article:modified_time\" content=\"2026-02-16T14:21:04+00:00\" \/>\n<meta name=\"twitter:card\" content=\"summary_large_image\" \/>\n<meta name=\"twitter:label1\" content=\"Dur\u00e9e de lecture estim\u00e9e\" \/>\n\t<meta name=\"twitter:data1\" content=\"7 minutes\" \/>\n<script type=\"application\/ld+json\" class=\"yoast-schema-graph\">{\"@context\":\"https:\\\/\\\/schema.org\",\"@graph\":[{\"@type\":\"WebPage\",\"@id\":\"https:\\\/\\\/krasspluswissing.de\\\/fr\\\/produits\\\/biais-textile\\\/\",\"url\":\"https:\\\/\\\/krasspluswissing.de\\\/fr\\\/produits\\\/biais-textile\\\/\",\"name\":\"Fabricant de biais textile industriel | Krass+Wissing\",\"isPartOf\":{\"@id\":\"https:\\\/\\\/krasspluswissing.de\\\/fr\\\/#website\"},\"datePublished\":\"2025-08-27T05:22:35+00:00\",\"dateModified\":\"2026-02-16T14:21:04+00:00\",\"description\":\"Biais textiles industriels pour un bordage propre et durable. Largeurs, mati\u00e8res et coloris sur mesure pour ameublement et applications techniques.\",\"breadcrumb\":{\"@id\":\"https:\\\/\\\/krasspluswissing.de\\\/fr\\\/produits\\\/biais-textile\\\/#breadcrumb\"},\"inLanguage\":\"fr-FR\",\"potentialAction\":[{\"@type\":\"ReadAction\",\"target\":[\"https:\\\/\\\/krasspluswissing.de\\\/fr\\\/produits\\\/biais-textile\\\/\"]}]},{\"@type\":\"BreadcrumbList\",\"@id\":\"https:\\\/\\\/krasspluswissing.de\\\/fr\\\/produits\\\/biais-textile\\\/#breadcrumb\",\"itemListElement\":[{\"@type\":\"ListItem\",\"position\":1,\"name\":\"Startseite\",\"item\":\"https:\\\/\\\/krasspluswissing.de\\\/fr\\\/\"},{\"@type\":\"ListItem\",\"position\":2,\"name\":\"Produits\",\"item\":\"https:\\\/\\\/krasspluswissing.de\\\/fr\\\/produits\\\/\"},{\"@type\":\"ListItem\",\"position\":3,\"name\":\"biais textile\"}]},{\"@type\":\"WebSite\",\"@id\":\"https:\\\/\\\/krasspluswissing.de\\\/fr\\\/#website\",\"url\":\"https:\\\/\\\/krasspluswissing.de\\\/fr\\\/\",\"name\":\"Krass + Wissing\",\"description\":\"Textile B\u00e4nder\",\"publisher\":{\"@id\":\"https:\\\/\\\/krasspluswissing.de\\\/fr\\\/#organization\"},\"alternateName\":\"Krass & Wissing\",\"potentialAction\":[{\"@type\":\"SearchAction\",\"target\":{\"@type\":\"EntryPoint\",\"urlTemplate\":\"https:\\\/\\\/krasspluswissing.de\\\/fr\\\/?s={search_term_string}\"},\"query-input\":{\"@type\":\"PropertyValueSpecification\",\"valueRequired\":true,\"valueName\":\"search_term_string\"}}],\"inLanguage\":\"fr-FR\"},{\"@type\":\"Organization\",\"@id\":\"https:\\\/\\\/krasspluswissing.de\\\/fr\\\/#organization\",\"name\":\"Krass+Wissing\",\"alternateName\":\"Krass&Wissing\",\"url\":\"https:\\\/\\\/krasspluswissing.de\\\/fr\\\/\",\"logo\":{\"@type\":\"ImageObject\",\"inLanguage\":\"fr-FR\",\"@id\":\"https:\\\/\\\/krasspluswissing.de\\\/fr\\\/#\\\/schema\\\/logo\\\/image\\\/\",\"url\":\"https:\\\/\\\/krasspluswissing.de\\\/wp-content\\\/uploads\\\/2022\\\/10\\\/KW_Logo_since_1958.png\",\"contentUrl\":\"https:\\\/\\\/krasspluswissing.de\\\/wp-content\\\/uploads\\\/2022\\\/10\\\/KW_Logo_since_1958.png\",\"width\":1684,\"height\":378,\"caption\":\"Krass+Wissing\"},\"image\":{\"@id\":\"https:\\\/\\\/krasspluswissing.de\\\/fr\\\/#\\\/schema\\\/logo\\\/image\\\/\"}}]}<\/script>\n<!-- \/ Yoast SEO Premium plugin. -->","yoast_head_json":{"title":"Fabricant de biais textile industriel | Krass+Wissing","description":"Biais textiles industriels pour un bordage propre et durable. Largeurs, mati\u00e8res et coloris sur mesure pour ameublement et applications techniques.","robots":{"index":"index","follow":"follow","max-snippet":"max-snippet:-1","max-image-preview":"max-image-preview:large","max-video-preview":"max-video-preview:-1"},"canonical":"https:\/\/krasspluswissing.de\/fr\/produits\/biais-textile\/","og_locale":"fr_FR","og_type":"article","og_title":"biais textile","og_description":"Biais textiles industriels pour un bordage propre et durable. Largeurs, mati\u00e8res et coloris sur mesure pour ameublement et applications techniques.","og_url":"https:\/\/krasspluswissing.de\/fr\/produits\/biais-textile\/","og_site_name":"Krass + Wissing","article_modified_time":"2026-02-16T14:21:04+00:00","twitter_card":"summary_large_image","twitter_misc":{"Dur\u00e9e de lecture estim\u00e9e":"7 minutes"},"schema":{"@context":"https:\/\/schema.org","@graph":[{"@type":"WebPage","@id":"https:\/\/krasspluswissing.de\/fr\/produits\/biais-textile\/","url":"https:\/\/krasspluswissing.de\/fr\/produits\/biais-textile\/","name":"Fabricant de biais textile industriel | Krass+Wissing","isPartOf":{"@id":"https:\/\/krasspluswissing.de\/fr\/#website"},"datePublished":"2025-08-27T05:22:35+00:00","dateModified":"2026-02-16T14:21:04+00:00","description":"Biais textiles industriels pour un bordage propre et durable. Largeurs, mati\u00e8res et coloris sur mesure pour ameublement et applications techniques.","breadcrumb":{"@id":"https:\/\/krasspluswissing.de\/fr\/produits\/biais-textile\/#breadcrumb"},"inLanguage":"fr-FR","potentialAction":[{"@type":"ReadAction","target":["https:\/\/krasspluswissing.de\/fr\/produits\/biais-textile\/"]}]},{"@type":"BreadcrumbList","@id":"https:\/\/krasspluswissing.de\/fr\/produits\/biais-textile\/#breadcrumb","itemListElement":[{"@type":"ListItem","position":1,"name":"Startseite","item":"https:\/\/krasspluswissing.de\/fr\/"},{"@type":"ListItem","position":2,"name":"Produits","item":"https:\/\/krasspluswissing.de\/fr\/produits\/"},{"@type":"ListItem","position":3,"name":"biais textile"}]},{"@type":"WebSite","@id":"https:\/\/krasspluswissing.de\/fr\/#website","url":"https:\/\/krasspluswissing.de\/fr\/","name":"Krass + Wissing","description":"Textile B\u00e4nder","publisher":{"@id":"https:\/\/krasspluswissing.de\/fr\/#organization"},"alternateName":"Krass & Wissing","potentialAction":[{"@type":"SearchAction","target":{"@type":"EntryPoint","urlTemplate":"https:\/\/krasspluswissing.de\/fr\/?s={search_term_string}"},"query-input":{"@type":"PropertyValueSpecification","valueRequired":true,"valueName":"search_term_string"}}],"inLanguage":"fr-FR"},{"@type":"Organization","@id":"https:\/\/krasspluswissing.de\/fr\/#organization","name":"Krass+Wissing","alternateName":"Krass&Wissing","url":"https:\/\/krasspluswissing.de\/fr\/","logo":{"@type":"ImageObject","inLanguage":"fr-FR","@id":"https:\/\/krasspluswissing.de\/fr\/#\/schema\/logo\/image\/","url":"https:\/\/krasspluswissing.de\/wp-content\/uploads\/2022\/10\/KW_Logo_since_1958.png","contentUrl":"https:\/\/krasspluswissing.de\/wp-content\/uploads\/2022\/10\/KW_Logo_since_1958.png","width":1684,"height":378,"caption":"Krass+Wissing"},"image":{"@id":"https:\/\/krasspluswissing.de\/fr\/#\/schema\/logo\/image\/"}}]}},"_links":{"self":[{"href":"https:\/\/krasspluswissing.de\/fr\/wp-json\/wp\/v2\/pages\/14585","targetHints":{"allow":["GET"]}}],"collection":[{"href":"https:\/\/krasspluswissing.de\/fr\/wp-json\/wp\/v2\/pages"}],"about":[{"href":"https:\/\/krasspluswissing.de\/fr\/wp-json\/wp\/v2\/types\/page"}],"author":[{"embeddable":true,"href":"https:\/\/krasspluswissing.de\/fr\/wp-json\/wp\/v2\/users\/2"}],"replies":[{"embeddable":true,"href":"https:\/\/krasspluswissing.de\/fr\/wp-json\/wp\/v2\/comments?post=14585"}],"version-history":[{"count":1,"href":"https:\/\/krasspluswissing.de\/fr\/wp-json\/wp\/v2\/pages\/14585\/revisions"}],"predecessor-version":[{"id":14586,"href":"https:\/\/krasspluswissing.de\/fr\/wp-json\/wp\/v2\/pages\/14585\/revisions\/14586"}],"up":[{"embeddable":true,"href":"https:\/\/krasspluswissing.de\/fr\/wp-json\/wp\/v2\/pages\/9087"}],"wp:attachment":[{"href":"https:\/\/krasspluswissing.de\/fr\/wp-json\/wp\/v2\/media?parent=14585"}],"curies":[{"name":"wp","href":"https:\/\/api.w.org\/{rel}","templated":true}]}}