{"id":14628,"date":"2026-02-09T16:15:53","date_gmt":"2026-02-09T15:15:53","guid":{"rendered":"https:\/\/krasspluswissing.de\/produits\/bedruckte-baender\/"},"modified":"2026-02-19T13:37:42","modified_gmt":"2026-02-19T12:37:42","slug":"rubans-imprimes","status":"publish","type":"page","link":"https:\/\/krasspluswissing.de\/fr\/produits\/rubans-imprimes\/","title":{"rendered":"Rubans imprim\u00e9s"},"content":{"rendered":"\n\n\n\n<!-- Block-Wrapper Anfang -->\n<div id=\"header-2col-block_f820ba8a243d4a0ca6df1dd17b6c56b1\" class=\"block block--header-2col parallax       \">\n  <div class=\" block__inner block__inner--header-2col py-3 py-md-5 \">\n<!-- \/Block-Wrapper Anfang -->\n\n    <div class=\"container\">\n      <div class=\"row\">\n        <div class=\"col-12 col-lg-6 pb-3 pb-lg-0\">\n          \n<div class=\"content__modul content__text\">\n  <h1>Rubans imprim\u00e9s<\/h1>\n<h3>Design personnalis\u00e9 et message de marque directement int\u00e9gr\u00e9 au textile<\/h3>\n<p>Les rubans imprim\u00e9s rendent les produits textiles <strong>uniques<\/strong>. Ils transmettent le design, la marque et l\u2019identit\u00e9 l\u00e0 o\u00f9 ils sont visibles et durablement int\u00e9gr\u00e9s : directement dans le ruban. Les couleurs, motifs, logos ou inscriptions ne sont pas simplement appliqu\u00e9s, mais solidement int\u00e9gr\u00e9s au composant textile \u2013 pour une apparence personnalis\u00e9e et une reconnaissance claire de la marque.<\/p>\n<\/div>\n        <\/div>\n        <div class=\"col-12 col-lg-6 pb-0\">\n          <div class=\"header__img\">\n                      <\/div>\n        <\/div>\n      <\/div>\n    <\/div>\n\n<!-- Block-Wrapper Ende -->\n  <\/div><!-- .block__inner -->\n<\/div><!-- .block -->\n<!-- \/Block-Wrapper Ende -->\n\n\n\n\n\n  <style type=\"text\/css\">\n    \/* H\u00f6he *\/\n    #header-2col-block_f820ba8a243d4a0ca6df1dd17b6c56b1 .block__inner--header-2col{\n              min-height: 90vh;\n          }\n\n    #header-2col-block_f820ba8a243d4a0ca6df1dd17b6c56b1.parallax{\n      height: calc(90vh - 100px);\n    }\n\n    @media only screen and (max-width: 991.98px) {\n      #header-2col-block_f820ba8a243d4a0ca6df1dd17b6c56b1.parallax{\n        height: 100vh;\n      }\n    }\n    @media only screen and (max-width: 575.98px) {\n      #header-2col-block_f820ba8a243d4a0ca6df1dd17b6c56b1.parallax{\n        height: calc(100vh - 125px);\n      }\n    }\n\n\n          \n      \n      \n      \n          \n    \n    \/* Hintergrundbild *\/\n          #header-2col-block_f820ba8a243d4a0ca6df1dd17b6c56b1 {\n        background-image: url(https:\/\/krasspluswissing.de\/wp-content\/uploads\/2026\/02\/image.jpeg);\n        background-size: cover;\n        background-position: center center;\n      }\n    \n    \/* Navigationshintergrund und Verlauf *\/\n    \n\n                  #header-2col-block_f820ba8a243d4a0ca6df1dd17b6c56b1 .block__inner {background: linear-gradient(to right, rgba(30,27,24, 0.6), rgba(0, 0, 0, 0))}\n          \n    #header-2col-block_f820ba8a243d4a0ca6df1dd17b6c56b1{      background-color: #FFFFFF;      color: #f2f2f2;    }                  <\/style>\n\n\n\n\n  <div class=\"diagonal diagonal--above  diagonal--content-1col-block_7cccac769fea70377767e8cf5439076c\"><\/div>\n\n<!-- Block-Wrapper Anfang -->\n<div id=\"content-1col-block_7cccac769fea70377767e8cf5439076c\" class=\"block block--content-1col pt-5 pb-1       \">\n  <div class=\"block__inner block__inner--content-1col container \">\n    <!-- \/Block-Wrapper Anfang -->\n\n        <div class=\"content row\">\n          <div class=\"content__spalte col-12\">\n\n\n            \n              \n<div class=\"content__modul content__text\">\n  <h2>Une conception personnalis\u00e9e plut\u00f4t qu\u2019une solution standard<\/h2>\n<p>Contrairement aux rubans neutres ou unis, les versions imprim\u00e9es permettent une conception enti\u00e8rement personnalis\u00e9e. Le ruban devient le support du message de la marque et peut \u00eatre pr\u00e9cis\u00e9ment adapt\u00e9 au design du produit final. Qu\u2019il s\u2019agisse de solutions ton sur ton discr\u00e8tes ou d\u2019\u00e9l\u00e9ments visuels volontairement marqu\u00e9s \u2013 l\u2019impression conf\u00e8re du caract\u00e8re au textile et le rend unique.<\/p>\n<p>Il ne s\u2019agit pas d\u2019un effet \u00e0 court terme, mais d\u2019une identit\u00e9 visuelle durable, pr\u00e9serv\u00e9e m\u00eame en cas de sollicitation.<\/p>\n<h2>Mat\u00e9riau, impression et rendu comme unit\u00e9 coh\u00e9rente<\/h2>\n<p>Pour que les rubans imprim\u00e9s d\u00e9ploient pleinement leur effet, le mat\u00e9riau, le visuel d\u2019impression et la transformation doivent \u00eatre parfaitement harmonis\u00e9s. Les diff\u00e9rentes bases textiles \u2013 rubans tiss\u00e9s, maille cha\u00eene ou maille tricot\u00e9e \u2013 influencent le toucher, l\u2019aspect et le rendu final. L\u2019impression est donc toujours adapt\u00e9e au mat\u00e9riau afin de garantir des couleurs nettes, des lignes pr\u00e9cises et un rendu haut de gamme, m\u00eame apr\u00e8s transformation et utilisation.<\/p>\n<p>L\u2019impression n\u2019est pas un ajout ult\u00e9rieur, mais une partie int\u00e9grante du ruban.<\/p>\n<h2>Durabilit\u00e9 et s\u00e9curit\u00e9 de transformation<\/h2>\n<p>Au-del\u00e0 de l\u2019impact visuel, la qualit\u00e9 technique joue un r\u00f4le d\u00e9terminant. Les rubans imprim\u00e9s doivent pouvoir \u00eatre transform\u00e9s de mani\u00e8re fiable et conserver leur design sous contrainte m\u00e9canique. Ils sont donc con\u00e7us pour assurer un guidage r\u00e9gulier, une confection reproductible et une couture s\u00fbre.<\/p>\n<p>Un autre aspect central est la <strong>r\u00e9sistance \u00e0 l\u2019entretien et au nettoyage<\/strong>. Selon le produit final et le domaine d\u2019application, les exigences varient consid\u00e9rablement. Avec le client, il est d\u00e9fini \u00e0 quelles contraintes l\u2019impression doit r\u00e9sister \u2013 d\u2019un entretien d\u00e9licat \u00e0 30 \u00b0C ou au lavage \u00e0 la main jusqu\u2019\u00e0 la <strong>r\u00e9sistance \u00e0 l\u2019\u00e9bullition et l\u2019aptitude aux processus de nettoyage industriels<\/strong>. Le mat\u00e9riau, le proc\u00e9d\u00e9 d\u2019impression et la construction des couleurs sont coordonn\u00e9s en cons\u00e9quence afin de pr\u00e9server design et fonctionnalit\u00e9 pendant toute la dur\u00e9e de vie du produit.<\/p>\n<\/div>\n\n                      <\/div>\n        <\/div>\n\n\n        \n<!-- Block-Wrapper Ende -->\n      <\/div><!-- .block__inner -->\n<\/div><!-- .block -->\n<!-- \/Block-Wrapper Ende -->\n\n\n\n\n  <style type=\"text\/css\">\n    #content-1col-block_7cccac769fea70377767e8cf5439076c{      background-color: #FFFFFF;          }                \n            .diagonal--content-1col-block_7cccac769fea70377767e8cf5439076c  { background-color: #FFFFFF }\n    \n    #content-1col-block_7cccac769fea70377767e8cf5439076c{ z-index: 0 }\n  <\/style>\n\n\n\n\n<!-- Block-Wrapper Anfang -->\n<div id=\"content-2col-block_29bd0e17d3f7dea4b5c0cbcbec69b35d\" class=\"block block--content-2col  pt-1 pb-5       \">\n    <div class=\"block__inner block__inner--content-2col container \">\n    <!-- \/Block-Wrapper Anfang -->\n\n\n\n        <div class=\"content row align-items-center justify-content-between\">\n          <div class=\"content__spalte content__spalte--1 col-12 col-lg-6 pb-3 pb-lg-0\">\n            \n<div class=\"content__modul content__text\">\n  <h2>Solutions personnalis\u00e9es pour la production en s\u00e9rie et les applications sp\u00e9ciales<\/h2>\n<p>Les rubans imprim\u00e9s conviennent aussi bien aux produits en s\u00e9rie qu\u2019aux applications sp\u00e9cifiques. Ils peuvent \u00eatre combin\u00e9s avec des \u00e9tapes de transformation suppl\u00e9mentaires telles que la d\u00e9coupe, le pliage ou la confection et sont disponibles dans diff\u00e9rents formats \u2013 du m\u00e9trage continu aux longueurs d\u00e9finies. Il en r\u00e9sulte des solutions convaincantes sur le plan esth\u00e9tique et pouvant \u00eatre int\u00e9gr\u00e9es de mani\u00e8re \u00e9conomiquement pertinente dans les processus existants.<\/p>\n<h2>Domaines d\u2019application typiques<\/h2>\n<p>Les rubans imprim\u00e9s de tout type trouvent leur application dans de nombreux domaines de la transformation textile, notamment :<\/p>\n<ul>\n<li>bords de matelas et toppers<\/li>\n<li>textiles d\u2019ameublement<\/li>\n<li>industrie de l\u2019habillement<\/li>\n<li>textiles techniques<\/li>\n<li>applications m\u00e9dicales<\/li>\n<li>solutions sp\u00e9cifiques<\/li>\n<\/ul>\n<\/div>\n\n<div class=\"content__modul content__text\">\n  <h2>En r\u00e9sum\u00e9<\/h2>\n<p>Les rubans imprim\u00e9s de Krass+Wissing associent design, reconnaissance de marque et qualit\u00e9. Ils personnalisent les produits textiles, transmettent les messages de marque directement dans le mat\u00e9riau et peuvent \u00eatre int\u00e9gr\u00e9s de mani\u00e8re fiable aux processus industriels.<\/p>\n<\/div>\n          <\/div>\n          <div class=\"content__spalte content__spalte--2 col-12 col-lg-6 pb-0\">\n            \n\n  <div class=\"content__modul content__img content__img--free\">\n     \n      <img decoding=\"async\" src=\"https:\/\/krasspluswissing.de\/wp-content\/uploads\/2022\/03\/flexo-druck-banddruck-einfassband-schraegband-bias-krass-wissing.png\" alt=\"Banddruck Drucken Flexodruck\">\n            <\/div>\n\n          <\/div>\n        <\/div>\n\n\n<!-- Block-Wrapper Ende -->\n      <\/div><!-- .block__inner -->\n<\/div><!-- .block -->\n<!-- \/Block-Wrapper Ende -->\n\n  <div class=\"diagonal diagonal--below diagonal--content-2col-block_29bd0e17d3f7dea4b5c0cbcbec69b35d\"><\/div>\n\n  <style type=\"text\/css\">\n    #content-2col-block_29bd0e17d3f7dea4b5c0cbcbec69b35d{      background-color: #FFFFFF;          }                        \n            .diagonal--content-2col-block_29bd0e17d3f7dea4b5c0cbcbec69b35d  { background-color: #FFFFFF }\n    \n    #content-2col-block_29bd0e17d3f7dea4b5c0cbcbec69b35d{ z-index: 0 }\n  <\/style>\n","protected":false},"excerpt":{"rendered":"","protected":false},"author":2,"featured_media":0,"parent":9087,"menu_order":0,"comment_status":"closed","ping_status":"closed","template":"","meta":{"_acf_changed":false,"protect_children":false,"_relevanssi_hide_post":"","_relevanssi_pin_for_all":"","_relevanssi_pin_keywords":"","_relevanssi_unpin_keywords":"","_relevanssi_related_keywords":"","_relevanssi_related_include_ids":"","_relevanssi_related_exclude_ids":"","_relevanssi_related_no_append":"","_relevanssi_related_not_related":"","_relevanssi_related_posts":"10214","_relevanssi_noindex_reason":"","footnotes":""},"class_list":["post-14628","page","type-page","status-publish","hentry"],"acf":[],"yoast_head":"<!-- This site is optimized with the Yoast SEO Premium plugin v27.1 (Yoast SEO v27.4) - https:\/\/yoast.com\/product\/yoast-seo-premium-wordpress\/ -->\n<title>Fabricant de rubans imprim\u00e9s | Marquage textile | Krass+Wissing<\/title>\n<meta name=\"description\" content=\"Rubans imprim\u00e9s personnalis\u00e9s pour produits textiles. Impression durable, qualit\u00e9 pr\u00e9cise et int\u00e9gration fiable dans les processus industriels.\" \/>\n<meta name=\"robots\" content=\"index, follow, max-snippet:-1, max-image-preview:large, max-video-preview:-1\" \/>\n<link rel=\"canonical\" href=\"https:\/\/krasspluswissing.de\/fr\/produits\/rubans-imprimes\/\" \/>\n<meta property=\"og:locale\" content=\"fr_FR\" \/>\n<meta property=\"og:type\" content=\"article\" \/>\n<meta property=\"og:title\" content=\"Rubans imprim\u00e9s\" \/>\n<meta property=\"og:description\" content=\"Rubans imprim\u00e9s personnalis\u00e9s pour produits textiles. Impression durable, qualit\u00e9 pr\u00e9cise et int\u00e9gration fiable dans les processus industriels.\" \/>\n<meta property=\"og:url\" content=\"https:\/\/krasspluswissing.de\/fr\/produits\/rubans-imprimes\/\" \/>\n<meta property=\"og:site_name\" content=\"Krass + Wissing\" \/>\n<meta property=\"article:modified_time\" content=\"2026-02-19T12:37:42+00:00\" \/>\n<meta name=\"twitter:card\" content=\"summary_large_image\" \/>\n<meta name=\"twitter:label1\" content=\"Dur\u00e9e de lecture estim\u00e9e\" \/>\n\t<meta name=\"twitter:data1\" content=\"4 minutes\" \/>\n<script type=\"application\/ld+json\" class=\"yoast-schema-graph\">{\"@context\":\"https:\\\/\\\/schema.org\",\"@graph\":[{\"@type\":\"WebPage\",\"@id\":\"https:\\\/\\\/krasspluswissing.de\\\/fr\\\/produits\\\/rubans-imprimes\\\/\",\"url\":\"https:\\\/\\\/krasspluswissing.de\\\/fr\\\/produits\\\/rubans-imprimes\\\/\",\"name\":\"Fabricant de rubans imprim\u00e9s | Marquage textile | Krass+Wissing\",\"isPartOf\":{\"@id\":\"https:\\\/\\\/krasspluswissing.de\\\/fr\\\/#website\"},\"datePublished\":\"2026-02-09T15:15:53+00:00\",\"dateModified\":\"2026-02-19T12:37:42+00:00\",\"description\":\"Rubans imprim\u00e9s personnalis\u00e9s pour produits textiles. Impression durable, qualit\u00e9 pr\u00e9cise et int\u00e9gration fiable dans les processus industriels.\",\"breadcrumb\":{\"@id\":\"https:\\\/\\\/krasspluswissing.de\\\/fr\\\/produits\\\/rubans-imprimes\\\/#breadcrumb\"},\"inLanguage\":\"fr-FR\",\"potentialAction\":[{\"@type\":\"ReadAction\",\"target\":[\"https:\\\/\\\/krasspluswissing.de\\\/fr\\\/produits\\\/rubans-imprimes\\\/\"]}]},{\"@type\":\"BreadcrumbList\",\"@id\":\"https:\\\/\\\/krasspluswissing.de\\\/fr\\\/produits\\\/rubans-imprimes\\\/#breadcrumb\",\"itemListElement\":[{\"@type\":\"ListItem\",\"position\":1,\"name\":\"Startseite\",\"item\":\"https:\\\/\\\/krasspluswissing.de\\\/fr\\\/\"},{\"@type\":\"ListItem\",\"position\":2,\"name\":\"Produits\",\"item\":\"https:\\\/\\\/krasspluswissing.de\\\/fr\\\/produits\\\/\"},{\"@type\":\"ListItem\",\"position\":3,\"name\":\"Rubans imprim\u00e9s\"}]},{\"@type\":\"WebSite\",\"@id\":\"https:\\\/\\\/krasspluswissing.de\\\/fr\\\/#website\",\"url\":\"https:\\\/\\\/krasspluswissing.de\\\/fr\\\/\",\"name\":\"Krass + Wissing\",\"description\":\"Textile B\u00e4nder\",\"publisher\":{\"@id\":\"https:\\\/\\\/krasspluswissing.de\\\/fr\\\/#organization\"},\"alternateName\":\"Krass & Wissing\",\"potentialAction\":[{\"@type\":\"SearchAction\",\"target\":{\"@type\":\"EntryPoint\",\"urlTemplate\":\"https:\\\/\\\/krasspluswissing.de\\\/fr\\\/?s={search_term_string}\"},\"query-input\":{\"@type\":\"PropertyValueSpecification\",\"valueRequired\":true,\"valueName\":\"search_term_string\"}}],\"inLanguage\":\"fr-FR\"},{\"@type\":\"Organization\",\"@id\":\"https:\\\/\\\/krasspluswissing.de\\\/fr\\\/#organization\",\"name\":\"Krass+Wissing\",\"alternateName\":\"Krass&Wissing\",\"url\":\"https:\\\/\\\/krasspluswissing.de\\\/fr\\\/\",\"logo\":{\"@type\":\"ImageObject\",\"inLanguage\":\"fr-FR\",\"@id\":\"https:\\\/\\\/krasspluswissing.de\\\/fr\\\/#\\\/schema\\\/logo\\\/image\\\/\",\"url\":\"https:\\\/\\\/krasspluswissing.de\\\/wp-content\\\/uploads\\\/2022\\\/10\\\/KW_Logo_since_1958.png\",\"contentUrl\":\"https:\\\/\\\/krasspluswissing.de\\\/wp-content\\\/uploads\\\/2022\\\/10\\\/KW_Logo_since_1958.png\",\"width\":1684,\"height\":378,\"caption\":\"Krass+Wissing\"},\"image\":{\"@id\":\"https:\\\/\\\/krasspluswissing.de\\\/fr\\\/#\\\/schema\\\/logo\\\/image\\\/\"}}]}<\/script>\n<!-- \/ Yoast SEO Premium plugin. -->","yoast_head_json":{"title":"Fabricant de rubans imprim\u00e9s | Marquage textile | Krass+Wissing","description":"Rubans imprim\u00e9s personnalis\u00e9s pour produits textiles. Impression durable, qualit\u00e9 pr\u00e9cise et int\u00e9gration fiable dans les processus industriels.","robots":{"index":"index","follow":"follow","max-snippet":"max-snippet:-1","max-image-preview":"max-image-preview:large","max-video-preview":"max-video-preview:-1"},"canonical":"https:\/\/krasspluswissing.de\/fr\/produits\/rubans-imprimes\/","og_locale":"fr_FR","og_type":"article","og_title":"Rubans imprim\u00e9s","og_description":"Rubans imprim\u00e9s personnalis\u00e9s pour produits textiles. Impression durable, qualit\u00e9 pr\u00e9cise et int\u00e9gration fiable dans les processus industriels.","og_url":"https:\/\/krasspluswissing.de\/fr\/produits\/rubans-imprimes\/","og_site_name":"Krass + Wissing","article_modified_time":"2026-02-19T12:37:42+00:00","twitter_card":"summary_large_image","twitter_misc":{"Dur\u00e9e de lecture estim\u00e9e":"4 minutes"},"schema":{"@context":"https:\/\/schema.org","@graph":[{"@type":"WebPage","@id":"https:\/\/krasspluswissing.de\/fr\/produits\/rubans-imprimes\/","url":"https:\/\/krasspluswissing.de\/fr\/produits\/rubans-imprimes\/","name":"Fabricant de rubans imprim\u00e9s | Marquage textile | Krass+Wissing","isPartOf":{"@id":"https:\/\/krasspluswissing.de\/fr\/#website"},"datePublished":"2026-02-09T15:15:53+00:00","dateModified":"2026-02-19T12:37:42+00:00","description":"Rubans imprim\u00e9s personnalis\u00e9s pour produits textiles. Impression durable, qualit\u00e9 pr\u00e9cise et int\u00e9gration fiable dans les processus industriels.","breadcrumb":{"@id":"https:\/\/krasspluswissing.de\/fr\/produits\/rubans-imprimes\/#breadcrumb"},"inLanguage":"fr-FR","potentialAction":[{"@type":"ReadAction","target":["https:\/\/krasspluswissing.de\/fr\/produits\/rubans-imprimes\/"]}]},{"@type":"BreadcrumbList","@id":"https:\/\/krasspluswissing.de\/fr\/produits\/rubans-imprimes\/#breadcrumb","itemListElement":[{"@type":"ListItem","position":1,"name":"Startseite","item":"https:\/\/krasspluswissing.de\/fr\/"},{"@type":"ListItem","position":2,"name":"Produits","item":"https:\/\/krasspluswissing.de\/fr\/produits\/"},{"@type":"ListItem","position":3,"name":"Rubans imprim\u00e9s"}]},{"@type":"WebSite","@id":"https:\/\/krasspluswissing.de\/fr\/#website","url":"https:\/\/krasspluswissing.de\/fr\/","name":"Krass + Wissing","description":"Textile B\u00e4nder","publisher":{"@id":"https:\/\/krasspluswissing.de\/fr\/#organization"},"alternateName":"Krass & Wissing","potentialAction":[{"@type":"SearchAction","target":{"@type":"EntryPoint","urlTemplate":"https:\/\/krasspluswissing.de\/fr\/?s={search_term_string}"},"query-input":{"@type":"PropertyValueSpecification","valueRequired":true,"valueName":"search_term_string"}}],"inLanguage":"fr-FR"},{"@type":"Organization","@id":"https:\/\/krasspluswissing.de\/fr\/#organization","name":"Krass+Wissing","alternateName":"Krass&Wissing","url":"https:\/\/krasspluswissing.de\/fr\/","logo":{"@type":"ImageObject","inLanguage":"fr-FR","@id":"https:\/\/krasspluswissing.de\/fr\/#\/schema\/logo\/image\/","url":"https:\/\/krasspluswissing.de\/wp-content\/uploads\/2022\/10\/KW_Logo_since_1958.png","contentUrl":"https:\/\/krasspluswissing.de\/wp-content\/uploads\/2022\/10\/KW_Logo_since_1958.png","width":1684,"height":378,"caption":"Krass+Wissing"},"image":{"@id":"https:\/\/krasspluswissing.de\/fr\/#\/schema\/logo\/image\/"}}]}},"_links":{"self":[{"href":"https:\/\/krasspluswissing.de\/fr\/wp-json\/wp\/v2\/pages\/14628","targetHints":{"allow":["GET"]}}],"collection":[{"href":"https:\/\/krasspluswissing.de\/fr\/wp-json\/wp\/v2\/pages"}],"about":[{"href":"https:\/\/krasspluswissing.de\/fr\/wp-json\/wp\/v2\/types\/page"}],"author":[{"embeddable":true,"href":"https:\/\/krasspluswissing.de\/fr\/wp-json\/wp\/v2\/users\/2"}],"replies":[{"embeddable":true,"href":"https:\/\/krasspluswissing.de\/fr\/wp-json\/wp\/v2\/comments?post=14628"}],"version-history":[{"count":3,"href":"https:\/\/krasspluswissing.de\/fr\/wp-json\/wp\/v2\/pages\/14628\/revisions"}],"predecessor-version":[{"id":14643,"href":"https:\/\/krasspluswissing.de\/fr\/wp-json\/wp\/v2\/pages\/14628\/revisions\/14643"}],"up":[{"embeddable":true,"href":"https:\/\/krasspluswissing.de\/fr\/wp-json\/wp\/v2\/pages\/9087"}],"wp:attachment":[{"href":"https:\/\/krasspluswissing.de\/fr\/wp-json\/wp\/v2\/media?parent=14628"}],"curies":[{"name":"wp","href":"https:\/\/api.w.org\/{rel}","templated":true}]}}