{"id":14657,"date":"2026-01-30T15:57:39","date_gmt":"2026-01-30T14:57:39","guid":{"rendered":"https:\/\/krasspluswissing.de\/produits\/einfassbaender\/"},"modified":"2026-02-19T14:05:35","modified_gmt":"2026-02-19T13:05:35","slug":"rubans-de-finition","status":"publish","type":"page","link":"https:\/\/krasspluswissing.de\/fr\/produits\/rubans-de-finition\/","title":{"rendered":"Rubans de finition"},"content":{"rendered":"\n\n\n\n<!-- Block-Wrapper Anfang -->\n<div id=\"header-2col-block_b8dd5a74282ec79069044206a5e20e0c\" class=\"block block--header-2col parallax       \">\n  <div class=\" block__inner block__inner--header-2col py-3 py-md-5 \">\n<!-- \/Block-Wrapper Anfang -->\n\n    <div class=\"container\">\n      <div class=\"row\">\n        <div class=\"col-12 col-lg-6 pb-3 pb-lg-0\">\n          \n<div class=\"content__modul content__text\">\n  <h1>Rubans de finition<\/h1>\n<h3>Solutions textiles pour des bords nets et des finitions fonctionnelles<\/h3>\n<p>Les rubans de finition constituent un \u00e9l\u00e9ment central dans la transformation textile industrielle. Ils influencent non seulement l\u2019apparence d\u2019un produit, mais \u00e9galement sa fonction, sa durabilit\u00e9 et la fiabilit\u00e9 des processus de fabrication ult\u00e9rieurs. La configuration adapt\u00e9e r\u00e9sulte toujours de l\u2019interaction entre mat\u00e9riau, construction et application.<\/p>\n<\/div>\n        <\/div>\n        <div class=\"col-12 col-lg-6 pb-0\">\n          <div class=\"header__img\">\n                      <\/div>\n        <\/div>\n      <\/div>\n    <\/div>\n\n<!-- Block-Wrapper Ende -->\n  <\/div><!-- .block__inner -->\n<\/div><!-- .block -->\n<!-- \/Block-Wrapper Ende -->\n\n\n\n\n\n  <style type=\"text\/css\">\n    \/* H\u00f6he *\/\n    #header-2col-block_b8dd5a74282ec79069044206a5e20e0c .block__inner--header-2col{\n              min-height: 80vh;\n          }\n\n    #header-2col-block_b8dd5a74282ec79069044206a5e20e0c.parallax{\n      height: calc(80vh - 100px);\n    }\n\n    @media only screen and (max-width: 991.98px) {\n      #header-2col-block_b8dd5a74282ec79069044206a5e20e0c.parallax{\n        height: 100vh;\n      }\n    }\n    @media only screen and (max-width: 575.98px) {\n      #header-2col-block_b8dd5a74282ec79069044206a5e20e0c.parallax{\n        height: calc(100vh - 125px);\n      }\n    }\n\n\n          \n      \n      \n      \n          \n    \n    \/* Hintergrundbild *\/\n          #header-2col-block_b8dd5a74282ec79069044206a5e20e0c {\n        background-image: url(https:\/\/krasspluswissing.de\/wp-content\/uploads\/2022\/04\/Krass-Wissing-Schraegband-Kleinaufmachung-Falzband.jpg);\n        background-size: cover;\n        background-position: center center;\n      }\n    \n    \/* Navigationshintergrund und Verlauf *\/\n    \n\n                  #header-2col-block_b8dd5a74282ec79069044206a5e20e0c .block__inner {background: linear-gradient(to right, rgba(30,27,24, 0.6), rgba(0, 0, 0, 0))}\n          \n    #header-2col-block_b8dd5a74282ec79069044206a5e20e0c{      background-color: #FFFFFF;      color: #f2f2f2;    }                  <\/style>\n\n\n\n\n  <div class=\"diagonal diagonal--above  diagonal--content-1col-block_012e08dbc2bf81964df31ca15507fb30\"><\/div>\n\n<!-- Block-Wrapper Anfang -->\n<div id=\"content-1col-block_012e08dbc2bf81964df31ca15507fb30\" class=\"block block--content-1col pt-5 pb-3       \">\n  <div class=\"block__inner block__inner--content-1col container \">\n    <!-- \/Block-Wrapper Anfang -->\n\n        <div class=\"content row\">\n          <div class=\"content__spalte col-12\">\n\n\n            \n              \n<div class=\"content__modul content__text\">\n  <h2>Que sont les rubans de finition et dans quels cas sont-ils utilis\u00e9s ?<\/h2>\n<p>Les rubans de finition sont des rubans textiles destin\u00e9s \u00e0 <strong>prot\u00e9ger durablement les bords ouverts des textiles, assurer une finition nette et stabiliser fonctionnellement<\/strong>. Ils emp\u00eachent l\u2019effilochage, augmentent la durabilit\u00e9 du produit final et, selon leur conception, remplissent des fonctions techniques et esth\u00e9tiques.<\/p>\n<p>Ils sont utilis\u00e9s partout o\u00f9 les surfaces textiles doivent \u00eatre <strong>soumises \u00e0 des contraintes m\u00e9caniques<\/strong>, <strong>d\u00e9finies visuellement<\/strong> ou <strong>trait\u00e9es de mani\u00e8re fiable dans un processus industriel<\/strong>. Les domaines d\u2019application typiques incluent les textiles d\u2019int\u00e9rieur, les matelas et toppers, l\u2019habillement ainsi que les textiles techniques et m\u00e9dicaux.<\/p>\n<\/div>\n\n<div class=\"content__modul content__text\">\n  <h2>Rubans de finition en tissu \u2013 droit-fil et biais<\/h2>\n<p>Les <strong>rubans de finition droit-fil et biais<\/strong> sont <strong>d\u00e9coup\u00e9s dans des \u00e9toffes tiss\u00e9es<\/strong>. Les propri\u00e9t\u00e9s du ruban r\u00e9sultent directement de <strong>l\u2019orientation des fils (cha\u00eene et trame)<\/strong> ainsi que du <strong>proc\u00e9d\u00e9 de d\u00e9coupe utilis\u00e9<\/strong>.<\/p>\n<\/div>\n\n                      <\/div>\n        <\/div>\n\n\n        \n<!-- Block-Wrapper Ende -->\n      <\/div><!-- .block__inner -->\n<\/div><!-- .block -->\n<!-- \/Block-Wrapper Ende -->\n\n\n\n\n  <style type=\"text\/css\">\n    #content-1col-block_012e08dbc2bf81964df31ca15507fb30{      background-color: #FFFFFF;          }                \n            .diagonal--content-1col-block_012e08dbc2bf81964df31ca15507fb30  { background-color: #FFFFFF }\n    \n    #content-1col-block_012e08dbc2bf81964df31ca15507fb30{ z-index: 0 }\n  <\/style>\n\n\n\n\n<!-- Block-Wrapper Anfang -->\n<div id=\"content-2col-block_a27f786a5a7de14411d67e28dca41743\" class=\"block block--content-2col  pt-0 pb-3       \">\n    <div class=\"block__inner block__inner--content-2col container \">\n    <!-- \/Block-Wrapper Anfang -->\n\n\n\n        <div class=\"content row  justify-content-between\">\n          <div class=\"content__spalte content__spalte--1 col-12 col-lg-5 pb-3 pb-lg-0\">\n            \n<div class=\"content__modul content__text\">\n  <h3>Ruban de finition droit-fil<\/h3>\n<p>Les rubans de finition droit-fil sont d\u00e9coup\u00e9s dans le tissu de mani\u00e8re \u00e0 ce que <strong>la cha\u00eene et la trame soient orient\u00e9es \u00e0 90\u00b0 ou 0\u00b0 par rapport \u00e0 la direction du ruban<\/strong>. Les fils sont donc positionn\u00e9s horizontalement et verticalement par rapport au bord du ruban.<\/p>\n<p><strong>Caract\u00e9ristiques :<\/strong><\/p>\n<ul>\n<li>grande stabilit\u00e9 dimensionnelle<\/li>\n<li>faible voire aucune \u00e9lasticit\u00e9<\/li>\n<li>adapt\u00e9 aux <strong>bords droits et aux coutures lin\u00e9aires<\/strong><\/li>\n<li>\u00e9conomique pour des g\u00e9om\u00e9tries uniformes<\/li>\n<li><strong>tendance \u00e0 s\u2019effilocher en cas de coupe \u00e0 froid<\/strong>, sauf en cas de coupe \u00e0 chaud ou par ultrasons<\/li>\n<\/ul>\n<p>Les rubans de finition droit-fil sont privil\u00e9gi\u00e9s lorsque <strong>aucun rayon ou contour sp\u00e9cifique<\/strong> ne doit \u00eatre trait\u00e9 et qu\u2019un ruban stable et pr\u00e9cis est requis.<\/p>\n<p>Pour en savoir plus sur les diff\u00e9rents <a href=\"https:\/\/krasspluswissing.de\/prozesse\/schneiden\/\">proc\u00e9d\u00e9s de coupe<\/a>, cliquez <a href=\"https:\/\/krasspluswissing.de\/prozesse\/schneiden\/\">ici<\/a>.<\/p>\n<\/div>\n\n\n  <div class=\"content__modul content__img content__img--free\">\n     \n      <img decoding=\"async\" src=\"https:\/\/krasspluswissing.de\/wp-content\/uploads\/2026\/01\/Gewebe_gerade-1-scaled.png\" alt=\"Einfassband aus Gewebe \u2013 Geradband\">\n            <\/div>\n\n          <\/div>\n          <div class=\"content__spalte content__spalte--2 col-12 col-lg-5 pb-0\">\n            \n<div class=\"content__modul content__html\">\n  <div class=\"pt-3 pt-xxl-5\"><\/div><\/div>\n\n<div class=\"content__modul content__text\">\n  <h3>Ruban de finition biais (d\u00e9coupe diagonale)<\/h3>\n<p>Les rubans de finition biais sont d\u00e9coup\u00e9s diagonalement dans l\u2019\u00e9toffe. Les fils sont orient\u00e9s <strong>\u00e0 +45\u00b0 et \u221245\u00b0 par rapport \u00e0 la direction du ruban<\/strong>.<\/p>\n<p>Cette structure diagonale des fils conf\u00e8re \u00e0 un tissu initialement non \u00e9lastique des <strong>propri\u00e9t\u00e9s d\u2019\u00e9lasticit\u00e9 transversale et longitudinale<\/strong>. Elle garantit \u00e9galement que le ruban <strong>ne s\u2019effiloche pas au niveau de la coupe en raison de sa construction<\/strong>, m\u00eame en cas de coupe \u00e0 froid.<\/p>\n<p><strong>Caract\u00e9ristiques :<\/strong><\/p>\n<ul>\n<li>grande capacit\u00e9 d\u2019adaptation<\/li>\n<li>\u00e9lasticit\u00e9 transversale et longitudinale<\/li>\n<li>id\u00e9al pour <strong>courbes, rayons et contours complexes<\/strong><\/li>\n<li>excellente compensation des mouvements du mat\u00e9riau<\/li>\n<li><strong>absence d\u2019effilochage gr\u00e2ce \u00e0 l\u2019orientation diagonale des fils<\/strong><\/li>\n<\/ul>\n<p>Les rubans de finition biais permettent un bordage propre et sans tension, notamment pour des g\u00e9om\u00e9tries rondes ou irr\u00e9guli\u00e8res.<\/p>\n<p>Pour en savoir plus sur les <a href=\"https:\/\/krasspluswissing.de\/produkte\/schraegbaender\/\">rubans biais<\/a>, cliquez <a href=\"https:\/\/krasspluswissing.de\/produkte\/schraegbaender\/\">ici<\/a>.<\/p>\n<\/div>\n\n\n  <div class=\"content__modul content__img content__img--free\">\n     \n      <img decoding=\"async\" src=\"https:\/\/krasspluswissing.de\/wp-content\/uploads\/2026\/01\/Gewebe_schraeg-1-scaled.png\" alt=\"Schr\u00e4gband zum Einfassen von Radien\">\n            <\/div>\n\n          <\/div>\n        <\/div>\n\n\n<!-- Block-Wrapper Ende -->\n      <\/div><!-- .block__inner -->\n<\/div><!-- .block -->\n<!-- \/Block-Wrapper Ende -->\n\n\n  <style type=\"text\/css\">\n    #content-2col-block_a27f786a5a7de14411d67e28dca41743{      background-color: #FFFFFF;          }                        \n            .diagonal--content-2col-block_a27f786a5a7de14411d67e28dca41743  { background-color: #FFFFFF }\n    \n    #content-2col-block_a27f786a5a7de14411d67e28dca41743{ z-index: 0 }\n  <\/style>\n\n\n\n\n<!-- Block-Wrapper Anfang -->\n<div id=\"content-2col-block_4630fb2ebf37dab51af303ffe9590253\" class=\"block block--content-2col  pt-0 pb-0       \">\n    <div class=\"block__inner block__inner--content-2col container \">\n    <!-- \/Block-Wrapper Anfang -->\n\n\n\n        <div class=\"content row  justify-content-between\">\n          <div class=\"content__spalte content__spalte--1 col-12 col-lg-5 pb-3 pb-lg-0\">\n            \n<div class=\"content__modul content__text\">\n  <h2>Rubans de finition en maille cha\u00eene et tricot<\/h2>\n<p>En compl\u00e9ment des constructions tiss\u00e9es, des <strong>mat\u00e9riaux en maille cha\u00eene ou tricot\u00e9s<\/strong> sont \u00e9galement utilis\u00e9s pour les rubans de finition. Ces \u00e9toffes sont d\u00e9coup\u00e9es directement en rubans, sans distinction entre coupe droite ou en biais.<\/p>\n<p>Gr\u00e2ce \u00e0 leur construction textile \u2013 tricot ou maille cha\u00eene \u2013 ils pr\u00e9sentent <strong>une \u00e9lasticit\u00e9 naturelle<\/strong> et <strong>ne s\u2019effilochent pas ou tr\u00e8s peu<\/strong>.<\/p>\n<p><strong>Caract\u00e9ristiques typiques :<\/strong><\/p>\n<ul>\n<li>\u00e9lasticit\u00e9 naturelle<\/li>\n<li>grande capacit\u00e9 d\u2019adaptation<\/li>\n<li>toucher plus souple<\/li>\n<li>adapt\u00e9s aux applications mobiles ou flexibles<\/li>\n<\/ul>\n<p>Ces rubans de finition sont utilis\u00e9s lorsque <strong>l\u2019\u00e9lasticit\u00e9, le confort ou le mouvement du mat\u00e9riau<\/strong> sont prioritaires.<\/p>\n<p>Vous trouverez un aper\u00e7u de nos <a href=\"https:\/\/krasspluswissing.de\/materialien\/\">mat\u00e9riaux<\/a> <a href=\"https:\/\/krasspluswissing.de\/materialien\/\">ici<\/a>.<\/p>\n<\/div>\n\n\n  <div class=\"content__modul content__img content__img--free\">\n     \n      <img decoding=\"async\" src=\"https:\/\/krasspluswissing.de\/wp-content\/uploads\/2026\/01\/Gewirke-1-scaled.png\" alt=\"Einfassband aus Wirkware\">\n            <\/div>\n\n          <\/div>\n          <div class=\"content__spalte content__spalte--2 col-12 col-lg-5 pb-0\">\n            \n<div class=\"content__modul content__html\">\n  <div class=\"pt-3 pt-xxl-5\"><\/div><\/div>\n\n<div class=\"content__modul content__text\">\n  <h2>Choix des mat\u00e9riaux et comportement au r\u00e9tr\u00e9cissement<\/h2>\n<p>Les rubans de finition peuvent \u00eatre fabriqu\u00e9s \u00e0 partir de diff\u00e9rents mat\u00e9riaux, notamment le coton, le polyester, le polyamide ou des m\u00e9langes de fibres.<\/p>\n<p>Un aspect central dans le choix du mat\u00e9riau est le <strong>comportement au r\u00e9tr\u00e9cissement<\/strong> du ruban de finition par rapport au mat\u00e9riau principal.<\/p>\n<p><strong>Il existe fondamentalement deux approches :<\/strong><\/p>\n<ul>\n<li><strong>Harmonisation des mat\u00e9riaux :<\/strong> Le ruban de finition et le mat\u00e9riau du produit pr\u00e9sentent des valeurs de r\u00e9tr\u00e9cissement similaires.<\/li>\n<li><strong>Compensation constructive :<\/strong> Les rubans biais ou les constructions \u00e9lastiques en maille cha\u00eene compensent activement les diff\u00e9rences de r\u00e9tr\u00e9cissement.<\/li>\n<\/ul>\n<p>Apr\u00e8s lavage ou en cas de contrainte thermique, cette coordination d\u00e9termine la <strong>stabilit\u00e9 dimensionnelle, l\u2019aspect visuel et la dur\u00e9e de vie<\/strong> du produit final.<\/p>\n<\/div>\n          <\/div>\n        <\/div>\n\n\n<!-- Block-Wrapper Ende -->\n      <\/div><!-- .block__inner -->\n<\/div><!-- .block -->\n<!-- \/Block-Wrapper Ende -->\n\n\n  <style type=\"text\/css\">\n    #content-2col-block_4630fb2ebf37dab51af303ffe9590253{      background-color: #FFFFFF;          }                        \n            .diagonal--content-2col-block_4630fb2ebf37dab51af303ffe9590253  { background-color: #FFFFFF }\n    \n    #content-2col-block_4630fb2ebf37dab51af303ffe9590253{ z-index: 0 }\n  <\/style>\n\n\n\n\n\n<!-- Block-Wrapper Anfang -->\n<div id=\"content-1col-block_5ec4e58a2766a6bbb1b6e4347b2f1456\" class=\"block block--content-1col pt-5 pb-5       \">\n  <div class=\"block__inner block__inner--content-1col container \">\n    <!-- \/Block-Wrapper Anfang -->\n\n        <div class=\"content row\">\n          <div class=\"content__spalte col-12\">\n\n\n            \n              \n<div class=\"content__modul content__text\">\n  <h2>Con\u00e7us pour votre processus \u2013 rubans de finition adapt\u00e9s \u00e0 votre production<\/h2>\n<p>Un ruban de finition fait toujours partie d\u2019un processus global. Il est donc sp\u00e9cifiquement adapt\u00e9 aux conditions de fabrication du client :<\/p>\n<ul>\n<li><strong>Largeurs de ruban :<\/strong> adapt\u00e9es au dessin de couture et \u00e0 la fonction<\/li>\n<li><strong>Longueurs de rouleaux :<\/strong> optimis\u00e9es pour les temps machine et la manutention<\/li>\n<li><strong><a href=\"https:\/\/krasspluswissing.de\/prozesse\/schneiden\/\">Proc\u00e9d\u00e9s de coupe<\/a> :<\/strong> adapt\u00e9s au mat\u00e9riau et au produit<\/li>\n<li><a href=\"https:\/\/krasspluswissing.de\/prozesse\/falzen\/\"><strong>Pr\u00e9-pliage \/ pliage :<\/strong><\/a> pour acc\u00e9l\u00e9rer les processus et garantir une transformation reproductible<\/li>\n<\/ul>\n<h2>R\u00e9sum\u00e9 \u2013 vos avantages<\/h2>\n<ul>\n<li>bords nets et durables<\/li>\n<li>adaptation optimale \u00e0 la g\u00e9om\u00e9trie et au mat\u00e9riau<\/li>\n<li>comportement au r\u00e9tr\u00e9cissement ma\u00eetris\u00e9<\/li>\n<li>r\u00e9duction des taux de rebut<\/li>\n<li>grande fiabilit\u00e9 des processus de transformation<\/li>\n<\/ul>\n<\/div>\n\n                      <\/div>\n        <\/div>\n\n\n        \n<!-- Block-Wrapper Ende -->\n      <\/div><!-- .block__inner -->\n<\/div><!-- .block -->\n<!-- \/Block-Wrapper Ende -->\n\n  <div class=\"diagonal diagonal--below  diagonal--content-1col-block_5ec4e58a2766a6bbb1b6e4347b2f1456\"><\/div>\n\n\n\n  <style type=\"text\/css\">\n    #content-1col-block_5ec4e58a2766a6bbb1b6e4347b2f1456{      background-color: #FFFFFF;          }                \n            .diagonal--content-1col-block_5ec4e58a2766a6bbb1b6e4347b2f1456  { background-color: #FFFFFF }\n    \n    #content-1col-block_5ec4e58a2766a6bbb1b6e4347b2f1456{ z-index: 0 }\n  <\/style>\n","protected":false},"excerpt":{"rendered":"","protected":false},"author":2,"featured_media":0,"parent":9087,"menu_order":0,"comment_status":"closed","ping_status":"closed","template":"","meta":{"_acf_changed":false,"protect_children":false,"_relevanssi_hide_post":"","_relevanssi_pin_for_all":"","_relevanssi_pin_keywords":"","_relevanssi_unpin_keywords":"","_relevanssi_related_keywords":"","_relevanssi_related_include_ids":"","_relevanssi_related_exclude_ids":"","_relevanssi_related_no_append":"","_relevanssi_related_not_related":"","_relevanssi_related_posts":"10214","_relevanssi_noindex_reason":"","footnotes":""},"class_list":["post-14657","page","type-page","status-publish","hentry"],"acf":[],"yoast_head":"<!-- This site is optimized with the Yoast SEO Premium plugin v27.1 (Yoast SEO v27.4) - https:\/\/yoast.com\/product\/yoast-seo-premium-wordpress\/ -->\n<title>Fabricant de rubans de finition textiles industriels | Krass+Wissing<\/title>\n<meta name=\"description\" content=\"Rubans de finition textiles pour des bords propres et durables. Solutions industrielles adapt\u00e9es aux mat\u00e9riaux, aux processus et aux exigences techniques.\" \/>\n<meta name=\"robots\" content=\"index, follow, max-snippet:-1, max-image-preview:large, max-video-preview:-1\" \/>\n<link rel=\"canonical\" href=\"https:\/\/krasspluswissing.de\/fr\/produits\/rubans-de-finition\/\" \/>\n<meta property=\"og:locale\" content=\"fr_FR\" \/>\n<meta property=\"og:type\" content=\"article\" \/>\n<meta property=\"og:title\" content=\"Rubans de finition\" \/>\n<meta property=\"og:description\" content=\"Rubans de finition textiles pour des bords propres et durables. Solutions industrielles adapt\u00e9es aux mat\u00e9riaux, aux processus et aux exigences techniques.\" \/>\n<meta property=\"og:url\" content=\"https:\/\/krasspluswissing.de\/fr\/produits\/rubans-de-finition\/\" \/>\n<meta property=\"og:site_name\" content=\"Krass + Wissing\" \/>\n<meta property=\"article:modified_time\" content=\"2026-02-19T13:05:35+00:00\" \/>\n<meta name=\"twitter:card\" content=\"summary_large_image\" \/>\n<meta name=\"twitter:label1\" content=\"Dur\u00e9e de lecture estim\u00e9e\" \/>\n\t<meta name=\"twitter:data1\" content=\"5 minutes\" \/>\n<script type=\"application\/ld+json\" class=\"yoast-schema-graph\">{\"@context\":\"https:\\\/\\\/schema.org\",\"@graph\":[{\"@type\":\"WebPage\",\"@id\":\"https:\\\/\\\/krasspluswissing.de\\\/fr\\\/produits\\\/rubans-de-finition\\\/\",\"url\":\"https:\\\/\\\/krasspluswissing.de\\\/fr\\\/produits\\\/rubans-de-finition\\\/\",\"name\":\"Fabricant de rubans de finition textiles industriels | Krass+Wissing\",\"isPartOf\":{\"@id\":\"https:\\\/\\\/krasspluswissing.de\\\/fr\\\/#website\"},\"datePublished\":\"2026-01-30T14:57:39+00:00\",\"dateModified\":\"2026-02-19T13:05:35+00:00\",\"description\":\"Rubans de finition textiles pour des bords propres et durables. Solutions industrielles adapt\u00e9es aux mat\u00e9riaux, aux processus et aux exigences techniques.\",\"breadcrumb\":{\"@id\":\"https:\\\/\\\/krasspluswissing.de\\\/fr\\\/produits\\\/rubans-de-finition\\\/#breadcrumb\"},\"inLanguage\":\"fr-FR\",\"potentialAction\":[{\"@type\":\"ReadAction\",\"target\":[\"https:\\\/\\\/krasspluswissing.de\\\/fr\\\/produits\\\/rubans-de-finition\\\/\"]}]},{\"@type\":\"BreadcrumbList\",\"@id\":\"https:\\\/\\\/krasspluswissing.de\\\/fr\\\/produits\\\/rubans-de-finition\\\/#breadcrumb\",\"itemListElement\":[{\"@type\":\"ListItem\",\"position\":1,\"name\":\"Startseite\",\"item\":\"https:\\\/\\\/krasspluswissing.de\\\/fr\\\/\"},{\"@type\":\"ListItem\",\"position\":2,\"name\":\"Produits\",\"item\":\"https:\\\/\\\/krasspluswissing.de\\\/fr\\\/produits\\\/\"},{\"@type\":\"ListItem\",\"position\":3,\"name\":\"Rubans de finition\"}]},{\"@type\":\"WebSite\",\"@id\":\"https:\\\/\\\/krasspluswissing.de\\\/fr\\\/#website\",\"url\":\"https:\\\/\\\/krasspluswissing.de\\\/fr\\\/\",\"name\":\"Krass + Wissing\",\"description\":\"Textile B\u00e4nder\",\"publisher\":{\"@id\":\"https:\\\/\\\/krasspluswissing.de\\\/fr\\\/#organization\"},\"alternateName\":\"Krass & Wissing\",\"potentialAction\":[{\"@type\":\"SearchAction\",\"target\":{\"@type\":\"EntryPoint\",\"urlTemplate\":\"https:\\\/\\\/krasspluswissing.de\\\/fr\\\/?s={search_term_string}\"},\"query-input\":{\"@type\":\"PropertyValueSpecification\",\"valueRequired\":true,\"valueName\":\"search_term_string\"}}],\"inLanguage\":\"fr-FR\"},{\"@type\":\"Organization\",\"@id\":\"https:\\\/\\\/krasspluswissing.de\\\/fr\\\/#organization\",\"name\":\"Krass+Wissing\",\"alternateName\":\"Krass&Wissing\",\"url\":\"https:\\\/\\\/krasspluswissing.de\\\/fr\\\/\",\"logo\":{\"@type\":\"ImageObject\",\"inLanguage\":\"fr-FR\",\"@id\":\"https:\\\/\\\/krasspluswissing.de\\\/fr\\\/#\\\/schema\\\/logo\\\/image\\\/\",\"url\":\"https:\\\/\\\/krasspluswissing.de\\\/wp-content\\\/uploads\\\/2022\\\/10\\\/KW_Logo_since_1958.png\",\"contentUrl\":\"https:\\\/\\\/krasspluswissing.de\\\/wp-content\\\/uploads\\\/2022\\\/10\\\/KW_Logo_since_1958.png\",\"width\":1684,\"height\":378,\"caption\":\"Krass+Wissing\"},\"image\":{\"@id\":\"https:\\\/\\\/krasspluswissing.de\\\/fr\\\/#\\\/schema\\\/logo\\\/image\\\/\"}}]}<\/script>\n<!-- \/ Yoast SEO Premium plugin. -->","yoast_head_json":{"title":"Fabricant de rubans de finition textiles industriels | Krass+Wissing","description":"Rubans de finition textiles pour des bords propres et durables. Solutions industrielles adapt\u00e9es aux mat\u00e9riaux, aux processus et aux exigences techniques.","robots":{"index":"index","follow":"follow","max-snippet":"max-snippet:-1","max-image-preview":"max-image-preview:large","max-video-preview":"max-video-preview:-1"},"canonical":"https:\/\/krasspluswissing.de\/fr\/produits\/rubans-de-finition\/","og_locale":"fr_FR","og_type":"article","og_title":"Rubans de finition","og_description":"Rubans de finition textiles pour des bords propres et durables. Solutions industrielles adapt\u00e9es aux mat\u00e9riaux, aux processus et aux exigences techniques.","og_url":"https:\/\/krasspluswissing.de\/fr\/produits\/rubans-de-finition\/","og_site_name":"Krass + Wissing","article_modified_time":"2026-02-19T13:05:35+00:00","twitter_card":"summary_large_image","twitter_misc":{"Dur\u00e9e de lecture estim\u00e9e":"5 minutes"},"schema":{"@context":"https:\/\/schema.org","@graph":[{"@type":"WebPage","@id":"https:\/\/krasspluswissing.de\/fr\/produits\/rubans-de-finition\/","url":"https:\/\/krasspluswissing.de\/fr\/produits\/rubans-de-finition\/","name":"Fabricant de rubans de finition textiles industriels | Krass+Wissing","isPartOf":{"@id":"https:\/\/krasspluswissing.de\/fr\/#website"},"datePublished":"2026-01-30T14:57:39+00:00","dateModified":"2026-02-19T13:05:35+00:00","description":"Rubans de finition textiles pour des bords propres et durables. Solutions industrielles adapt\u00e9es aux mat\u00e9riaux, aux processus et aux exigences techniques.","breadcrumb":{"@id":"https:\/\/krasspluswissing.de\/fr\/produits\/rubans-de-finition\/#breadcrumb"},"inLanguage":"fr-FR","potentialAction":[{"@type":"ReadAction","target":["https:\/\/krasspluswissing.de\/fr\/produits\/rubans-de-finition\/"]}]},{"@type":"BreadcrumbList","@id":"https:\/\/krasspluswissing.de\/fr\/produits\/rubans-de-finition\/#breadcrumb","itemListElement":[{"@type":"ListItem","position":1,"name":"Startseite","item":"https:\/\/krasspluswissing.de\/fr\/"},{"@type":"ListItem","position":2,"name":"Produits","item":"https:\/\/krasspluswissing.de\/fr\/produits\/"},{"@type":"ListItem","position":3,"name":"Rubans de finition"}]},{"@type":"WebSite","@id":"https:\/\/krasspluswissing.de\/fr\/#website","url":"https:\/\/krasspluswissing.de\/fr\/","name":"Krass + Wissing","description":"Textile B\u00e4nder","publisher":{"@id":"https:\/\/krasspluswissing.de\/fr\/#organization"},"alternateName":"Krass & Wissing","potentialAction":[{"@type":"SearchAction","target":{"@type":"EntryPoint","urlTemplate":"https:\/\/krasspluswissing.de\/fr\/?s={search_term_string}"},"query-input":{"@type":"PropertyValueSpecification","valueRequired":true,"valueName":"search_term_string"}}],"inLanguage":"fr-FR"},{"@type":"Organization","@id":"https:\/\/krasspluswissing.de\/fr\/#organization","name":"Krass+Wissing","alternateName":"Krass&Wissing","url":"https:\/\/krasspluswissing.de\/fr\/","logo":{"@type":"ImageObject","inLanguage":"fr-FR","@id":"https:\/\/krasspluswissing.de\/fr\/#\/schema\/logo\/image\/","url":"https:\/\/krasspluswissing.de\/wp-content\/uploads\/2022\/10\/KW_Logo_since_1958.png","contentUrl":"https:\/\/krasspluswissing.de\/wp-content\/uploads\/2022\/10\/KW_Logo_since_1958.png","width":1684,"height":378,"caption":"Krass+Wissing"},"image":{"@id":"https:\/\/krasspluswissing.de\/fr\/#\/schema\/logo\/image\/"}}]}},"_links":{"self":[{"href":"https:\/\/krasspluswissing.de\/fr\/wp-json\/wp\/v2\/pages\/14657","targetHints":{"allow":["GET"]}}],"collection":[{"href":"https:\/\/krasspluswissing.de\/fr\/wp-json\/wp\/v2\/pages"}],"about":[{"href":"https:\/\/krasspluswissing.de\/fr\/wp-json\/wp\/v2\/types\/page"}],"author":[{"embeddable":true,"href":"https:\/\/krasspluswissing.de\/fr\/wp-json\/wp\/v2\/users\/2"}],"replies":[{"embeddable":true,"href":"https:\/\/krasspluswissing.de\/fr\/wp-json\/wp\/v2\/comments?post=14657"}],"version-history":[{"count":2,"href":"https:\/\/krasspluswissing.de\/fr\/wp-json\/wp\/v2\/pages\/14657\/revisions"}],"predecessor-version":[{"id":14664,"href":"https:\/\/krasspluswissing.de\/fr\/wp-json\/wp\/v2\/pages\/14657\/revisions\/14664"}],"up":[{"embeddable":true,"href":"https:\/\/krasspluswissing.de\/fr\/wp-json\/wp\/v2\/pages\/9087"}],"wp:attachment":[{"href":"https:\/\/krasspluswissing.de\/fr\/wp-json\/wp\/v2\/media?parent=14657"}],"curies":[{"name":"wp","href":"https:\/\/api.w.org\/{rel}","templated":true}]}}