{"id":14678,"date":"2026-02-09T18:09:10","date_gmt":"2026-02-09T17:09:10","guid":{"rendered":"https:\/\/krasspluswissing.de\/produits\/griffbaender-und-halteschlaufen\/"},"modified":"2026-02-19T16:26:54","modified_gmt":"2026-02-19T15:26:54","slug":"rubans-poignees-pour-matelas","status":"publish","type":"page","link":"https:\/\/krasspluswissing.de\/fr\/produits\/rubans-poignees-pour-matelas\/","title":{"rendered":"Rubans poign\u00e9es pour matelas"},"content":{"rendered":"\n\n\n\n<!-- Block-Wrapper Anfang -->\n<div id=\"header-2col-block_2b1f48d8647422b9a2331a2643ae9db8\" class=\"block block--header-2col parallax       \">\n  <div class=\" block__inner block__inner--header-2col py-3 py-md-5 \">\n<!-- \/Block-Wrapper Anfang -->\n\n    <div class=\"container\">\n      <div class=\"row\">\n        <div class=\"col-12 col-lg-6 pb-3 pb-lg-0\">\n          \n<div class=\"content__modul content__text\">\n  <h1>Rubans poign\u00e9es pour matelas<\/h1>\n<h3>Fonction de manutention et \u00e9l\u00e9ment de design distinctif \u00e0 la fois<\/h3>\n<p>Les poign\u00e9es et sangles de maintien pour matelas sont bien plus que de simples aides au transport. Elles facilitent la manipulation, soutiennent le transport et le positionnement, et influencent en m\u00eame temps de mani\u00e8re d\u00e9terminante l\u2019esth\u00e9tique du produit. Fix\u00e9es lat\u00e9ralement \u2013 \u00e0 l\u2019horizontale, \u00e0 la verticale, plates ou sous forme de boucle \u2013 elles constituent un \u00e9l\u00e9ment central de design et un v\u00e9ritable facteur de diff\u00e9renciation sur le march\u00e9 du matelas.<\/p>\n<\/div>\n        <\/div>\n        <div class=\"col-12 col-lg-6 pb-0\">\n          <div class=\"header__img\">\n                      <\/div>\n        <\/div>\n      <\/div>\n    <\/div>\n\n<!-- Block-Wrapper Ende -->\n  <\/div><!-- .block__inner -->\n<\/div><!-- .block -->\n<!-- \/Block-Wrapper Ende -->\n\n\n\n\n\n  <style type=\"text\/css\">\n    \/* H\u00f6he *\/\n    #header-2col-block_2b1f48d8647422b9a2331a2643ae9db8 .block__inner--header-2col{\n              min-height: 90vh;\n          }\n\n    #header-2col-block_2b1f48d8647422b9a2331a2643ae9db8.parallax{\n      height: calc(90vh - 100px);\n    }\n\n    @media only screen and (max-width: 991.98px) {\n      #header-2col-block_2b1f48d8647422b9a2331a2643ae9db8.parallax{\n        height: 100vh;\n      }\n    }\n    @media only screen and (max-width: 575.98px) {\n      #header-2col-block_2b1f48d8647422b9a2331a2643ae9db8.parallax{\n        height: calc(100vh - 125px);\n      }\n    }\n\n\n          \n      \n      \n      \n          \n    \n    \/* Hintergrundbild *\/\n          #header-2col-block_2b1f48d8647422b9a2331a2643ae9db8 {\n        background-image: url(https:\/\/krasspluswissing.de\/wp-content\/uploads\/2026\/02\/Matratzengriffband.jpeg);\n        background-size: cover;\n        background-position: center center;\n      }\n    \n    \/* Navigationshintergrund und Verlauf *\/\n    \n\n                  #header-2col-block_2b1f48d8647422b9a2331a2643ae9db8 .block__inner {background: linear-gradient(to right, rgba(30,27,24, 0.6), rgba(0, 0, 0, 0))}\n          \n    #header-2col-block_2b1f48d8647422b9a2331a2643ae9db8{      background-color: #FFFFFF;      color: #f2f2f2;    }                  <\/style>\n\n\n\n\n  <div class=\"diagonal diagonal--above  diagonal--content-1col-block_7017469fc2482cc2198f0ed1751a6b4f\"><\/div>\n\n<!-- Block-Wrapper Anfang -->\n<div id=\"content-1col-block_7017469fc2482cc2198f0ed1751a6b4f\" class=\"block block--content-1col pt-5 pb-1       \">\n  <div class=\"block__inner block__inner--content-1col container \">\n    <!-- \/Block-Wrapper Anfang -->\n\n        <div class=\"content row\">\n          <div class=\"content__spalte col-12\">\n\n\n            \n              \n<div class=\"content__modul content__text\">\n  <h2>Manutention, ergonomie et usage quotidien<\/h2>\n<p>La fonction premi\u00e8re d\u2019un ruban poign\u00e9e est de permettre une prise et un port s\u00e9curis\u00e9s du matelas. Qu\u2019il s\u2019agisse de le retourner, de le d\u00e9placer ou de le transporter : les poign\u00e9es et sangles doivent r\u00e9sister de mani\u00e8re fiable aux contraintes m\u00e9caniques tout en restant agr\u00e9ables en main. La forme, la position et le mat\u00e9riau sont choisis de mani\u00e8re \u00e0 faciliter la manipulation sans nuire au confort du produit final.<\/p>\n<p>Qu\u2019elle soit positionn\u00e9e horizontalement ou verticalement, l\u2019implantation de la poign\u00e9e est toujours adapt\u00e9e \u00e0 l\u2019usage, au poids et \u00e0 la construction du matelas.<\/p>\n<h2>Le design comme \u00e9l\u00e9ment de diff\u00e9renciation<\/h2>\n<p>Au-del\u00e0 de leur fonction, les rubans poign\u00e9es ont une forte valeur esth\u00e9tique. Ils structurent la vue lat\u00e9rale du matelas et contribuent de mani\u00e8re significative \u00e0 la reconnaissance du produit. Par une conception individualis\u00e9e, ils deviennent un signe visible de qualit\u00e9 et un prolongement du design global.<\/p>\n<p>Le choix des mat\u00e9riaux, la construction et l\u2019ex\u00e9cution peuvent \u00eatre utilis\u00e9s de mani\u00e8re cibl\u00e9e pour cr\u00e9er des accents ou, au contraire, rester volontairement discrets \u2013 en coh\u00e9rence avec l\u2019identit\u00e9 de marque et la gamme de produits.<\/p>\n<\/div>\n\n                      <\/div>\n        <\/div>\n\n\n        \n<!-- Block-Wrapper Ende -->\n      <\/div><!-- .block__inner -->\n<\/div><!-- .block -->\n<!-- \/Block-Wrapper Ende -->\n\n\n\n\n  <style type=\"text\/css\">\n    #content-1col-block_7017469fc2482cc2198f0ed1751a6b4f{      background-color: #FFFFFF;          }                \n            .diagonal--content-1col-block_7017469fc2482cc2198f0ed1751a6b4f  { background-color: #FFFFFF }\n    \n    #content-1col-block_7017469fc2482cc2198f0ed1751a6b4f{ z-index: 0 }\n  <\/style>\n\n\n\n\n<!-- Block-Wrapper Anfang -->\n<div id=\"content-2col-block_d54f296324a1aa9a90e5b3b5087f7f75\" class=\"block block--content-2col  pt-0 pb-0       \">\n    <div class=\"block__inner block__inner--content-2col container \">\n    <!-- \/Block-Wrapper Anfang -->\n\n\n\n        <div class=\"content row align-items-center justify-content-between\">\n          <div class=\"content__spalte content__spalte--1 col-12 col-lg-8 pb-3 pb-lg-0\">\n            \n<div class=\"content__modul content__text\">\n  <h2>Mat\u00e9riaux, construction et personnalisation<\/h2>\n<p>Les rubans poign\u00e9es pour matelas peuvent \u00eatre fabriqu\u00e9s \u00e0 partir d\u2019une grande vari\u00e9t\u00e9 de mat\u00e9riaux. On utilise notamment des tissus 3D (mailles d\u2019espacement), des structures de rubans robustes ou des doubles tissus fournis par le client. Des constructions multicouches, combinant plusieurs mat\u00e9riaux cousus ensemble, sont \u00e9galement possibles et influencent l\u2019esth\u00e9tique, le toucher et la stabilit\u00e9.<\/p>\n<p>Les rubans poign\u00e9es peuvent en outre \u00eatre valoris\u00e9s par des \u00e9l\u00e9ments compl\u00e9mentaires. Des accents r\u00e9alis\u00e9s avec des <a href=\"https:\/\/krasspluswissing.de\/produkte\/biesen-und-keder\/\">passepoils<\/a>, des <a href=\"https:\/\/krasspluswissing.de\/produkte\/bedruckte-baender\/\">rubans pr\u00e9-pli\u00e9s imprim\u00e9s<\/a> ou d\u2019autres composants textiles \u00e9largissent les possibilit\u00e9s de conception et transforment chaque poign\u00e9e en solution individuelle.<\/p>\n<h2>Con\u00e7us pour une fabrication moderne et optimis\u00e9e<\/h2>\n<p>Les rubans poign\u00e9es de Krass+Wissing sont syst\u00e9matiquement d\u00e9velopp\u00e9s en tenant compte des exigences de production. Selon le concept de fabrication, nous livrons les rubans <a href=\"https:\/\/krasspluswissing.de\/prozesse\/aufmachen\/\">coup\u00e9s \u00e0 longueur<\/a> et suspendus, ou en rouleaux sur grandes bobines. Cela permet aux robots de couture modernes et aux installations automatis\u00e9es de fonctionner le plus longtemps possible sans interruption.<\/p>\n<p>Cette approche r\u00e9duit les arr\u00eats, minimise les temps de changement et am\u00e9liore l\u2019efficacit\u00e9 de production chez nos clients.<\/p>\n<h2>Solutions personnalis\u00e9es pour s\u00e9ries et formats sp\u00e9cifiques<\/h2>\n<p>Chaque matelas impose des exigences diff\u00e9rentes aux rubans poign\u00e9es \u2013 selon le poids, la structure, le design et le march\u00e9 cible. C\u2019est pourquoi nos rubans sont d\u00e9velopp\u00e9s sur mesure et pr\u00e9cis\u00e9ment adapt\u00e9s au produit concern\u00e9. De solutions fonctionnelles discr\u00e8tes \u00e0 des variantes volontairement marqu\u00e9es sur le plan esth\u00e9tique, nous cr\u00e9ons des solutions qui associent technique et design.<\/p>\n<\/div>\n          <\/div>\n          <div class=\"content__spalte content__spalte--2 col-12 col-lg-4 pb-0\">\n            \n\n  <div class=\"content__modul content__img content__img--free\">\n     \n      <img decoding=\"async\" src=\"https:\/\/krasspluswissing.de\/wp-content\/uploads\/2026\/02\/Griffband-2-scaled.png\" alt=\"Griffband f\u00fcr Matratzenborder\">\n            <\/div>\n\n\n\n  <div class=\"content__modul content__img content__img--free\">\n     \n      <img decoding=\"async\" src=\"https:\/\/krasspluswissing.de\/wp-content\/uploads\/2026\/02\/Griffband-Bedruckt-scaled.png\" alt=\"Griffband bedruckt\">\n            <\/div>\n\n\n\n  <div class=\"content__modul content__img content__img--free\">\n     \n      <img decoding=\"async\" src=\"https:\/\/krasspluswissing.de\/wp-content\/uploads\/2026\/02\/Griffband-scaled.png\" alt=\"Griffband mit Akzenten\">\n            <\/div>\n\n          <\/div>\n        <\/div>\n\n\n<!-- Block-Wrapper Ende -->\n      <\/div><!-- .block__inner -->\n<\/div><!-- .block -->\n<!-- \/Block-Wrapper Ende -->\n\n\n  <style type=\"text\/css\">\n    #content-2col-block_d54f296324a1aa9a90e5b3b5087f7f75{      background-color: #FFFFFF;          }                        \n            .diagonal--content-2col-block_d54f296324a1aa9a90e5b3b5087f7f75  { background-color: #FFFFFF }\n    \n    #content-2col-block_d54f296324a1aa9a90e5b3b5087f7f75{ z-index: 0 }\n  <\/style>\n\n\n\n\n\n<!-- Block-Wrapper Anfang -->\n<div id=\"content-1col-block_80c23166ff12275f663d357c68a15081\" class=\"block block--content-1col pt-1 pb-5       \">\n  <div class=\"block__inner block__inner--content-1col container \">\n    <!-- \/Block-Wrapper Anfang -->\n\n        <div class=\"content row\">\n          <div class=\"content__spalte col-12\">\n\n\n            \n              \n<div class=\"content__modul content__text\">\n  <h2>En r\u00e9sum\u00e9<\/h2>\n<p>Les rubans poign\u00e9es de Krass+Wissing sont \u00e0 la fois des \u00e9l\u00e9ments fonctionnels et structurants des matelas modernes. Ils facilitent la manipulation, am\u00e9liorent le confort d\u2019utilisation et apportent des accents esth\u00e9tiques distinctifs. Gr\u00e2ce \u00e0 un choix flexible de mat\u00e9riaux, une construction personnalis\u00e9e et une livraison adapt\u00e9e aux processus, ils s\u2019int\u00e8grent parfaitement dans le design et la production.<\/p>\n<\/div>\n\n                      <\/div>\n        <\/div>\n\n\n        \n<!-- Block-Wrapper Ende -->\n      <\/div><!-- .block__inner -->\n<\/div><!-- .block -->\n<!-- \/Block-Wrapper Ende -->\n\n  <div class=\"diagonal diagonal--below  diagonal--content-1col-block_80c23166ff12275f663d357c68a15081\"><\/div>\n\n\n\n  <style type=\"text\/css\">\n    #content-1col-block_80c23166ff12275f663d357c68a15081{      background-color: #FFFFFF;          }                \n            .diagonal--content-1col-block_80c23166ff12275f663d357c68a15081  { background-color: #FFFFFF }\n    \n    #content-1col-block_80c23166ff12275f663d357c68a15081{ z-index: 0 }\n  <\/style>\n","protected":false},"excerpt":{"rendered":"","protected":false},"author":2,"featured_media":0,"parent":9087,"menu_order":0,"comment_status":"closed","ping_status":"closed","template":"","meta":{"_acf_changed":false,"protect_children":false,"_relevanssi_hide_post":"","_relevanssi_pin_for_all":"","_relevanssi_pin_keywords":"","_relevanssi_unpin_keywords":"","_relevanssi_related_keywords":"","_relevanssi_related_include_ids":"","_relevanssi_related_exclude_ids":"","_relevanssi_related_no_append":"","_relevanssi_related_not_related":"","_relevanssi_related_posts":"10214","_relevanssi_noindex_reason":"","footnotes":""},"class_list":["post-14678","page","type-page","status-publish","hentry"],"acf":[],"yoast_head":"<!-- This site is optimized with the Yoast SEO Premium plugin v27.1 (Yoast SEO v27.3) - https:\/\/yoast.com\/product\/yoast-seo-premium-wordpress\/ -->\n<title>Fabricant de rubans poign\u00e9es pour matelas | Krass+Wissing<\/title>\n<meta name=\"description\" content=\"Rubans poign\u00e9es personnalis\u00e9s pour matelas. Solutions textiles industrielles alliant ergonomie, design et optimisation des processus de fabrication.\" \/>\n<meta name=\"robots\" content=\"index, follow, max-snippet:-1, max-image-preview:large, max-video-preview:-1\" \/>\n<link rel=\"canonical\" href=\"https:\/\/krasspluswissing.de\/fr\/produits\/rubans-poignees-pour-matelas\/\" \/>\n<meta property=\"og:locale\" content=\"fr_FR\" \/>\n<meta property=\"og:type\" content=\"article\" \/>\n<meta property=\"og:title\" content=\"Rubans poign\u00e9es pour matelas\" \/>\n<meta property=\"og:description\" content=\"Rubans poign\u00e9es personnalis\u00e9s pour matelas. Solutions textiles industrielles alliant ergonomie, design et optimisation des processus de fabrication.\" \/>\n<meta property=\"og:url\" content=\"https:\/\/krasspluswissing.de\/fr\/produits\/rubans-poignees-pour-matelas\/\" \/>\n<meta property=\"og:site_name\" content=\"Krass + Wissing\" \/>\n<meta property=\"article:modified_time\" content=\"2026-02-19T15:26:54+00:00\" \/>\n<meta name=\"twitter:card\" content=\"summary_large_image\" \/>\n<meta name=\"twitter:label1\" content=\"Dur\u00e9e de lecture estim\u00e9e\" \/>\n\t<meta name=\"twitter:data1\" content=\"4 minutes\" \/>\n<script type=\"application\/ld+json\" class=\"yoast-schema-graph\">{\"@context\":\"https:\\\/\\\/schema.org\",\"@graph\":[{\"@type\":\"WebPage\",\"@id\":\"https:\\\/\\\/krasspluswissing.de\\\/fr\\\/produits\\\/rubans-poignees-pour-matelas\\\/\",\"url\":\"https:\\\/\\\/krasspluswissing.de\\\/fr\\\/produits\\\/rubans-poignees-pour-matelas\\\/\",\"name\":\"Fabricant de rubans poign\u00e9es pour matelas | Krass+Wissing\",\"isPartOf\":{\"@id\":\"https:\\\/\\\/krasspluswissing.de\\\/fr\\\/#website\"},\"datePublished\":\"2026-02-09T17:09:10+00:00\",\"dateModified\":\"2026-02-19T15:26:54+00:00\",\"description\":\"Rubans poign\u00e9es personnalis\u00e9s pour matelas. Solutions textiles industrielles alliant ergonomie, design et optimisation des processus de fabrication.\",\"breadcrumb\":{\"@id\":\"https:\\\/\\\/krasspluswissing.de\\\/fr\\\/produits\\\/rubans-poignees-pour-matelas\\\/#breadcrumb\"},\"inLanguage\":\"fr-FR\",\"potentialAction\":[{\"@type\":\"ReadAction\",\"target\":[\"https:\\\/\\\/krasspluswissing.de\\\/fr\\\/produits\\\/rubans-poignees-pour-matelas\\\/\"]}]},{\"@type\":\"BreadcrumbList\",\"@id\":\"https:\\\/\\\/krasspluswissing.de\\\/fr\\\/produits\\\/rubans-poignees-pour-matelas\\\/#breadcrumb\",\"itemListElement\":[{\"@type\":\"ListItem\",\"position\":1,\"name\":\"Startseite\",\"item\":\"https:\\\/\\\/krasspluswissing.de\\\/fr\\\/\"},{\"@type\":\"ListItem\",\"position\":2,\"name\":\"Produits\",\"item\":\"https:\\\/\\\/krasspluswissing.de\\\/fr\\\/produits\\\/\"},{\"@type\":\"ListItem\",\"position\":3,\"name\":\"Rubans poign\u00e9es pour matelas\"}]},{\"@type\":\"WebSite\",\"@id\":\"https:\\\/\\\/krasspluswissing.de\\\/fr\\\/#website\",\"url\":\"https:\\\/\\\/krasspluswissing.de\\\/fr\\\/\",\"name\":\"Krass + Wissing\",\"description\":\"Textile B\u00e4nder\",\"publisher\":{\"@id\":\"https:\\\/\\\/krasspluswissing.de\\\/fr\\\/#organization\"},\"alternateName\":\"Krass & Wissing\",\"potentialAction\":[{\"@type\":\"SearchAction\",\"target\":{\"@type\":\"EntryPoint\",\"urlTemplate\":\"https:\\\/\\\/krasspluswissing.de\\\/fr\\\/?s={search_term_string}\"},\"query-input\":{\"@type\":\"PropertyValueSpecification\",\"valueRequired\":true,\"valueName\":\"search_term_string\"}}],\"inLanguage\":\"fr-FR\"},{\"@type\":\"Organization\",\"@id\":\"https:\\\/\\\/krasspluswissing.de\\\/fr\\\/#organization\",\"name\":\"Krass+Wissing\",\"alternateName\":\"Krass&Wissing\",\"url\":\"https:\\\/\\\/krasspluswissing.de\\\/fr\\\/\",\"logo\":{\"@type\":\"ImageObject\",\"inLanguage\":\"fr-FR\",\"@id\":\"https:\\\/\\\/krasspluswissing.de\\\/fr\\\/#\\\/schema\\\/logo\\\/image\\\/\",\"url\":\"https:\\\/\\\/krasspluswissing.de\\\/wp-content\\\/uploads\\\/2022\\\/10\\\/KW_Logo_since_1958.png\",\"contentUrl\":\"https:\\\/\\\/krasspluswissing.de\\\/wp-content\\\/uploads\\\/2022\\\/10\\\/KW_Logo_since_1958.png\",\"width\":1684,\"height\":378,\"caption\":\"Krass+Wissing\"},\"image\":{\"@id\":\"https:\\\/\\\/krasspluswissing.de\\\/fr\\\/#\\\/schema\\\/logo\\\/image\\\/\"}}]}<\/script>\n<!-- \/ Yoast SEO Premium plugin. -->","yoast_head_json":{"title":"Fabricant de rubans poign\u00e9es pour matelas | Krass+Wissing","description":"Rubans poign\u00e9es personnalis\u00e9s pour matelas. Solutions textiles industrielles alliant ergonomie, design et optimisation des processus de fabrication.","robots":{"index":"index","follow":"follow","max-snippet":"max-snippet:-1","max-image-preview":"max-image-preview:large","max-video-preview":"max-video-preview:-1"},"canonical":"https:\/\/krasspluswissing.de\/fr\/produits\/rubans-poignees-pour-matelas\/","og_locale":"fr_FR","og_type":"article","og_title":"Rubans poign\u00e9es pour matelas","og_description":"Rubans poign\u00e9es personnalis\u00e9s pour matelas. Solutions textiles industrielles alliant ergonomie, design et optimisation des processus de fabrication.","og_url":"https:\/\/krasspluswissing.de\/fr\/produits\/rubans-poignees-pour-matelas\/","og_site_name":"Krass + Wissing","article_modified_time":"2026-02-19T15:26:54+00:00","twitter_card":"summary_large_image","twitter_misc":{"Dur\u00e9e de lecture estim\u00e9e":"4 minutes"},"schema":{"@context":"https:\/\/schema.org","@graph":[{"@type":"WebPage","@id":"https:\/\/krasspluswissing.de\/fr\/produits\/rubans-poignees-pour-matelas\/","url":"https:\/\/krasspluswissing.de\/fr\/produits\/rubans-poignees-pour-matelas\/","name":"Fabricant de rubans poign\u00e9es pour matelas | Krass+Wissing","isPartOf":{"@id":"https:\/\/krasspluswissing.de\/fr\/#website"},"datePublished":"2026-02-09T17:09:10+00:00","dateModified":"2026-02-19T15:26:54+00:00","description":"Rubans poign\u00e9es personnalis\u00e9s pour matelas. Solutions textiles industrielles alliant ergonomie, design et optimisation des processus de fabrication.","breadcrumb":{"@id":"https:\/\/krasspluswissing.de\/fr\/produits\/rubans-poignees-pour-matelas\/#breadcrumb"},"inLanguage":"fr-FR","potentialAction":[{"@type":"ReadAction","target":["https:\/\/krasspluswissing.de\/fr\/produits\/rubans-poignees-pour-matelas\/"]}]},{"@type":"BreadcrumbList","@id":"https:\/\/krasspluswissing.de\/fr\/produits\/rubans-poignees-pour-matelas\/#breadcrumb","itemListElement":[{"@type":"ListItem","position":1,"name":"Startseite","item":"https:\/\/krasspluswissing.de\/fr\/"},{"@type":"ListItem","position":2,"name":"Produits","item":"https:\/\/krasspluswissing.de\/fr\/produits\/"},{"@type":"ListItem","position":3,"name":"Rubans poign\u00e9es pour matelas"}]},{"@type":"WebSite","@id":"https:\/\/krasspluswissing.de\/fr\/#website","url":"https:\/\/krasspluswissing.de\/fr\/","name":"Krass + Wissing","description":"Textile B\u00e4nder","publisher":{"@id":"https:\/\/krasspluswissing.de\/fr\/#organization"},"alternateName":"Krass & Wissing","potentialAction":[{"@type":"SearchAction","target":{"@type":"EntryPoint","urlTemplate":"https:\/\/krasspluswissing.de\/fr\/?s={search_term_string}"},"query-input":{"@type":"PropertyValueSpecification","valueRequired":true,"valueName":"search_term_string"}}],"inLanguage":"fr-FR"},{"@type":"Organization","@id":"https:\/\/krasspluswissing.de\/fr\/#organization","name":"Krass+Wissing","alternateName":"Krass&Wissing","url":"https:\/\/krasspluswissing.de\/fr\/","logo":{"@type":"ImageObject","inLanguage":"fr-FR","@id":"https:\/\/krasspluswissing.de\/fr\/#\/schema\/logo\/image\/","url":"https:\/\/krasspluswissing.de\/wp-content\/uploads\/2022\/10\/KW_Logo_since_1958.png","contentUrl":"https:\/\/krasspluswissing.de\/wp-content\/uploads\/2022\/10\/KW_Logo_since_1958.png","width":1684,"height":378,"caption":"Krass+Wissing"},"image":{"@id":"https:\/\/krasspluswissing.de\/fr\/#\/schema\/logo\/image\/"}}]}},"_links":{"self":[{"href":"https:\/\/krasspluswissing.de\/fr\/wp-json\/wp\/v2\/pages\/14678","targetHints":{"allow":["GET"]}}],"collection":[{"href":"https:\/\/krasspluswissing.de\/fr\/wp-json\/wp\/v2\/pages"}],"about":[{"href":"https:\/\/krasspluswissing.de\/fr\/wp-json\/wp\/v2\/types\/page"}],"author":[{"embeddable":true,"href":"https:\/\/krasspluswissing.de\/fr\/wp-json\/wp\/v2\/users\/2"}],"replies":[{"embeddable":true,"href":"https:\/\/krasspluswissing.de\/fr\/wp-json\/wp\/v2\/comments?post=14678"}],"version-history":[{"count":1,"href":"https:\/\/krasspluswissing.de\/fr\/wp-json\/wp\/v2\/pages\/14678\/revisions"}],"predecessor-version":[{"id":14684,"href":"https:\/\/krasspluswissing.de\/fr\/wp-json\/wp\/v2\/pages\/14678\/revisions\/14684"}],"up":[{"embeddable":true,"href":"https:\/\/krasspluswissing.de\/fr\/wp-json\/wp\/v2\/pages\/9087"}],"wp:attachment":[{"href":"https:\/\/krasspluswissing.de\/fr\/wp-json\/wp\/v2\/media?parent=14678"}],"curies":[{"name":"wp","href":"https:\/\/api.w.org\/{rel}","templated":true}]}}