{"id":9146,"date":"2022-02-18T12:56:04","date_gmt":"2022-02-18T11:56:04","guid":{"rendered":"https:\/\/krasspluswissing.de\/karriere\/"},"modified":"2023-09-08T10:24:42","modified_gmt":"2023-09-08T08:24:42","slug":"carriere","status":"publish","type":"page","link":"https:\/\/krasspluswissing.de\/fr\/carriere\/","title":{"rendered":"Carri\u00e8re"},"content":{"rendered":"\n\n\n\n<!-- Block-Wrapper Anfang -->\n<div id=\"header-2col-block_a407e45d3d6a658eab5b558dff7b3bb8\" class=\"block block--header-2col parallax       \">\n  <div class=\" block__inner block__inner--header-2col py-3 py-md-5 \">\n<!-- \/Block-Wrapper Anfang -->\n\n    <div class=\"container\">\n      <div class=\"row\">\n        <div class=\"col-12 col-lg-6 pb-3 pb-lg-0\">\n          \n<div class=\"content__modul content__text\">\n  <h1>Carri\u00e8re<\/h1>\n<p>En tant qu\u2019entreprise familiale orient\u00e9e vers l\u00b4avenir, nous sommes toujours \u00e0 la recherche d\u2019innovations. Nos produits textiles requi\u00e8rent de la passion, du savoir-faire.<\/p>\n<p>Nous recherchons toujours de nouveaux collaborateurs qui ne craignent pas de relever les d\u00e9fis et n\u2019ont pas peur de prendre leurs responsabilit\u00e9s.<\/p>\n<\/div>\n        <\/div>\n        <div class=\"col-12 col-lg-6 pb-0\">\n          <div class=\"header__img\">\n                      <\/div>\n        <\/div>\n      <\/div>\n    <\/div>\n\n<!-- Block-Wrapper Ende -->\n  <\/div><!-- .block__inner -->\n<\/div><!-- .block -->\n<!-- \/Block-Wrapper Ende -->\n\n\n\n\n\n  <style type=\"text\/css\">\n    \/* H\u00f6he *\/\n    #header-2col-block_a407e45d3d6a658eab5b558dff7b3bb8 .block__inner--header-2col{\n              min-height: 85vh;\n          }\n\n    #header-2col-block_a407e45d3d6a658eab5b558dff7b3bb8.parallax{\n      height: calc(85vh - 100px);\n    }\n\n    @media only screen and (max-width: 991.98px) {\n      #header-2col-block_a407e45d3d6a658eab5b558dff7b3bb8.parallax{\n        height: 100vh;\n      }\n    }\n    @media only screen and (max-width: 575.98px) {\n      #header-2col-block_a407e45d3d6a658eab5b558dff7b3bb8.parallax{\n        height: calc(100vh - 125px);\n      }\n    }\n\n\n          \n      \n      \n      \n          \n    \n    \/* Hintergrundbild *\/\n          #header-2col-block_a407e45d3d6a658eab5b558dff7b3bb8 {\n        background-image: url(https:\/\/krasspluswissing.de\/wp-content\/uploads\/2022\/04\/Krass-Wissing-Webereistrasse-1-Steinfurt-Schraegband-Produzent-Gebaude-Nacht.jpg);\n        background-size: cover;\n        background-position: center center;\n      }\n    \n    \/* Navigationshintergrund und Verlauf *\/\n    \n\n                  #header-2col-block_a407e45d3d6a658eab5b558dff7b3bb8 .block__inner {background: linear-gradient(to right, rgba(30,27,24, 0.65), rgba(0, 0, 0, 0))}\n          \n    #header-2col-block_a407e45d3d6a658eab5b558dff7b3bb8{      background-color: #FFFFFF;      color: #ffffff;    }                  <\/style>\n\n\n\n  <div class=\"diagonal diagonal--above diagonal--content-2col-block_81993afbf44c48d6a3fbc79f984aaf8b\"><\/div>\n\n<!-- Block-Wrapper Anfang -->\n<div id=\"content-2col-block_81993afbf44c48d6a3fbc79f984aaf8b\" class=\"block block--content-2col  pt-5 pb-5       \">\n    <div class=\"block__inner block__inner--content-2col container \">\n    <!-- \/Block-Wrapper Anfang -->\n\n\n\n        <div class=\"content row align-items-center justify-content-between\">\n          <div class=\"content__spalte content__spalte--1 col-12 col-lg-5 pb-3 pb-lg-0\">\n            \n<div class=\"content__modul content__text\">\n  <h3>Formation<\/h3>\n<p>Des collaborateurs form\u00e9s en interne.<br \/>\nC&#8217;est pourquoi nous sommes heureux de pouvoir proposer, comme chaque ann\u00e9e, les possibilit\u00e9s de formation suivantes :<\/p>\n<ul>\n<li>Agent technico-commercial (m\/f\/autres)<\/li>\n<li>Assistant commercial (m\/f\/ autres)<\/li>\n<li>Conducteur de machines textiles (m\/f\/ autres)<\/li>\n<\/ul>\n<\/div>\n\n<div class=\"content__modul content__html\">\n  <div class=\"pt-1 pt-md-2\"><\/div><\/div>\n\n<div class=\"content__modul content__text\">\n  <h3>Stage<\/h3>\n<ul>\n<li>Vous \u00eates \u00e0 la recherche d\u2019un stage dans le cadre de l\u2019\u00e9cole ou des \u00e9tudes?<\/li>\n<li>Vous voulez savoir si l\u2019apprentissage est fait pour vous?<\/li>\n<\/ul>\n<p>Si vous avez r\u00e9pondu par \u00ab oui \u00bb \u00e0 l\u2019une de ces questions, n\u2019h\u00e9sitez pas \u00e0 nous contacter.<\/p>\n<p>Que ce soit dans le domaine commercial, technique ou de la production, vous avez chez nous la possibilit\u00e9 d\u2019avoir un aper\u00e7u de domaines tr\u00e8s divers.<\/p>\n<\/div>\n          <\/div>\n          <div class=\"content__spalte content__spalte--2 col-12 col-lg-6 pb-0\">\n            \n<div class=\"content__modul content__html\">\n  <div class=\"pt-1 pt-md-2\"><\/div><\/div>\n\n<div class=\"content__modul content__text\">\n  <h3>Job<\/h3>\n<p>Vous \u00eates \u00e0 la recherche d&#8217;un changement professionnel et de nouveaux d\u00e9fis ? N&#8217;h\u00e9sitez pas \u00e0 nous envoyer votre candidature spontan\u00e9e \u00e0 <a href=\"mailto:bewerbung@krasspluswissing.de\">bewerbung@krasspluswissing.de<\/a><\/p>\n<p>Nous sommes toujours \u00e0 la recherche de nouveaux collaborateurs fiables et engag\u00e9s qui ont envie de d\u00e9monter leur app\u00e9tence pour le textile dans un environnement de travail multiculturel.<\/p>\n<p>Nous offrons:<\/p>\n<ul>\n<li>Une r\u00e9mun\u00e9ration \u00e9quitable<\/li>\n<li>Une prime de No\u00ebl et de vacances<\/li>\n<li>Des cong\u00e9s sp\u00e9ciaux lors d&#8217;\u00e9v\u00e9nements particuliers<\/li>\n<li>Formation continue<\/li>\n<li>Une autonomie dans le travail<\/li>\n<li>Des bureaux et un site de productions lumineux, modernes et ouverts<\/li>\n<li>Et bien d\u2019autres choses encore<\/li>\n<\/ul>\n<\/div>\n          <\/div>\n        <\/div>\n\n\n<!-- Block-Wrapper Ende -->\n      <\/div><!-- .block__inner -->\n<\/div><!-- .block -->\n<!-- \/Block-Wrapper Ende -->\n\n\n  <style type=\"text\/css\">\n    #content-2col-block_81993afbf44c48d6a3fbc79f984aaf8b{      background-color: #777777;      color: #ffffff;    }                        \n            .diagonal--content-2col-block_81993afbf44c48d6a3fbc79f984aaf8b  { background-color: #777777 }\n    \n    #content-2col-block_81993afbf44c48d6a3fbc79f984aaf8b{ z-index: 0 }\n  <\/style>\n\n\n\n  <div class=\"diagonal diagonal--above diagonal--content-2col-block_e1049022d4ea06bec1becc722afb6013\"><\/div>\n\n<!-- Block-Wrapper Anfang -->\n<div id=\"content-2col-block_e1049022d4ea06bec1becc722afb6013\" class=\"block block--content-2col  pt-5 pb-5       \">\n    <div class=\"block__inner block__inner--content-2col container \">\n    <!-- \/Block-Wrapper Anfang -->\n\n\n\n        <div class=\"content row align-items-center justify-content-between\">\n          <div class=\"content__spalte content__spalte--1 col-12 col-lg-5 pb-3 pb-lg-0\">\n            \n<div class=\"content__modul content__text\">\n  <h3>A propos de nous  <\/h3>\n<p>Les familles Krass et Wissing ont cr\u00e9\u00e9 en 1958 l\u00b4entreprise au c\u0153ur de la r\u00e9gion de M\u00fcnster. <\/p>\n<p>Entre temps la troisi\u00e8me g\u00e9n\u00e9ration de Krass+Wissing est devenue une entreprise internationale de premier plan pour la production de biais.<\/p>\n<p><a class=\"link__arrow\" href=\"https:\/\/krasspluswissing.de\/ueber-uns\/\">En savoir plus<\/a><\/p>\n<\/div>\n          <\/div>\n          <div class=\"content__spalte content__spalte--2 col-12 col-lg-5 pb-0\">\n            \n<div class=\"content__modul content__text\">\n  <h3>Produits<\/h3>\n<p>Nos produits sont vos produits : Profitez de nos proc\u00e9d\u00e9s\/notre technique et notre savoir-faire. Nous d\u00e9veloppons ensemble le produit id\u00e9al pour l\u00b4usage que vous pr\u00e9voyez d\u00b4en faire.<\/p>\n<p><a class=\"link__arrow\" href=\"https:\/\/krasspluswissing.de\/fr\/produits\/\">Vers les produits<\/a><\/p>\n<\/div>\n          <\/div>\n        <\/div>\n\n\n<!-- Block-Wrapper Ende -->\n      <\/div><!-- .block__inner -->\n<\/div><!-- .block -->\n<!-- \/Block-Wrapper Ende -->\n\n\n  <style type=\"text\/css\">\n    #content-2col-block_e1049022d4ea06bec1becc722afb6013{      background-color: #777777;      color: #ffffff;    }        #content-2col-block_e1049022d4ea06bec1becc722afb6013 a{ color: #ffffff;}          #content-2col-block_e1049022d4ea06bec1becc722afb6013 .button { background-color: #ffffff;\n                                       border-color: #ffffff }\n      #content-2col-block_e1049022d4ea06bec1becc722afb6013 .button a, #content-2col-block_e1049022d4ea06bec1becc722afb6013 .field-wrap input[type=button] { color: #FFFFFF !important }\n      #content-2col-block_e1049022d4ea06bec1becc722afb6013 .button:hover a, #content-2col-block_e1049022d4ea06bec1becc722afb6013 .field-wrap input[type=button]:hover { color: #ffffff !important }\n      #content-2col-block_e1049022d4ea06bec1becc722afb6013 .button--2:after { color: #ffffff }\n      #content-2col-block_e1049022d4ea06bec1becc722afb6013 .button--3:before { border-color: #ffffff !important }\n                \n            .diagonal--content-2col-block_e1049022d4ea06bec1becc722afb6013  { background-color: #777777 }\n    \n    #content-2col-block_e1049022d4ea06bec1becc722afb6013{ z-index: 0 }\n  <\/style>\n","protected":false},"excerpt":{"rendered":"","protected":false},"author":1,"featured_media":0,"parent":0,"menu_order":0,"comment_status":"closed","ping_status":"closed","template":"","meta":{"_acf_changed":false,"protect_children":false,"_relevanssi_hide_post":"","_relevanssi_pin_for_all":"","_relevanssi_pin_keywords":"","_relevanssi_unpin_keywords":"","_relevanssi_related_keywords":"","_relevanssi_related_include_ids":"","_relevanssi_related_exclude_ids":"","_relevanssi_related_no_append":"","_relevanssi_related_not_related":"","_relevanssi_related_posts":"1","_relevanssi_noindex_reason":"","footnotes":""},"class_list":["post-9146","page","type-page","status-publish","hentry"],"acf":[],"yoast_head":"<!-- This site is optimized with the Yoast SEO Premium plugin v27.1 (Yoast SEO v27.4) - https:\/\/yoast.com\/product\/yoast-seo-premium-wordpress\/ -->\n<title>Carri\u00e8re bei Krass + Wissing<\/title>\n<meta name=\"description\" content=\"Ausbildung? Praktikum? Karriere? Wir freuen uns immer \u00fcber deine Bewerbung. Jederzeit an bewerbung@krasspluswissing.de\" \/>\n<meta name=\"robots\" content=\"index, follow, max-snippet:-1, max-image-preview:large, max-video-preview:-1\" \/>\n<link rel=\"canonical\" href=\"https:\/\/krasspluswissing.de\/fr\/carriere\/\" \/>\n<meta property=\"og:locale\" content=\"fr_FR\" \/>\n<meta property=\"og:type\" content=\"article\" \/>\n<meta property=\"og:title\" content=\"Carri\u00e8re\" \/>\n<meta property=\"og:description\" content=\"Ausbildung? Praktikum? Karriere? Wir freuen uns immer \u00fcber deine Bewerbung. Jederzeit an bewerbung@krasspluswissing.de\" \/>\n<meta property=\"og:url\" content=\"https:\/\/krasspluswissing.de\/fr\/carriere\/\" \/>\n<meta property=\"og:site_name\" content=\"Krass + Wissing\" \/>\n<meta property=\"article:modified_time\" content=\"2023-09-08T08:24:42+00:00\" \/>\n<meta name=\"twitter:card\" content=\"summary_large_image\" \/>\n<script type=\"application\/ld+json\" class=\"yoast-schema-graph\">{\"@context\":\"https:\\\/\\\/schema.org\",\"@graph\":[{\"@type\":\"WebPage\",\"@id\":\"https:\\\/\\\/krasspluswissing.de\\\/fr\\\/carriere\\\/\",\"url\":\"https:\\\/\\\/krasspluswissing.de\\\/fr\\\/carriere\\\/\",\"name\":\"Carri\u00e8re bei Krass + Wissing\",\"isPartOf\":{\"@id\":\"https:\\\/\\\/krasspluswissing.de\\\/fr\\\/#website\"},\"datePublished\":\"2022-02-18T11:56:04+00:00\",\"dateModified\":\"2023-09-08T08:24:42+00:00\",\"description\":\"Ausbildung? Praktikum? Karriere? Wir freuen uns immer \u00fcber deine Bewerbung. Jederzeit an bewerbung@krasspluswissing.de\",\"breadcrumb\":{\"@id\":\"https:\\\/\\\/krasspluswissing.de\\\/fr\\\/carriere\\\/#breadcrumb\"},\"inLanguage\":\"fr-FR\",\"potentialAction\":[{\"@type\":\"ReadAction\",\"target\":[\"https:\\\/\\\/krasspluswissing.de\\\/fr\\\/carriere\\\/\"]}]},{\"@type\":\"BreadcrumbList\",\"@id\":\"https:\\\/\\\/krasspluswissing.de\\\/fr\\\/carriere\\\/#breadcrumb\",\"itemListElement\":[{\"@type\":\"ListItem\",\"position\":1,\"name\":\"Startseite\",\"item\":\"https:\\\/\\\/krasspluswissing.de\\\/fr\\\/\"},{\"@type\":\"ListItem\",\"position\":2,\"name\":\"Carri\u00e8re\"}]},{\"@type\":\"WebSite\",\"@id\":\"https:\\\/\\\/krasspluswissing.de\\\/fr\\\/#website\",\"url\":\"https:\\\/\\\/krasspluswissing.de\\\/fr\\\/\",\"name\":\"Krass + Wissing\",\"description\":\"Textile B\u00e4nder\",\"publisher\":{\"@id\":\"https:\\\/\\\/krasspluswissing.de\\\/fr\\\/#organization\"},\"alternateName\":\"Krass & Wissing\",\"potentialAction\":[{\"@type\":\"SearchAction\",\"target\":{\"@type\":\"EntryPoint\",\"urlTemplate\":\"https:\\\/\\\/krasspluswissing.de\\\/fr\\\/?s={search_term_string}\"},\"query-input\":{\"@type\":\"PropertyValueSpecification\",\"valueRequired\":true,\"valueName\":\"search_term_string\"}}],\"inLanguage\":\"fr-FR\"},{\"@type\":\"Organization\",\"@id\":\"https:\\\/\\\/krasspluswissing.de\\\/fr\\\/#organization\",\"name\":\"Krass+Wissing\",\"alternateName\":\"Krass&Wissing\",\"url\":\"https:\\\/\\\/krasspluswissing.de\\\/fr\\\/\",\"logo\":{\"@type\":\"ImageObject\",\"inLanguage\":\"fr-FR\",\"@id\":\"https:\\\/\\\/krasspluswissing.de\\\/fr\\\/#\\\/schema\\\/logo\\\/image\\\/\",\"url\":\"https:\\\/\\\/krasspluswissing.de\\\/wp-content\\\/uploads\\\/2022\\\/10\\\/KW_Logo_since_1958.png\",\"contentUrl\":\"https:\\\/\\\/krasspluswissing.de\\\/wp-content\\\/uploads\\\/2022\\\/10\\\/KW_Logo_since_1958.png\",\"width\":1684,\"height\":378,\"caption\":\"Krass+Wissing\"},\"image\":{\"@id\":\"https:\\\/\\\/krasspluswissing.de\\\/fr\\\/#\\\/schema\\\/logo\\\/image\\\/\"}}]}<\/script>\n<!-- \/ Yoast SEO Premium plugin. -->","yoast_head_json":{"title":"Carri\u00e8re bei Krass + Wissing","description":"Ausbildung? Praktikum? Karriere? Wir freuen uns immer \u00fcber deine Bewerbung. Jederzeit an bewerbung@krasspluswissing.de","robots":{"index":"index","follow":"follow","max-snippet":"max-snippet:-1","max-image-preview":"max-image-preview:large","max-video-preview":"max-video-preview:-1"},"canonical":"https:\/\/krasspluswissing.de\/fr\/carriere\/","og_locale":"fr_FR","og_type":"article","og_title":"Carri\u00e8re","og_description":"Ausbildung? Praktikum? Karriere? Wir freuen uns immer \u00fcber deine Bewerbung. Jederzeit an bewerbung@krasspluswissing.de","og_url":"https:\/\/krasspluswissing.de\/fr\/carriere\/","og_site_name":"Krass + Wissing","article_modified_time":"2023-09-08T08:24:42+00:00","twitter_card":"summary_large_image","schema":{"@context":"https:\/\/schema.org","@graph":[{"@type":"WebPage","@id":"https:\/\/krasspluswissing.de\/fr\/carriere\/","url":"https:\/\/krasspluswissing.de\/fr\/carriere\/","name":"Carri\u00e8re bei Krass + Wissing","isPartOf":{"@id":"https:\/\/krasspluswissing.de\/fr\/#website"},"datePublished":"2022-02-18T11:56:04+00:00","dateModified":"2023-09-08T08:24:42+00:00","description":"Ausbildung? Praktikum? Karriere? Wir freuen uns immer \u00fcber deine Bewerbung. Jederzeit an bewerbung@krasspluswissing.de","breadcrumb":{"@id":"https:\/\/krasspluswissing.de\/fr\/carriere\/#breadcrumb"},"inLanguage":"fr-FR","potentialAction":[{"@type":"ReadAction","target":["https:\/\/krasspluswissing.de\/fr\/carriere\/"]}]},{"@type":"BreadcrumbList","@id":"https:\/\/krasspluswissing.de\/fr\/carriere\/#breadcrumb","itemListElement":[{"@type":"ListItem","position":1,"name":"Startseite","item":"https:\/\/krasspluswissing.de\/fr\/"},{"@type":"ListItem","position":2,"name":"Carri\u00e8re"}]},{"@type":"WebSite","@id":"https:\/\/krasspluswissing.de\/fr\/#website","url":"https:\/\/krasspluswissing.de\/fr\/","name":"Krass + Wissing","description":"Textile B\u00e4nder","publisher":{"@id":"https:\/\/krasspluswissing.de\/fr\/#organization"},"alternateName":"Krass & Wissing","potentialAction":[{"@type":"SearchAction","target":{"@type":"EntryPoint","urlTemplate":"https:\/\/krasspluswissing.de\/fr\/?s={search_term_string}"},"query-input":{"@type":"PropertyValueSpecification","valueRequired":true,"valueName":"search_term_string"}}],"inLanguage":"fr-FR"},{"@type":"Organization","@id":"https:\/\/krasspluswissing.de\/fr\/#organization","name":"Krass+Wissing","alternateName":"Krass&Wissing","url":"https:\/\/krasspluswissing.de\/fr\/","logo":{"@type":"ImageObject","inLanguage":"fr-FR","@id":"https:\/\/krasspluswissing.de\/fr\/#\/schema\/logo\/image\/","url":"https:\/\/krasspluswissing.de\/wp-content\/uploads\/2022\/10\/KW_Logo_since_1958.png","contentUrl":"https:\/\/krasspluswissing.de\/wp-content\/uploads\/2022\/10\/KW_Logo_since_1958.png","width":1684,"height":378,"caption":"Krass+Wissing"},"image":{"@id":"https:\/\/krasspluswissing.de\/fr\/#\/schema\/logo\/image\/"}}]}},"_links":{"self":[{"href":"https:\/\/krasspluswissing.de\/fr\/wp-json\/wp\/v2\/pages\/9146","targetHints":{"allow":["GET"]}}],"collection":[{"href":"https:\/\/krasspluswissing.de\/fr\/wp-json\/wp\/v2\/pages"}],"about":[{"href":"https:\/\/krasspluswissing.de\/fr\/wp-json\/wp\/v2\/types\/page"}],"author":[{"embeddable":true,"href":"https:\/\/krasspluswissing.de\/fr\/wp-json\/wp\/v2\/users\/1"}],"replies":[{"embeddable":true,"href":"https:\/\/krasspluswissing.de\/fr\/wp-json\/wp\/v2\/comments?post=9146"}],"version-history":[{"count":0,"href":"https:\/\/krasspluswissing.de\/fr\/wp-json\/wp\/v2\/pages\/9146\/revisions"}],"wp:attachment":[{"href":"https:\/\/krasspluswissing.de\/fr\/wp-json\/wp\/v2\/media?parent=9146"}],"curies":[{"name":"wp","href":"https:\/\/api.w.org\/{rel}","templated":true}]}}