{"id":10098,"date":"2022-02-18T12:56:04","date_gmt":"2022-02-18T11:56:04","guid":{"rendered":"https:\/\/krasspluswissing.de\/karriere\/"},"modified":"2025-05-17T08:02:12","modified_gmt":"2025-05-17T06:02:12","slug":"kariera","status":"publish","type":"page","link":"https:\/\/krasspluswissing.de\/pl\/kariera\/","title":{"rendered":"Kariera"},"content":{"rendered":"\n\n\n\n<!-- Block-Wrapper Anfang -->\n<div id=\"header-2col-block_7ff47698c9b4a842ae9ec545cc489227\" class=\"block block--header-2col parallax \">\n  <div class=\" block__inner block__inner--header-2col py-3 py-md-5 \">\n<!-- \/Block-Wrapper Anfang -->\n\n    <div class=\"container\">\n      <div class=\"row\">\n        <div class=\"col-12 col-lg-6 pb-3 pb-lg-0\">\n          \n<div class=\"content__modul content__text\">\n  <h1>Kariera<\/h1>\n<p>Jako zorientowane na przysz\u0142o\u015b\u0107 przedsi\u0119biorstwo rodzinne jeste\u015bmy nieustannie w procesie udoskonalania. Nasze produkty tekstylne wymagaj\u0105 pasji, know-how i niezb\u0119dnej intuicji.<\/p>\n<p>Szukamy nowych cz\u0142onk\u00f3w zespo\u0142u, kt\u00f3rzy nie boj\u0105 si\u0119 wyzwa\u0144 i posiadaj\u0105 wysokie poczucie odpowiedzialno\u015bci za powierzone obowi\u0105zki.<\/p>\n<\/div>\n        <\/div>\n        <div class=\"col-12 col-lg-6 pb-0\">\n          <div class=\"header__img\">\n                      <\/div>\n        <\/div>\n      <\/div>\n    <\/div>\n\n<!-- Block-Wrapper Ende -->\n  <\/div><!-- .block__inner -->\n<\/div><!-- .block -->\n<!-- \/Block-Wrapper Ende -->\n\n\n\n\n\n  <style type=\"text\/css\">\n    \/* H\u00f6he *\/\n    #header-2col-block_7ff47698c9b4a842ae9ec545cc489227 .block__inner--header-2col{\n              min-height: 85vh;\n          }\n\n    #header-2col-block_7ff47698c9b4a842ae9ec545cc489227.parallax{\n      height: calc(85vh - 100px);\n    }\n\n    @media only screen and (max-width: 991.98px) {\n      #header-2col-block_7ff47698c9b4a842ae9ec545cc489227.parallax{\n        height: 100vh;\n      }\n    }\n    @media only screen and (max-width: 575.98px) {\n      #header-2col-block_7ff47698c9b4a842ae9ec545cc489227.parallax{\n        height: calc(100vh - 125px);\n      }\n    }\n\n\n    \n    \n    \/* Hintergrundbild *\/\n          #header-2col-block_7ff47698c9b4a842ae9ec545cc489227 {\n        background-image: url(https:\/\/krasspluswissing.de\/wp-content\/uploads\/2022\/04\/Krass-Wissing-Webereistrasse-1-Steinfurt-Schraegband-Produzent-Gebaude-Nacht.jpg);\n        background-size: cover;\n        background-position: center center;\n      }\n    \n    \/* Navigationshintergrund und Verlauf *\/\n    \n\n                  #header-2col-block_7ff47698c9b4a842ae9ec545cc489227 .block__inner {background: linear-gradient(to right, rgba(30,27,24, 0.65), rgba(0, 0, 0, 0))}\n          \n    #header-2col-block_7ff47698c9b4a842ae9ec545cc489227{      background-color: #FFFFFF;      color: #ffffff;    }                  <\/style>\n\n\n\n  <div class=\"diagonal diagonal--above diagonal--content-2col-block_84d3f9719fc7cdd5b15db791e7e34135\"><\/div>\n\n<!-- Block-Wrapper Anfang -->\n<div id=\"content-2col-block_84d3f9719fc7cdd5b15db791e7e34135\" class=\"block block--content-2col  pt-5 pb-5       \">\n    <div class=\"block__inner block__inner--content-2col container \">\n    <!-- \/Block-Wrapper Anfang -->\n\n\n\n        <div class=\"content row align-items-center justify-content-between\">\n          <div class=\"content__spalte content__spalte--1 col-12 col-lg-5 pb-3 pb-lg-0\">\n            \n<div class=\"content__modul content__text\">\n  <h3>Kszta\u0142cenie<\/h3>\n<p>Dobrzy pracownicy s\u0105 niezb\u0119dni. Nie ma lepszych od tych, kt\u00f3re sam wyszkoli\u0142e\u015b.<br \/>\nDlatego cieszymy si\u0119, \u017ce jak co roku mo\u017cemy zaproponowa\u0107 nast\u0119puj\u0105ce mo\u017cliwo\u015bci kszta\u0142cenia:<\/p>\n<ul>\n<li>IPracownik biurowy (m\/k\/d)<\/li>\n<li>Asystent ds. zarz\u0105dzania biurem (m\/k\/d)<\/li>\n<li>Operator maszyn w\u0142\u00f3kienniczych (m\/f\/d)<\/li>\n<\/ul>\n<\/div>\n\n<div class=\"content__modul content__html\">\n  <div class=\"pt-1 pt-md-2\"><\/div><\/div>\n\n<div class=\"content__modul content__text\">\n  <h3>Praktyka<\/h3>\n<ul>\n<li>Szukasz sta\u017cu do szko\u0142y lub na studia?<\/li>\n<li>Chcesz wiedzie\u0107, czy praktyka zawodowa jest dla Ciebie odpowiednia?<\/li>\n<li>Czy potrzebujesz rocznego sta\u017cu, aby uko\u0144czy\u0107 Fach-Abi?<\/li>\n<\/ul>\n<p>Je\u015bli na cho\u0107 jedno z tych pyta\u0144 odpowiedzia\u0142e\u015b &#8220;TAK&#8221;, skontaktuj si\u0119 z nami.<br \/>\nCzy to w obszarze handlowym, technicznym czy produkcyjnym, masz u nas mo\u017cliwo\u015b\u0107 zdobycia pierwszego rozeznania w najr\u00f3\u017cniejszych dziedzinach<\/p>\n<\/div>\n          <\/div>\n          <div class=\"content__spalte content__spalte--2 col-12 col-lg-6 pb-0\">\n            \n<div class=\"content__modul content__html\">\n  <div class=\"pt-1 pt-md-2\"><\/div><\/div>\n\n<div class=\"content__modul content__text\">\n  <h3>Praca<\/h3>\n<p>Szukasz zmiany w karierze zawodowej i nowych wyzwa\u0144? Zapraszamy do przesy\u0142ania zg\u0142osze\u0144 na adres bewerbung@krasspluswissing.de.<\/p>\n<p>Szukamy rzetelnych i zaanga\u017cowanych pracownik\u00f3w, kt\u00f3rzy chc\u0105 wykaza\u0107 si\u0119 talentem do tekstyli\u00f3w w wielokulturowym \u015brodowisku pracy.<\/p>\n<p>Oferujemy:<\/p>\n<ul>\n<li>Uczciwe wynagrodzenie<\/li>\n<li>Premia \u015bwi\u0105teczna i wakacyjna<\/li>\n<li>Urlop okoliczno\u015bciowy na specjalne okazje<\/li>\n<li>Szkolenia<\/li>\n<li>Samodzielne dzia\u0142anie w swojej dziedzinie pracy<\/li>\n<li>Jasne, nowoczesne i otwarte biura i pomieszczenia produkcyjne<\/li>\n<li>i wiele wi\u0119cej<\/li>\n<\/ul>\n<\/div>\n          <\/div>\n        <\/div>\n\n\n<!-- Block-Wrapper Ende -->\n      <\/div><!-- .block__inner -->\n<\/div><!-- .block -->\n<!-- \/Block-Wrapper Ende -->\n\n\n  <style type=\"text\/css\">\n    #content-2col-block_84d3f9719fc7cdd5b15db791e7e34135{      background-color: #777777;      color: #ffffff;    }                        \n            .diagonal--content-2col-block_84d3f9719fc7cdd5b15db791e7e34135  { background-color: #777777 }\n    \n    #content-2col-block_84d3f9719fc7cdd5b15db791e7e34135{ z-index: 0 }\n  <\/style>\n\n\n\n  <div class=\"diagonal diagonal--above diagonal--content-2col-block_4fc225c69e8f9fad9177d1990e4ea69c\"><\/div>\n\n<!-- Block-Wrapper Anfang -->\n<div id=\"content-2col-block_4fc225c69e8f9fad9177d1990e4ea69c\" class=\"block block--content-2col  pt-5 pb-5       \">\n    <div class=\"block__inner block__inner--content-2col container \">\n    <!-- \/Block-Wrapper Anfang -->\n\n\n\n        <div class=\"content row align-items-center justify-content-between\">\n          <div class=\"content__spalte content__spalte--1 col-12 col-lg-5 pb-3 pb-lg-0\">\n            \n<div class=\"content__modul content__text\">\n  <h3>O nas<\/h3>\n<p>Firma <strong>Krass + Wissing<\/strong> powsta\u0142a roku 1958 jako firma rodzinna.<br \/>\nObecnie, w trzecim pokoleniu, jeste\u015bmy wiod\u0105c\u0105 mi\u0119dzynarodow\u0105 firm\u0105 zajmuj\u0105c\u0105 si\u0119 produkcj\u0105 lam\u00f3wek.<\/p>\n<p><a class=\"link__arrow\" href=\"https:\/\/krasspluswissing.de\/pl\/o-nas\/\">Dowiedz si\u0119 wi\u0119cej o nas<\/a><\/p>\n<\/div>\n          <\/div>\n          <div class=\"content__spalte content__spalte--2 col-12 col-lg-5 pb-0\">\n            \n<div class=\"content__modul content__text\">\n  <h3>Produkty<\/h3>\n<p>Nasze produkty s\u0105 twoimi produktami. Skorzystaj z naszych proces\u00f3w i naszego know-how \u2013 wsp\u00f3lnie z Tob\u0105 opracujemy idealny produkt dla Twojego zastosowania.<\/p>\n<p><a class=\"link__arrow\" href=\"https:\/\/krasspluswissing.de\/pl\/produkty\/\">Przejdz do produkt\u00f3w<\/a><\/p>\n<\/div>\n          <\/div>\n        <\/div>\n\n\n<!-- Block-Wrapper Ende -->\n      <\/div><!-- .block__inner -->\n<\/div><!-- .block -->\n<!-- \/Block-Wrapper Ende -->\n\n\n  <style type=\"text\/css\">\n    #content-2col-block_4fc225c69e8f9fad9177d1990e4ea69c{      background-color: #777777;      color: #ffffff;    }        #content-2col-block_4fc225c69e8f9fad9177d1990e4ea69c a{ color: #ffffff;}          #content-2col-block_4fc225c69e8f9fad9177d1990e4ea69c .button { background-color: #ffffff;\n                                       border-color: #ffffff }\n      #content-2col-block_4fc225c69e8f9fad9177d1990e4ea69c .button a, #content-2col-block_4fc225c69e8f9fad9177d1990e4ea69c .field-wrap input[type=button] { color: #FFFFFF !important }\n      #content-2col-block_4fc225c69e8f9fad9177d1990e4ea69c .button:hover a, #content-2col-block_4fc225c69e8f9fad9177d1990e4ea69c .field-wrap input[type=button]:hover { color: #ffffff !important }\n      #content-2col-block_4fc225c69e8f9fad9177d1990e4ea69c .button--2:after { color: #ffffff }\n      #content-2col-block_4fc225c69e8f9fad9177d1990e4ea69c .button--3:before { border-color: #ffffff !important }\n                \n            .diagonal--content-2col-block_4fc225c69e8f9fad9177d1990e4ea69c  { background-color: #777777 }\n    \n    #content-2col-block_4fc225c69e8f9fad9177d1990e4ea69c{ z-index: 0 }\n  <\/style>\n","protected":false},"excerpt":{"rendered":"","protected":false},"author":1,"featured_media":0,"parent":0,"menu_order":0,"comment_status":"closed","ping_status":"closed","template":"","meta":{"_acf_changed":false,"protect_children":false,"_relevanssi_hide_post":"","_relevanssi_pin_for_all":"","_relevanssi_pin_keywords":"","_relevanssi_unpin_keywords":"","_relevanssi_related_keywords":"","_relevanssi_related_include_ids":"","_relevanssi_related_exclude_ids":"","_relevanssi_related_no_append":"","_relevanssi_related_not_related":"","_relevanssi_related_posts":"1","_relevanssi_noindex_reason":"","footnotes":""},"class_list":["post-10098","page","type-page","status-publish","hentry"],"acf":[],"yoast_head":"<!-- This site is optimized with the Yoast SEO Premium plugin v27.1 (Yoast SEO v27.4) - https:\/\/yoast.com\/product\/yoast-seo-premium-wordpress\/ -->\n<title>Kariera bei Krass + Wissing<\/title>\n<meta name=\"description\" content=\"Ausbildung? Praktikum? Karriere? Wir freuen uns immer \u00fcber deine Bewerbung. Jederzeit an bewerbung@krasspluswissing.de\" \/>\n<meta name=\"robots\" content=\"index, follow, max-snippet:-1, max-image-preview:large, max-video-preview:-1\" \/>\n<link rel=\"canonical\" href=\"https:\/\/krasspluswissing.de\/pl\/kariera\/\" \/>\n<meta property=\"og:locale\" content=\"pl_PL\" \/>\n<meta property=\"og:type\" content=\"article\" \/>\n<meta property=\"og:title\" content=\"Kariera\" \/>\n<meta property=\"og:description\" content=\"Ausbildung? Praktikum? Karriere? Wir freuen uns immer \u00fcber deine Bewerbung. Jederzeit an bewerbung@krasspluswissing.de\" \/>\n<meta property=\"og:url\" content=\"https:\/\/krasspluswissing.de\/pl\/kariera\/\" \/>\n<meta property=\"og:site_name\" content=\"Krass + Wissing\" \/>\n<meta property=\"article:modified_time\" content=\"2025-05-17T06:02:12+00:00\" \/>\n<meta name=\"twitter:card\" content=\"summary_large_image\" \/>\n<script type=\"application\/ld+json\" class=\"yoast-schema-graph\">{\"@context\":\"https:\\\/\\\/schema.org\",\"@graph\":[{\"@type\":\"WebPage\",\"@id\":\"https:\\\/\\\/krasspluswissing.de\\\/pl\\\/kariera\\\/\",\"url\":\"https:\\\/\\\/krasspluswissing.de\\\/pl\\\/kariera\\\/\",\"name\":\"Kariera bei Krass + Wissing\",\"isPartOf\":{\"@id\":\"https:\\\/\\\/krasspluswissing.de\\\/fr\\\/#website\"},\"datePublished\":\"2022-02-18T11:56:04+00:00\",\"dateModified\":\"2025-05-17T06:02:12+00:00\",\"description\":\"Ausbildung? Praktikum? Karriere? Wir freuen uns immer \u00fcber deine Bewerbung. Jederzeit an bewerbung@krasspluswissing.de\",\"breadcrumb\":{\"@id\":\"https:\\\/\\\/krasspluswissing.de\\\/pl\\\/kariera\\\/#breadcrumb\"},\"inLanguage\":\"pl-PL\",\"potentialAction\":[{\"@type\":\"ReadAction\",\"target\":[\"https:\\\/\\\/krasspluswissing.de\\\/pl\\\/kariera\\\/\"]}]},{\"@type\":\"BreadcrumbList\",\"@id\":\"https:\\\/\\\/krasspluswissing.de\\\/pl\\\/kariera\\\/#breadcrumb\",\"itemListElement\":[{\"@type\":\"ListItem\",\"position\":1,\"name\":\"Startseite\",\"item\":\"https:\\\/\\\/krasspluswissing.de\\\/pl\\\/\"},{\"@type\":\"ListItem\",\"position\":2,\"name\":\"Kariera\"}]},{\"@type\":\"WebSite\",\"@id\":\"https:\\\/\\\/krasspluswissing.de\\\/fr\\\/#website\",\"url\":\"https:\\\/\\\/krasspluswissing.de\\\/fr\\\/\",\"name\":\"Krass + Wissing\",\"description\":\"Textile B\u00e4nder\",\"publisher\":{\"@id\":\"https:\\\/\\\/krasspluswissing.de\\\/fr\\\/#organization\"},\"alternateName\":\"Krass & Wissing\",\"potentialAction\":[{\"@type\":\"SearchAction\",\"target\":{\"@type\":\"EntryPoint\",\"urlTemplate\":\"https:\\\/\\\/krasspluswissing.de\\\/fr\\\/?s={search_term_string}\"},\"query-input\":{\"@type\":\"PropertyValueSpecification\",\"valueRequired\":true,\"valueName\":\"search_term_string\"}}],\"inLanguage\":\"pl-PL\"},{\"@type\":\"Organization\",\"@id\":\"https:\\\/\\\/krasspluswissing.de\\\/fr\\\/#organization\",\"name\":\"Krass+Wissing\",\"alternateName\":\"Krass&Wissing\",\"url\":\"https:\\\/\\\/krasspluswissing.de\\\/fr\\\/\",\"logo\":{\"@type\":\"ImageObject\",\"inLanguage\":\"pl-PL\",\"@id\":\"https:\\\/\\\/krasspluswissing.de\\\/fr\\\/#\\\/schema\\\/logo\\\/image\\\/\",\"url\":\"https:\\\/\\\/krasspluswissing.de\\\/wp-content\\\/uploads\\\/2022\\\/10\\\/KW_Logo_since_1958.png\",\"contentUrl\":\"https:\\\/\\\/krasspluswissing.de\\\/wp-content\\\/uploads\\\/2022\\\/10\\\/KW_Logo_since_1958.png\",\"width\":1684,\"height\":378,\"caption\":\"Krass+Wissing\"},\"image\":{\"@id\":\"https:\\\/\\\/krasspluswissing.de\\\/fr\\\/#\\\/schema\\\/logo\\\/image\\\/\"}}]}<\/script>\n<!-- \/ Yoast SEO Premium plugin. -->","yoast_head_json":{"title":"Kariera bei Krass + Wissing","description":"Ausbildung? Praktikum? Karriere? Wir freuen uns immer \u00fcber deine Bewerbung. Jederzeit an bewerbung@krasspluswissing.de","robots":{"index":"index","follow":"follow","max-snippet":"max-snippet:-1","max-image-preview":"max-image-preview:large","max-video-preview":"max-video-preview:-1"},"canonical":"https:\/\/krasspluswissing.de\/pl\/kariera\/","og_locale":"pl_PL","og_type":"article","og_title":"Kariera","og_description":"Ausbildung? Praktikum? Karriere? Wir freuen uns immer \u00fcber deine Bewerbung. Jederzeit an bewerbung@krasspluswissing.de","og_url":"https:\/\/krasspluswissing.de\/pl\/kariera\/","og_site_name":"Krass + Wissing","article_modified_time":"2025-05-17T06:02:12+00:00","twitter_card":"summary_large_image","schema":{"@context":"https:\/\/schema.org","@graph":[{"@type":"WebPage","@id":"https:\/\/krasspluswissing.de\/pl\/kariera\/","url":"https:\/\/krasspluswissing.de\/pl\/kariera\/","name":"Kariera bei Krass + Wissing","isPartOf":{"@id":"https:\/\/krasspluswissing.de\/fr\/#website"},"datePublished":"2022-02-18T11:56:04+00:00","dateModified":"2025-05-17T06:02:12+00:00","description":"Ausbildung? Praktikum? Karriere? Wir freuen uns immer \u00fcber deine Bewerbung. Jederzeit an bewerbung@krasspluswissing.de","breadcrumb":{"@id":"https:\/\/krasspluswissing.de\/pl\/kariera\/#breadcrumb"},"inLanguage":"pl-PL","potentialAction":[{"@type":"ReadAction","target":["https:\/\/krasspluswissing.de\/pl\/kariera\/"]}]},{"@type":"BreadcrumbList","@id":"https:\/\/krasspluswissing.de\/pl\/kariera\/#breadcrumb","itemListElement":[{"@type":"ListItem","position":1,"name":"Startseite","item":"https:\/\/krasspluswissing.de\/pl\/"},{"@type":"ListItem","position":2,"name":"Kariera"}]},{"@type":"WebSite","@id":"https:\/\/krasspluswissing.de\/fr\/#website","url":"https:\/\/krasspluswissing.de\/fr\/","name":"Krass + Wissing","description":"Textile B\u00e4nder","publisher":{"@id":"https:\/\/krasspluswissing.de\/fr\/#organization"},"alternateName":"Krass & Wissing","potentialAction":[{"@type":"SearchAction","target":{"@type":"EntryPoint","urlTemplate":"https:\/\/krasspluswissing.de\/fr\/?s={search_term_string}"},"query-input":{"@type":"PropertyValueSpecification","valueRequired":true,"valueName":"search_term_string"}}],"inLanguage":"pl-PL"},{"@type":"Organization","@id":"https:\/\/krasspluswissing.de\/fr\/#organization","name":"Krass+Wissing","alternateName":"Krass&Wissing","url":"https:\/\/krasspluswissing.de\/fr\/","logo":{"@type":"ImageObject","inLanguage":"pl-PL","@id":"https:\/\/krasspluswissing.de\/fr\/#\/schema\/logo\/image\/","url":"https:\/\/krasspluswissing.de\/wp-content\/uploads\/2022\/10\/KW_Logo_since_1958.png","contentUrl":"https:\/\/krasspluswissing.de\/wp-content\/uploads\/2022\/10\/KW_Logo_since_1958.png","width":1684,"height":378,"caption":"Krass+Wissing"},"image":{"@id":"https:\/\/krasspluswissing.de\/fr\/#\/schema\/logo\/image\/"}}]}},"_links":{"self":[{"href":"https:\/\/krasspluswissing.de\/pl\/wp-json\/wp\/v2\/pages\/10098","targetHints":{"allow":["GET"]}}],"collection":[{"href":"https:\/\/krasspluswissing.de\/pl\/wp-json\/wp\/v2\/pages"}],"about":[{"href":"https:\/\/krasspluswissing.de\/pl\/wp-json\/wp\/v2\/types\/page"}],"author":[{"embeddable":true,"href":"https:\/\/krasspluswissing.de\/pl\/wp-json\/wp\/v2\/users\/1"}],"replies":[{"embeddable":true,"href":"https:\/\/krasspluswissing.de\/pl\/wp-json\/wp\/v2\/comments?post=10098"}],"version-history":[{"count":0,"href":"https:\/\/krasspluswissing.de\/pl\/wp-json\/wp\/v2\/pages\/10098\/revisions"}],"wp:attachment":[{"href":"https:\/\/krasspluswissing.de\/pl\/wp-json\/wp\/v2\/media?parent=10098"}],"curies":[{"name":"wp","href":"https:\/\/api.w.org\/{rel}","templated":true}]}}