{"id":14629,"date":"2026-02-09T16:15:53","date_gmt":"2026-02-09T15:15:53","guid":{"rendered":"https:\/\/krasspluswissing.de\/produkty\/bedruckte-baender\/"},"modified":"2026-02-19T13:38:17","modified_gmt":"2026-02-19T12:38:17","slug":"tasmy-z-nadrukiem","status":"publish","type":"page","link":"https:\/\/krasspluswissing.de\/pl\/produkty\/tasmy-z-nadrukiem\/","title":{"rendered":"Ta\u015bmy z nadrukiem"},"content":{"rendered":"\n\n\n\n<!-- Block-Wrapper Anfang -->\n<div id=\"header-2col-block_56c891952022c050a2c721b1656bffbf\" class=\"block block--header-2col parallax       \">\n  <div class=\" block__inner block__inner--header-2col py-3 py-md-5 \">\n<!-- \/Block-Wrapper Anfang -->\n\n    <div class=\"container\">\n      <div class=\"row\">\n        <div class=\"col-12 col-lg-6 pb-3 pb-lg-0\">\n          \n<div class=\"content__modul content__text\">\n  <h1>Ta\u015bmy z nadrukiem<\/h1>\n<h3>Indywidualny design i przekaz marki bezpo\u015brednio w strukturze tekstylnej<\/h3>\n<p>Ta\u015bmy z nadrukiem nadaj\u0105 wyrobom tekstylnym <strong>niepowtarzalny charakter<\/strong>. Przekazuj\u0105 design, mark\u0119 i to\u017csamo\u015b\u0107 dok\u0142adnie tam, gdzie s\u0105 widoczne i trwale zintegrowane \u2013 bezpo\u015brednio w ta\u015bmie. Kolory, wzory, logotypy czy napisy nie s\u0105 jedynie nanoszone, lecz trwale \u0142\u0105czone z komponentem tekstylnym \u2013 zapewniaj\u0105c indywidualny wygl\u0105d oraz wyra\u017an\u0105 rozpoznawalno\u015b\u0107 marki.<\/p>\n<\/div>\n        <\/div>\n        <div class=\"col-12 col-lg-6 pb-0\">\n          <div class=\"header__img\">\n                      <\/div>\n        <\/div>\n      <\/div>\n    <\/div>\n\n<!-- Block-Wrapper Ende -->\n  <\/div><!-- .block__inner -->\n<\/div><!-- .block -->\n<!-- \/Block-Wrapper Ende -->\n\n\n\n\n\n  <style type=\"text\/css\">\n    \/* H\u00f6he *\/\n    #header-2col-block_56c891952022c050a2c721b1656bffbf .block__inner--header-2col{\n              min-height: 90vh;\n          }\n\n    #header-2col-block_56c891952022c050a2c721b1656bffbf.parallax{\n      height: calc(90vh - 100px);\n    }\n\n    @media only screen and (max-width: 991.98px) {\n      #header-2col-block_56c891952022c050a2c721b1656bffbf.parallax{\n        height: 100vh;\n      }\n    }\n    @media only screen and (max-width: 575.98px) {\n      #header-2col-block_56c891952022c050a2c721b1656bffbf.parallax{\n        height: calc(100vh - 125px);\n      }\n    }\n\n\n          \n      \n      \n      \n          \n    \n    \/* Hintergrundbild *\/\n          #header-2col-block_56c891952022c050a2c721b1656bffbf {\n        background-image: url(https:\/\/krasspluswissing.de\/wp-content\/uploads\/2026\/02\/image.jpeg);\n        background-size: cover;\n        background-position: center center;\n      }\n    \n    \/* Navigationshintergrund und Verlauf *\/\n    \n\n                  #header-2col-block_56c891952022c050a2c721b1656bffbf .block__inner {background: linear-gradient(to right, rgba(30,27,24, 0.6), rgba(0, 0, 0, 0))}\n          \n    #header-2col-block_56c891952022c050a2c721b1656bffbf{      background-color: #FFFFFF;      color: #f2f2f2;    }                  <\/style>\n\n\n\n\n  <div class=\"diagonal diagonal--above  diagonal--content-1col-block_889623d9d600c666aea71bdbe41fae72\"><\/div>\n\n<!-- Block-Wrapper Anfang -->\n<div id=\"content-1col-block_889623d9d600c666aea71bdbe41fae72\" class=\"block block--content-1col pt-5 pb-1       \">\n  <div class=\"block__inner block__inner--content-1col container \">\n    <!-- \/Block-Wrapper Anfang -->\n\n        <div class=\"content row\">\n          <div class=\"content__spalte col-12\">\n\n\n            \n              \n<div class=\"content__modul content__text\">\n  <h2>Projektowanie zamiast rozwi\u0105zania standardowego<\/h2>\n<p>W przeciwie\u0144stwie do ta\u015bm neutralnych lub jednokolorowych, wersje z nadrukiem umo\u017cliwiaj\u0105 konsekwentnie indywidualne projektowanie. Ta\u015bma staje si\u0119 no\u015bnikiem przekazu marki i mo\u017ce by\u0107 precyzyjnie dopasowana do designu produktu ko\u0144cowego. Niezale\u017cnie od tego, czy s\u0105 to subtelne rozwi\u0105zania ton w ton, czy \u015bwiadomie widoczne elementy graficzne \u2013 nadruk nadaje tekstyliom charakter i czyni je niepowtarzalnymi.<\/p>\n<p>Nie chodzi przy tym o kr\u00f3tkotrwa\u0142y efekt, lecz o trwa\u0142\u0105 identyfikacj\u0119 wizualn\u0105, kt\u00f3ra pozostaje zachowana nawet przy intensywnym u\u017cytkowaniu.<\/p>\n<h2>Materia\u0142, nadruk i efekt jako sp\u00f3jna ca\u0142o\u015b\u0107<\/h2>\n<p>Aby ta\u015bmy z nadrukiem mog\u0142y w pe\u0142ni oddzia\u0142ywa\u0107 wizualnie, materia\u0142, obraz nadruku i dalsza obr\u00f3bka musz\u0105 by\u0107 ze sob\u0105 dopasowane. R\u00f3\u017cne pod\u0142o\u017ca tekstylne \u2013 takie jak ta\u015bmy tkane, dzianiny osnowowe czy wyroby dziewiarskie \u2013 wp\u0142ywaj\u0105 na chwyt, wygl\u0105d i ko\u0144cowy efekt wizualny. Dlatego nadruk jest zawsze projektowany odpowiednio do materia\u0142u, aby kolory pozosta\u0142y wyraziste, linie precyzyjne, a ta\u015bma zachowa\u0142a wysok\u0105 jako\u015b\u0107 tak\u017ce po obr\u00f3bce i u\u017cytkowaniu.<\/p>\n<p>Nadruk nie jest dodatkiem wykonywanym na ko\u0144cu procesu, lecz integraln\u0105 cz\u0119\u015bci\u0105 ta\u015bmy.<\/p>\n<h2>Trwa\u0142o\u015b\u0107 i bezpiecze\u0144stwo przetwarzania<\/h2>\n<p>Opr\u00f3cz efektu wizualnego kluczow\u0105 rol\u0119 odgrywa jako\u015b\u0107 techniczna. Ta\u015bmy z nadrukiem musz\u0105 zapewnia\u0107 niezawodno\u015b\u0107 w przetwarzaniu i zachowywa\u0107 swoj\u0105 estetyk\u0119 r\u00f3wnie\u017c pod obci\u0105\u017ceniem mechanicznym. Dlatego s\u0105 projektowane tak, aby r\u00f3wnomiernie prowadzi\u0142y si\u0119 w procesie produkcji, umo\u017cliwia\u0142y powtarzaln\u0105 konfekcj\u0119 i bezpieczne szycie.<\/p>\n<p>Kolejnym istotnym aspektem jest <strong>odporno\u015b\u0107 na piel\u0119gnacj\u0119 i procesy czyszczenia<\/strong>. W zale\u017cno\u015bci od produktu ko\u0144cowego i obszaru zastosowania wymagania mog\u0105 si\u0119 znacznie r\u00f3\u017cni\u0107. Wsp\u00f3lnie z klientem okre\u015bla si\u0119, jakie obci\u0105\u017cenia musi wytrzyma\u0107 nadruk \u2013 od delikatnej piel\u0119gnacji w 30 \u00b0C lub prania r\u0119cznego a\u017c po <strong>odporno\u015b\u0107 na gotowanie i przydatno\u015b\u0107 do przemys\u0142owych proces\u00f3w czyszczenia<\/strong>. Materia\u0142, technologia druku oraz budowa kolorystyczna s\u0105 odpowiednio dopasowywane, aby zar\u00f3wno design, jak i funkcjonalno\u015b\u0107 zosta\u0142y zachowane przez ca\u0142y okres u\u017cytkowania produktu.<\/p>\n<\/div>\n\n                      <\/div>\n        <\/div>\n\n\n        \n<!-- Block-Wrapper Ende -->\n      <\/div><!-- .block__inner -->\n<\/div><!-- .block -->\n<!-- \/Block-Wrapper Ende -->\n\n\n\n\n  <style type=\"text\/css\">\n    #content-1col-block_889623d9d600c666aea71bdbe41fae72{      background-color: #FFFFFF;          }                \n            .diagonal--content-1col-block_889623d9d600c666aea71bdbe41fae72  { background-color: #FFFFFF }\n    \n    #content-1col-block_889623d9d600c666aea71bdbe41fae72{ z-index: 0 }\n  <\/style>\n\n\n\n\n<!-- Block-Wrapper Anfang -->\n<div id=\"content-2col-block_2ea686674ad97d1a8e6483a59db9b241\" class=\"block block--content-2col  pt-1 pb-5       \">\n    <div class=\"block__inner block__inner--content-2col container \">\n    <!-- \/Block-Wrapper Anfang -->\n\n\n\n        <div class=\"content row align-items-center justify-content-between\">\n          <div class=\"content__spalte content__spalte--1 col-12 col-lg-6 pb-3 pb-lg-0\">\n            \n<div class=\"content__modul content__text\">\n  <h2>Indywidualne rozwi\u0105zania dla produkcji seryjnej i zastosowa\u0144 specjalnych<\/h2>\n<p>Ta\u015bmy z nadrukiem sprawdzaj\u0105 si\u0119 zar\u00f3wno w produktach seryjnych, jak i w zastosowaniach specjalnych. Mog\u0105 by\u0107 \u0142\u0105czone z dodatkowymi etapami obr\u00f3bki, takimi jak ci\u0119cie, falcowanie czy konfekcjonowanie, i s\u0105 dost\u0119pne w r\u00f3\u017cnych formatach \u2013 od ta\u015bm w metra\u017cu ci\u0105g\u0142ym po okre\u015blone d\u0142ugo\u015bci. Powstaj\u0105 w ten spos\u00f3b rozwi\u0105zania, kt\u00f3re przekonuj\u0105 nie tylko pod wzgl\u0119dem estetycznym, ale mog\u0105 by\u0107 r\u00f3wnie\u017c ekonomicznie zintegrowane z istniej\u0105cymi procesami produkcyjnymi.<\/p>\n<h2>Typowe obszary zastosowa\u0144<\/h2>\n<p>Ta\u015bmy z nadrukiem wszelkiego rodzaju znajduj\u0105 zastosowanie w wielu obszarach przetw\u00f3rstwa tekstylnego, mi\u0119dzy innymi:<\/p>\n<ul>\n<li>bordery materacowe i toppers<\/li>\n<li>tekstylia domowe<\/li>\n<li>przemys\u0142 odzie\u017cowy<\/li>\n<li>tekstylia techniczne<\/li>\n<li>zastosowania medyczne<\/li>\n<li>rozwi\u0105zania specjalne<\/li>\n<\/ul>\n<\/div>\n\n<div class=\"content__modul content__text\">\n  <h2>Podsumowanie<\/h2>\n<p>Ta\u015bmy z nadrukiem firmy Krass+Wissing \u0142\u0105cz\u0105 design, rozpoznawalno\u015b\u0107 marki i jako\u015b\u0107. Nadaj\u0105 produktom tekstylnym indywidualny charakter, przekazuj\u0105 komunikat marki bezpo\u015brednio w strukturze materia\u0142u i jednocze\u015bnie mog\u0105 by\u0107 bezpiecznie integrowane z procesami przemys\u0142owymi.<\/p>\n<\/div>\n          <\/div>\n          <div class=\"content__spalte content__spalte--2 col-12 col-lg-6 pb-0\">\n            \n\n  <div class=\"content__modul content__img content__img--free\">\n     \n      <img decoding=\"async\" src=\"https:\/\/krasspluswissing.de\/wp-content\/uploads\/2022\/03\/flexo-druck-banddruck-einfassband-schraegband-bias-krass-wissing.png\" alt=\"Banddruck Drucken Flexodruck\">\n            <\/div>\n\n          <\/div>\n        <\/div>\n\n\n<!-- Block-Wrapper Ende -->\n      <\/div><!-- .block__inner -->\n<\/div><!-- .block -->\n<!-- \/Block-Wrapper Ende -->\n\n  <div class=\"diagonal diagonal--below diagonal--content-2col-block_2ea686674ad97d1a8e6483a59db9b241\"><\/div>\n\n  <style type=\"text\/css\">\n    #content-2col-block_2ea686674ad97d1a8e6483a59db9b241{      background-color: #FFFFFF;          }                        \n            .diagonal--content-2col-block_2ea686674ad97d1a8e6483a59db9b241  { background-color: #FFFFFF }\n    \n    #content-2col-block_2ea686674ad97d1a8e6483a59db9b241{ z-index: 0 }\n  <\/style>\n","protected":false},"excerpt":{"rendered":"","protected":false},"author":2,"featured_media":0,"parent":10084,"menu_order":0,"comment_status":"closed","ping_status":"closed","template":"","meta":{"_acf_changed":false,"protect_children":false,"_relevanssi_hide_post":"","_relevanssi_pin_for_all":"","_relevanssi_pin_keywords":"","_relevanssi_unpin_keywords":"","_relevanssi_related_keywords":"","_relevanssi_related_include_ids":"","_relevanssi_related_exclude_ids":"","_relevanssi_related_no_append":"","_relevanssi_related_not_related":"","_relevanssi_related_posts":"10214","_relevanssi_noindex_reason":"","footnotes":""},"class_list":["post-14629","page","type-page","status-publish","hentry"],"acf":[],"yoast_head":"<!-- This site is optimized with the Yoast SEO Premium plugin v27.1 (Yoast SEO v27.4) - https:\/\/yoast.com\/product\/yoast-seo-premium-wordpress\/ -->\n<title>Producent ta\u015bm z nadrukiem | Branding tekstylny | Krass+Wissing<\/title>\n<meta name=\"description\" content=\"Ta\u015bmy z nadrukiem do produkt\u00f3w tekstylnych. Trwa\u0142y nadruk, wysoka jako\u015b\u0107 i bezpieczna integracja w procesach przemys\u0142owych.\" \/>\n<meta name=\"robots\" content=\"index, follow, max-snippet:-1, max-image-preview:large, max-video-preview:-1\" \/>\n<link rel=\"canonical\" href=\"https:\/\/krasspluswissing.de\/pl\/produkty\/tasmy-z-nadrukiem\/\" \/>\n<meta property=\"og:locale\" content=\"pl_PL\" \/>\n<meta property=\"og:type\" content=\"article\" \/>\n<meta property=\"og:title\" content=\"Ta\u015bmy z nadrukiem\" \/>\n<meta property=\"og:description\" content=\"Ta\u015bmy z nadrukiem do produkt\u00f3w tekstylnych. Trwa\u0142y nadruk, wysoka jako\u015b\u0107 i bezpieczna integracja w procesach przemys\u0142owych.\" \/>\n<meta property=\"og:url\" content=\"https:\/\/krasspluswissing.de\/pl\/produkty\/tasmy-z-nadrukiem\/\" \/>\n<meta property=\"og:site_name\" content=\"Krass + Wissing\" \/>\n<meta property=\"article:modified_time\" content=\"2026-02-19T12:38:17+00:00\" \/>\n<meta name=\"twitter:card\" content=\"summary_large_image\" \/>\n<meta name=\"twitter:label1\" content=\"Szacowany czas czytania\" \/>\n\t<meta name=\"twitter:data1\" content=\"3 minutes\" \/>\n<script type=\"application\/ld+json\" class=\"yoast-schema-graph\">{\"@context\":\"https:\\\/\\\/schema.org\",\"@graph\":[{\"@type\":\"WebPage\",\"@id\":\"https:\\\/\\\/krasspluswissing.de\\\/pl\\\/produkty\\\/tasmy-z-nadrukiem\\\/\",\"url\":\"https:\\\/\\\/krasspluswissing.de\\\/pl\\\/produkty\\\/tasmy-z-nadrukiem\\\/\",\"name\":\"Producent ta\u015bm z nadrukiem | Branding tekstylny | Krass+Wissing\",\"isPartOf\":{\"@id\":\"https:\\\/\\\/krasspluswissing.de\\\/fr\\\/#website\"},\"datePublished\":\"2026-02-09T15:15:53+00:00\",\"dateModified\":\"2026-02-19T12:38:17+00:00\",\"description\":\"Ta\u015bmy z nadrukiem do produkt\u00f3w tekstylnych. Trwa\u0142y nadruk, wysoka jako\u015b\u0107 i bezpieczna integracja w procesach przemys\u0142owych.\",\"breadcrumb\":{\"@id\":\"https:\\\/\\\/krasspluswissing.de\\\/pl\\\/produkty\\\/tasmy-z-nadrukiem\\\/#breadcrumb\"},\"inLanguage\":\"pl-PL\",\"potentialAction\":[{\"@type\":\"ReadAction\",\"target\":[\"https:\\\/\\\/krasspluswissing.de\\\/pl\\\/produkty\\\/tasmy-z-nadrukiem\\\/\"]}]},{\"@type\":\"BreadcrumbList\",\"@id\":\"https:\\\/\\\/krasspluswissing.de\\\/pl\\\/produkty\\\/tasmy-z-nadrukiem\\\/#breadcrumb\",\"itemListElement\":[{\"@type\":\"ListItem\",\"position\":1,\"name\":\"Startseite\",\"item\":\"https:\\\/\\\/krasspluswissing.de\\\/pl\\\/\"},{\"@type\":\"ListItem\",\"position\":2,\"name\":\"Produkty\",\"item\":\"https:\\\/\\\/krasspluswissing.de\\\/pl\\\/produkty\\\/\"},{\"@type\":\"ListItem\",\"position\":3,\"name\":\"Ta\u015bmy z nadrukiem\"}]},{\"@type\":\"WebSite\",\"@id\":\"https:\\\/\\\/krasspluswissing.de\\\/fr\\\/#website\",\"url\":\"https:\\\/\\\/krasspluswissing.de\\\/fr\\\/\",\"name\":\"Krass + Wissing\",\"description\":\"Textile B\u00e4nder\",\"publisher\":{\"@id\":\"https:\\\/\\\/krasspluswissing.de\\\/fr\\\/#organization\"},\"alternateName\":\"Krass & Wissing\",\"potentialAction\":[{\"@type\":\"SearchAction\",\"target\":{\"@type\":\"EntryPoint\",\"urlTemplate\":\"https:\\\/\\\/krasspluswissing.de\\\/fr\\\/?s={search_term_string}\"},\"query-input\":{\"@type\":\"PropertyValueSpecification\",\"valueRequired\":true,\"valueName\":\"search_term_string\"}}],\"inLanguage\":\"pl-PL\"},{\"@type\":\"Organization\",\"@id\":\"https:\\\/\\\/krasspluswissing.de\\\/fr\\\/#organization\",\"name\":\"Krass+Wissing\",\"alternateName\":\"Krass&Wissing\",\"url\":\"https:\\\/\\\/krasspluswissing.de\\\/fr\\\/\",\"logo\":{\"@type\":\"ImageObject\",\"inLanguage\":\"pl-PL\",\"@id\":\"https:\\\/\\\/krasspluswissing.de\\\/fr\\\/#\\\/schema\\\/logo\\\/image\\\/\",\"url\":\"https:\\\/\\\/krasspluswissing.de\\\/wp-content\\\/uploads\\\/2022\\\/10\\\/KW_Logo_since_1958.png\",\"contentUrl\":\"https:\\\/\\\/krasspluswissing.de\\\/wp-content\\\/uploads\\\/2022\\\/10\\\/KW_Logo_since_1958.png\",\"width\":1684,\"height\":378,\"caption\":\"Krass+Wissing\"},\"image\":{\"@id\":\"https:\\\/\\\/krasspluswissing.de\\\/fr\\\/#\\\/schema\\\/logo\\\/image\\\/\"}}]}<\/script>\n<!-- \/ Yoast SEO Premium plugin. -->","yoast_head_json":{"title":"Producent ta\u015bm z nadrukiem | Branding tekstylny | Krass+Wissing","description":"Ta\u015bmy z nadrukiem do produkt\u00f3w tekstylnych. Trwa\u0142y nadruk, wysoka jako\u015b\u0107 i bezpieczna integracja w procesach przemys\u0142owych.","robots":{"index":"index","follow":"follow","max-snippet":"max-snippet:-1","max-image-preview":"max-image-preview:large","max-video-preview":"max-video-preview:-1"},"canonical":"https:\/\/krasspluswissing.de\/pl\/produkty\/tasmy-z-nadrukiem\/","og_locale":"pl_PL","og_type":"article","og_title":"Ta\u015bmy z nadrukiem","og_description":"Ta\u015bmy z nadrukiem do produkt\u00f3w tekstylnych. Trwa\u0142y nadruk, wysoka jako\u015b\u0107 i bezpieczna integracja w procesach przemys\u0142owych.","og_url":"https:\/\/krasspluswissing.de\/pl\/produkty\/tasmy-z-nadrukiem\/","og_site_name":"Krass + Wissing","article_modified_time":"2026-02-19T12:38:17+00:00","twitter_card":"summary_large_image","twitter_misc":{"Szacowany czas czytania":"3 minutes"},"schema":{"@context":"https:\/\/schema.org","@graph":[{"@type":"WebPage","@id":"https:\/\/krasspluswissing.de\/pl\/produkty\/tasmy-z-nadrukiem\/","url":"https:\/\/krasspluswissing.de\/pl\/produkty\/tasmy-z-nadrukiem\/","name":"Producent ta\u015bm z nadrukiem | Branding tekstylny | Krass+Wissing","isPartOf":{"@id":"https:\/\/krasspluswissing.de\/fr\/#website"},"datePublished":"2026-02-09T15:15:53+00:00","dateModified":"2026-02-19T12:38:17+00:00","description":"Ta\u015bmy z nadrukiem do produkt\u00f3w tekstylnych. Trwa\u0142y nadruk, wysoka jako\u015b\u0107 i bezpieczna integracja w procesach przemys\u0142owych.","breadcrumb":{"@id":"https:\/\/krasspluswissing.de\/pl\/produkty\/tasmy-z-nadrukiem\/#breadcrumb"},"inLanguage":"pl-PL","potentialAction":[{"@type":"ReadAction","target":["https:\/\/krasspluswissing.de\/pl\/produkty\/tasmy-z-nadrukiem\/"]}]},{"@type":"BreadcrumbList","@id":"https:\/\/krasspluswissing.de\/pl\/produkty\/tasmy-z-nadrukiem\/#breadcrumb","itemListElement":[{"@type":"ListItem","position":1,"name":"Startseite","item":"https:\/\/krasspluswissing.de\/pl\/"},{"@type":"ListItem","position":2,"name":"Produkty","item":"https:\/\/krasspluswissing.de\/pl\/produkty\/"},{"@type":"ListItem","position":3,"name":"Ta\u015bmy z nadrukiem"}]},{"@type":"WebSite","@id":"https:\/\/krasspluswissing.de\/fr\/#website","url":"https:\/\/krasspluswissing.de\/fr\/","name":"Krass + Wissing","description":"Textile B\u00e4nder","publisher":{"@id":"https:\/\/krasspluswissing.de\/fr\/#organization"},"alternateName":"Krass & Wissing","potentialAction":[{"@type":"SearchAction","target":{"@type":"EntryPoint","urlTemplate":"https:\/\/krasspluswissing.de\/fr\/?s={search_term_string}"},"query-input":{"@type":"PropertyValueSpecification","valueRequired":true,"valueName":"search_term_string"}}],"inLanguage":"pl-PL"},{"@type":"Organization","@id":"https:\/\/krasspluswissing.de\/fr\/#organization","name":"Krass+Wissing","alternateName":"Krass&Wissing","url":"https:\/\/krasspluswissing.de\/fr\/","logo":{"@type":"ImageObject","inLanguage":"pl-PL","@id":"https:\/\/krasspluswissing.de\/fr\/#\/schema\/logo\/image\/","url":"https:\/\/krasspluswissing.de\/wp-content\/uploads\/2022\/10\/KW_Logo_since_1958.png","contentUrl":"https:\/\/krasspluswissing.de\/wp-content\/uploads\/2022\/10\/KW_Logo_since_1958.png","width":1684,"height":378,"caption":"Krass+Wissing"},"image":{"@id":"https:\/\/krasspluswissing.de\/fr\/#\/schema\/logo\/image\/"}}]}},"_links":{"self":[{"href":"https:\/\/krasspluswissing.de\/pl\/wp-json\/wp\/v2\/pages\/14629","targetHints":{"allow":["GET"]}}],"collection":[{"href":"https:\/\/krasspluswissing.de\/pl\/wp-json\/wp\/v2\/pages"}],"about":[{"href":"https:\/\/krasspluswissing.de\/pl\/wp-json\/wp\/v2\/types\/page"}],"author":[{"embeddable":true,"href":"https:\/\/krasspluswissing.de\/pl\/wp-json\/wp\/v2\/users\/2"}],"replies":[{"embeddable":true,"href":"https:\/\/krasspluswissing.de\/pl\/wp-json\/wp\/v2\/comments?post=14629"}],"version-history":[{"count":3,"href":"https:\/\/krasspluswissing.de\/pl\/wp-json\/wp\/v2\/pages\/14629\/revisions"}],"predecessor-version":[{"id":14644,"href":"https:\/\/krasspluswissing.de\/pl\/wp-json\/wp\/v2\/pages\/14629\/revisions\/14644"}],"up":[{"embeddable":true,"href":"https:\/\/krasspluswissing.de\/pl\/wp-json\/wp\/v2\/pages\/10084"}],"wp:attachment":[{"href":"https:\/\/krasspluswissing.de\/pl\/wp-json\/wp\/v2\/media?parent=14629"}],"curies":[{"name":"wp","href":"https:\/\/api.w.org\/{rel}","templated":true}]}}