{"id":14658,"date":"2026-01-30T15:57:39","date_gmt":"2026-01-30T14:57:39","guid":{"rendered":"https:\/\/krasspluswissing.de\/produkty\/einfassbaender\/"},"modified":"2026-02-19T14:10:01","modified_gmt":"2026-02-19T13:10:01","slug":"tasmy-obszywajace","status":"publish","type":"page","link":"https:\/\/krasspluswissing.de\/pl\/produkty\/tasmy-obszywajace\/","title":{"rendered":"Ta\u015bmy obszywaj\u0105ce"},"content":{"rendered":"\n\n\n\n<!-- Block-Wrapper Anfang -->\n<div id=\"header-2col-block_fcc7fce126b8ede4c3565be2697d52a6\" class=\"block block--header-2col parallax       \">\n  <div class=\" block__inner block__inner--header-2col py-3 py-md-5 \">\n<!-- \/Block-Wrapper Anfang -->\n\n    <div class=\"container\">\n      <div class=\"row\">\n        <div class=\"col-12 col-lg-6 pb-3 pb-lg-0\">\n          \n<div class=\"content__modul content__text\">\n  <h1>Ta\u015bmy obszywaj\u0105ce<\/h1>\n<h3>Tekstylne rozwi\u0105zania dla estetycznych kraw\u0119dzi i funkcjonalnych wyko\u0144cze\u0144<\/h3>\n<p>Ta\u015bmy obszywaj\u0105ce stanowi\u0105 kluczowy element w przemys\u0142owym przetw\u00f3rstwie tekstyli\u00f3w. Wp\u0142ywaj\u0105 nie tylko na wygl\u0105d produktu, ale r\u00f3wnie\u017c na jego funkcj\u0119, trwa\u0142o\u015b\u0107 oraz bezpiecze\u0144stwo procesowe w dalszej obr\u00f3bce. Odpowiednia specyfikacja zawsze wynika z po\u0142\u0105czenia materia\u0142u, konstrukcji i zastosowania.<\/p>\n<\/div>\n        <\/div>\n        <div class=\"col-12 col-lg-6 pb-0\">\n          <div class=\"header__img\">\n                      <\/div>\n        <\/div>\n      <\/div>\n    <\/div>\n\n<!-- Block-Wrapper Ende -->\n  <\/div><!-- .block__inner -->\n<\/div><!-- .block -->\n<!-- \/Block-Wrapper Ende -->\n\n\n\n\n\n  <style type=\"text\/css\">\n    \/* H\u00f6he *\/\n    #header-2col-block_fcc7fce126b8ede4c3565be2697d52a6 .block__inner--header-2col{\n              min-height: 80vh;\n          }\n\n    #header-2col-block_fcc7fce126b8ede4c3565be2697d52a6.parallax{\n      height: calc(80vh - 100px);\n    }\n\n    @media only screen and (max-width: 991.98px) {\n      #header-2col-block_fcc7fce126b8ede4c3565be2697d52a6.parallax{\n        height: 100vh;\n      }\n    }\n    @media only screen and (max-width: 575.98px) {\n      #header-2col-block_fcc7fce126b8ede4c3565be2697d52a6.parallax{\n        height: calc(100vh - 125px);\n      }\n    }\n\n\n          \n      \n      \n      \n          \n    \n    \/* Hintergrundbild *\/\n          #header-2col-block_fcc7fce126b8ede4c3565be2697d52a6 {\n        background-image: url(https:\/\/krasspluswissing.de\/wp-content\/uploads\/2022\/04\/Krass-Wissing-Schraegband-Kleinaufmachung-Falzband.jpg);\n        background-size: cover;\n        background-position: center center;\n      }\n    \n    \/* Navigationshintergrund und Verlauf *\/\n    \n\n                  #header-2col-block_fcc7fce126b8ede4c3565be2697d52a6 .block__inner {background: linear-gradient(to right, rgba(30,27,24, 0.6), rgba(0, 0, 0, 0))}\n          \n    #header-2col-block_fcc7fce126b8ede4c3565be2697d52a6{      background-color: #FFFFFF;      color: #f2f2f2;    }                  <\/style>\n\n\n\n\n  <div class=\"diagonal diagonal--above  diagonal--content-1col-block_3734ddb03715516d7f551016bb65ada1\"><\/div>\n\n<!-- Block-Wrapper Anfang -->\n<div id=\"content-1col-block_3734ddb03715516d7f551016bb65ada1\" class=\"block block--content-1col pt-5 pb-3       \">\n  <div class=\"block__inner block__inner--content-1col container \">\n    <!-- \/Block-Wrapper Anfang -->\n\n        <div class=\"content row\">\n          <div class=\"content__spalte col-12\">\n\n\n            \n              \n<div class=\"content__modul content__text\">\n  <h2>Czym s\u0105 ta\u015bmy obszywaj\u0105ce i do czego s\u0105 stosowane?<\/h2>\n<p>Ta\u015bmy obszywaj\u0105ce to ta\u015bmy tekstylne s\u0142u\u017c\u0105ce do <strong>trwa\u0142ej ochrony otwartych kraw\u0119dzi tkanin, estetycznego wyko\u0144czenia oraz funkcjonalnego wzmocnienia<\/strong>. Zapobiegaj\u0105 strz\u0119pieniu si\u0119 materia\u0142u, zwi\u0119kszaj\u0105 trwa\u0142o\u015b\u0107 produktu ko\u0144cowego i \u2013 w zale\u017cno\u015bci od konstrukcji \u2013 pe\u0142ni\u0105 zar\u00f3wno funkcje techniczne, jak i estetyczne.<\/p>\n<p>Stosowane s\u0105 wsz\u0119dzie tam, gdzie powierzchnie tekstylne musz\u0105 by\u0107 <strong>poddawane obci\u0105\u017ceniom mechanicznym<\/strong>, <strong>wyra\u017anie zdefiniowane wizualnie<\/strong> lub <strong>bezpiecznie przetwarzane w procesie przemys\u0142owym<\/strong>. Typowe obszary zastosowa\u0144 obejmuj\u0105 tekstylia domowe, materace i toppery, odzie\u017c oraz tekstylia techniczne i medyczne.<\/p>\n<\/div>\n\n<div class=\"content__modul content__text\">\n  <h2>Ta\u015bmy obszywaj\u0105ce z tkaniny \u2013 ta\u015bma prosta i ta\u015bma sko\u015bna<\/h2>\n<p><strong>Ta\u015bmy proste i ta\u015bmy sko\u015bne<\/strong> to <strong>ta\u015bmy wycinane z tkanin<\/strong>. W\u0142a\u015bciwo\u015bci ta\u015bmy wynikaj\u0105 bezpo\u015brednio z <strong>orientacji nici (osnowa i w\u0105tek)<\/strong> oraz z <strong>zastosowanej metody ci\u0119cia<\/strong>.<\/p>\n<\/div>\n\n                      <\/div>\n        <\/div>\n\n\n        \n<!-- Block-Wrapper Ende -->\n      <\/div><!-- .block__inner -->\n<\/div><!-- .block -->\n<!-- \/Block-Wrapper Ende -->\n\n\n\n\n  <style type=\"text\/css\">\n    #content-1col-block_3734ddb03715516d7f551016bb65ada1{      background-color: #FFFFFF;          }                \n            .diagonal--content-1col-block_3734ddb03715516d7f551016bb65ada1  { background-color: #FFFFFF }\n    \n    #content-1col-block_3734ddb03715516d7f551016bb65ada1{ z-index: 0 }\n  <\/style>\n\n\n\n\n<!-- Block-Wrapper Anfang -->\n<div id=\"content-2col-block_a6d782100d7e8ce6d0b8d0d69d32a420\" class=\"block block--content-2col  pt-0 pb-3       \">\n    <div class=\"block__inner block__inner--content-2col container \">\n    <!-- \/Block-Wrapper Anfang -->\n\n\n\n        <div class=\"content row  justify-content-between\">\n          <div class=\"content__spalte content__spalte--1 col-12 col-lg-5 pb-3 pb-lg-0\">\n            \n<div class=\"content__modul content__text\">\n  <h3>Ta\u015bma prosta<\/h3>\n<p>Ta\u015bmy proste s\u0105 wycinane z tkaniny w taki spos\u00f3b, \u017ce <strong>osnowa i w\u0105tek przebiegaj\u0105 pod k\u0105tem 90\u00b0 lub 0\u00b0 wzgl\u0119dem kierunku ta\u015bmy<\/strong>. Nici u\u0142o\u017cone s\u0105 zatem poziomo i pionowo wzgl\u0119dem kraw\u0119dzi ta\u015bmy.<\/p>\n<p><strong>W\u0142a\u015bciwo\u015bci:<\/strong><\/p>\n<ul>\n<li>wysoka stabilno\u015b\u0107 wymiarowa<\/li>\n<li>niewielka lub brak elastyczno\u015bci<\/li>\n<li>odpowiednie do <strong>prostych kraw\u0119dzi i liniowych szw\u00f3w<\/strong><\/li>\n<li>ekonomiczne przy jednolitych geometriach<\/li>\n<li><strong>sk\u0142onno\u015b\u0107 do strz\u0119pienia przy ci\u0119ciu na zimno<\/strong>, je\u015bli nie zastosowano ci\u0119cia na gor\u0105co lub ultrad\u017awi\u0119kowego<\/li>\n<\/ul>\n<p>Ta\u015bmy proste stosowane s\u0105 przede wszystkim tam, gdzie <strong>nie wyst\u0119puj\u0105 promienie ani kszta\u0142towe przebiegi<\/strong> i wymagane jest stabilne, zachowuj\u0105ce form\u0119 wyko\u0144czenie.<\/p>\n<p>Wi\u0119cej informacji o r\u00f3\u017cnych <a href=\"https:\/\/krasspluswissing.de\/prozesse\/schneiden\/\">metodach ci\u0119cia<\/a> znajd\u0105 Pa\u0144stwo <a href=\"https:\/\/krasspluswissing.de\/prozesse\/schneiden\/\">tutaj<\/a>.<\/p>\n<\/div>\n\n\n  <div class=\"content__modul content__img content__img--free\">\n     \n      <img decoding=\"async\" src=\"https:\/\/krasspluswissing.de\/wp-content\/uploads\/2026\/01\/Gewebe_gerade-1-scaled.png\" alt=\"Einfassband aus Gewebe \u2013 Geradband\">\n            <\/div>\n\n          <\/div>\n          <div class=\"content__spalte content__spalte--2 col-12 col-lg-5 pb-0\">\n            \n<div class=\"content__modul content__html\">\n  <div class=\"pt-3 pt-xxl-5\"><\/div><\/div>\n\n<div class=\"content__modul content__text\">\n  <h3>Ta\u015bma sko\u015bna (ci\u0119ta po skosie)<\/h3>\n<p>Ta\u015bmy sko\u015bne s\u0105 wycinane diagonalnie z tkaniny. Nici przebiegaj\u0105 <strong>pod k\u0105tem +45\u00b0 i \u221245\u00b0 wzgl\u0119dem kierunku ta\u015bmy<\/strong>.<\/p>\n<p>Taka diagonalna struktura nici sprawia, \u017ce pierwotnie nieelastyczna tkanina uzyskuje <strong>w\u0142a\u015bciwo\u015bci elastyczne wzd\u0142u\u017cne i poprzeczne<\/strong>. Jednocze\u015bnie konstrukcja ta powoduje, \u017ce ta\u015bma <strong>nie strz\u0119pi si\u0119 na kraw\u0119dzi ci\u0119cia<\/strong>, nawet przy ci\u0119ciu na zimno.<\/p>\n<p><strong>W\u0142a\u015bciwo\u015bci:<\/strong><\/p>\n<ul>\n<li>wysoka zdolno\u015b\u0107 dopasowania<\/li>\n<li>elastyczno\u015b\u0107 wzd\u0142u\u017cna i poprzeczna<\/li>\n<li>idealna do <strong>\u0142uk\u00f3w, promieni i z\u0142o\u017conych kontur\u00f3w<\/strong><\/li>\n<li>bardzo dobra kompensacja ruch\u00f3w materia\u0142u<\/li>\n<li><strong>brak strz\u0119pienia dzi\u0119ki diagonalnemu uk\u0142adowi nici<\/strong><\/li>\n<\/ul>\n<p>Ta\u015bmy sko\u015bne umo\u017cliwiaj\u0105 beznapr\u0119\u017ceniowe i estetyczne obszywanie, szczeg\u00f3lnie w przypadku geometrii okr\u0105g\u0142ych lub nieregularnych.<\/p>\n<p>Wi\u0119cej informacji o <a href=\"https:\/\/krasspluswissing.de\/produkte\/schraegbaender\/\">ta\u015bmach sko\u015bnych<\/a> znajd\u0105 Pa\u0144stwo <a href=\"https:\/\/krasspluswissing.de\/produkte\/schraegbaender\/\">tutaj<\/a>.<\/p>\n<\/div>\n\n\n  <div class=\"content__modul content__img content__img--free\">\n     \n      <img decoding=\"async\" src=\"https:\/\/krasspluswissing.de\/wp-content\/uploads\/2026\/01\/Gewebe_schraeg-1-scaled.png\" alt=\"Schr\u00e4gband zum Einfassen von Radien\">\n            <\/div>\n\n          <\/div>\n        <\/div>\n\n\n<!-- Block-Wrapper Ende -->\n      <\/div><!-- .block__inner -->\n<\/div><!-- .block -->\n<!-- \/Block-Wrapper Ende -->\n\n\n  <style type=\"text\/css\">\n    #content-2col-block_a6d782100d7e8ce6d0b8d0d69d32a420{      background-color: #FFFFFF;          }                        \n            .diagonal--content-2col-block_a6d782100d7e8ce6d0b8d0d69d32a420  { background-color: #FFFFFF }\n    \n    #content-2col-block_a6d782100d7e8ce6d0b8d0d69d32a420{ z-index: 0 }\n  <\/style>\n\n\n\n\n<!-- Block-Wrapper Anfang -->\n<div id=\"content-2col-block_bbffd72425e9bc80f61cf56244f9e9cc\" class=\"block block--content-2col  pt-0 pb-0       \">\n    <div class=\"block__inner block__inner--content-2col container \">\n    <!-- \/Block-Wrapper Anfang -->\n\n\n\n        <div class=\"content row  justify-content-between\">\n          <div class=\"content__spalte content__spalte--1 col-12 col-lg-5 pb-3 pb-lg-0\">\n            \n<div class=\"content__modul content__text\">\n  <h2>Ta\u015bmy obszywaj\u0105ce z dzianin osnowowych i dziewiarskich<\/h2>\n<p>Opr\u00f3cz tkanych ta\u015bm obszywaj\u0105cych stosuje si\u0119 r\u00f3wnie\u017c <strong>materia\u0142y dzianinowe \u2013 osnowowe lub dziewiarskie<\/strong>. Tkaniny te s\u0105 bezpo\u015brednio wycinane na ta\u015bmy, bez rozr\u00f3\u017cnienia na ci\u0119cie proste czy sko\u015bne.<\/p>\n<p>Dzi\u0119ki swojej konstrukcji tekstylnej \u2013 dziewiarskiej lub osnowowej \u2013 posiadaj\u0105 <strong>naturaln\u0105 elastyczno\u015b\u0107<\/strong> i <strong>nie strz\u0119pi\u0105 si\u0119 lub strz\u0119pi\u0105 si\u0119 jedynie minimalnie<\/strong>.<\/p>\n<p><strong>Typowe w\u0142a\u015bciwo\u015bci:<\/strong><\/p>\n<ul>\n<li>naturalna rozci\u0105gliwo\u015b\u0107<\/li>\n<li>wysoka zdolno\u015b\u0107 dopasowania<\/li>\n<li>bardziej mi\u0119kka w dotyku<\/li>\n<li>odpowiednie do zastosowa\u0144 ruchomych lub elastycznych<\/li>\n<\/ul>\n<p>Takie ta\u015bmy obszywaj\u0105ce stosowane s\u0105 wsz\u0119dzie tam, gdzie kluczowe znaczenie maj\u0105 <strong>elastyczno\u015b\u0107, komfort lub ruch materia\u0142u<\/strong>.<\/p>\n<p>Przegl\u0105d naszych <a href=\"https:\/\/krasspluswissing.de\/materialien\/\">materia\u0142\u00f3w<\/a> znajd\u0105 Pa\u0144stwo <a href=\"https:\/\/krasspluswissing.de\/materialien\/\">tutaj<\/a>.<\/p>\n<\/div>\n\n\n  <div class=\"content__modul content__img content__img--free\">\n     \n      <img decoding=\"async\" src=\"https:\/\/krasspluswissing.de\/wp-content\/uploads\/2026\/01\/Gewirke-1-scaled.png\" alt=\"Einfassband aus Wirkware\">\n            <\/div>\n\n          <\/div>\n          <div class=\"content__spalte content__spalte--2 col-12 col-lg-5 pb-0\">\n            \n<div class=\"content__modul content__html\">\n  <div class=\"pt-3 pt-xxl-5\"><\/div><\/div>\n\n<div class=\"content__modul content__text\">\n  <h2>Dob\u00f3r materia\u0142u i zachowanie podczas kurczenia<\/h2>\n<p>Ta\u015bmy obszywaj\u0105ce mog\u0105 by\u0107 produkowane z r\u00f3\u017cnych materia\u0142\u00f3w, mi\u0119dzy innymi z bawe\u0142ny, poliestru, poliamidu lub mieszanek w\u0142\u00f3kien.<\/p>\n<p>Kluczowym aspektem przy wyborze materia\u0142u jest <strong>zachowanie podczas kurczenia<\/strong> ta\u015bmy obszywaj\u0105cej w odniesieniu do materia\u0142u g\u0142\u00f3wnego.<\/p>\n<p><strong>Zasadniczo istniej\u0105 dwa podej\u015bcia:<\/strong><\/p>\n<ul>\n<li><strong>Dopasowanie materia\u0142owe:<\/strong> Ta\u015bma obszywaj\u0105ca i materia\u0142 produktu maj\u0105 zbli\u017cone warto\u015bci kurczenia.<\/li>\n<li><strong>Kompensacja konstrukcyjna:<\/strong> Ta\u015bmy sko\u015bne lub elastyczne ta\u015bmy z dzianin osnowowych i dziewiarskich aktywnie kompensuj\u0105 r\u00f3\u017cnice w kurczeniu.<\/li>\n<\/ul>\n<p>Szczeg\u00f3lnie po praniu lub pod wp\u0142ywem obci\u0105\u017cenia termicznego to dopasowanie decyduje o <strong>stabilno\u015bci kszta\u0142tu, wygl\u0105dzie i trwa\u0142o\u015bci<\/strong> produktu ko\u0144cowego.<\/p>\n<\/div>\n          <\/div>\n        <\/div>\n\n\n<!-- Block-Wrapper Ende -->\n      <\/div><!-- .block__inner -->\n<\/div><!-- .block -->\n<!-- \/Block-Wrapper Ende -->\n\n\n  <style type=\"text\/css\">\n    #content-2col-block_bbffd72425e9bc80f61cf56244f9e9cc{      background-color: #FFFFFF;          }                        \n            .diagonal--content-2col-block_bbffd72425e9bc80f61cf56244f9e9cc  { background-color: #FFFFFF }\n    \n    #content-2col-block_bbffd72425e9bc80f61cf56244f9e9cc{ z-index: 0 }\n  <\/style>\n\n\n\n\n\n<!-- Block-Wrapper Anfang -->\n<div id=\"content-1col-block_a4a376097fdaf1559053cf723d6a1955\" class=\"block block--content-1col pt-5 pb-5       \">\n  <div class=\"block__inner block__inner--content-1col container \">\n    <!-- \/Block-Wrapper Anfang -->\n\n        <div class=\"content row\">\n          <div class=\"content__spalte col-12\">\n\n\n            \n              \n<div class=\"content__modul content__text\">\n  <h2>Projektowane pod k\u0105tem procesu \u2013 ta\u015bmy obszywaj\u0105ce do dalszej obr\u00f3bki<\/h2>\n<p>Ta\u015bma obszywaj\u0105ca jest zawsze cz\u0119\u015bci\u0105 ca\u0142ego procesu produkcyjnego. Dlatego jest precyzyjnie dopasowywana do warunk\u00f3w produkcyjnych klienta:<\/p>\n<ul>\n<li><strong>Szeroko\u015bci ta\u015bmy:<\/strong> dopasowane do obrazu szwu i funkcji<\/li>\n<li><strong>D\u0142ugo\u015bci rolek:<\/strong> zoptymalizowane pod k\u0105tem czasu pracy maszyn i obs\u0142ugi<\/li>\n<li><strong><a href=\"https:\/\/krasspluswissing.de\/prozesse\/schneiden\/\">Metody ci\u0119cia<\/a>:<\/strong> dostosowane do materia\u0142u i produktu<\/li>\n<li><a href=\"https:\/\/krasspluswissing.de\/prozesse\/falzen\/\"><strong>Wst\u0119pne sk\u0142adanie \/ sk\u0142adanie:<\/strong><\/a> w celu przyspieszenia procesu i zapewnienia powtarzalnej obr\u00f3bki<\/li>\n<\/ul>\n<h2>Typowe obszary zastosowa\u0144<\/h2>\n<ul>\n<li>materace i toppery<\/li>\n<li>tekstylia domowe (poduszki, ko\u0142dry, zas\u0142ony)<\/li>\n<li>przemys\u0142 odzie\u017cowy<\/li>\n<li>tekstylia techniczne<\/li>\n<li>zastosowania medyczne<\/li>\n<li>rozwi\u0105zania OEM<\/li>\n<\/ul>\n<h2>Podsumowanie \u2013 Pa\u0144stwa korzy\u015bci<\/h2>\n<ul>\n<li>estetyczne i trwa\u0142e kraw\u0119dzie<\/li>\n<li>optymalne dopasowanie do geometrii i materia\u0142u<\/li>\n<li>kontrolowane zachowanie podczas kurczenia<\/li>\n<li>zmniejszone wska\u017aniki odrzut\u00f3w<\/li>\n<li>wysokie bezpiecze\u0144stwo procesowe w dalszej obr\u00f3bce<\/li>\n<\/ul>\n<\/div>\n\n                      <\/div>\n        <\/div>\n\n\n        \n<!-- Block-Wrapper Ende -->\n      <\/div><!-- .block__inner -->\n<\/div><!-- .block -->\n<!-- \/Block-Wrapper Ende -->\n\n  <div class=\"diagonal diagonal--below  diagonal--content-1col-block_a4a376097fdaf1559053cf723d6a1955\"><\/div>\n\n\n\n  <style type=\"text\/css\">\n    #content-1col-block_a4a376097fdaf1559053cf723d6a1955{      background-color: #FFFFFF;          }                \n            .diagonal--content-1col-block_a4a376097fdaf1559053cf723d6a1955  { background-color: #FFFFFF }\n    \n    #content-1col-block_a4a376097fdaf1559053cf723d6a1955{ z-index: 0 }\n  <\/style>\n","protected":false},"excerpt":{"rendered":"","protected":false},"author":2,"featured_media":0,"parent":10084,"menu_order":0,"comment_status":"closed","ping_status":"closed","template":"","meta":{"_acf_changed":false,"protect_children":false,"_relevanssi_hide_post":"","_relevanssi_pin_for_all":"","_relevanssi_pin_keywords":"","_relevanssi_unpin_keywords":"","_relevanssi_related_keywords":"","_relevanssi_related_include_ids":"","_relevanssi_related_exclude_ids":"","_relevanssi_related_no_append":"","_relevanssi_related_not_related":"","_relevanssi_related_posts":"10214","_relevanssi_noindex_reason":"","footnotes":""},"class_list":["post-14658","page","type-page","status-publish","hentry"],"acf":[],"yoast_head":"<!-- This site is optimized with the Yoast SEO Premium plugin v27.1 (Yoast SEO v27.4) - https:\/\/yoast.com\/product\/yoast-seo-premium-wordpress\/ -->\n<title>Producent ta\u015bm obszywaj\u0105cych | Rozwi\u0105zania przemys\u0142owe<\/title>\n<meta name=\"description\" content=\"Ta\u015bmy obszywaj\u0105ce do trwa\u0142ego i estetycznego wyka\u0144czania kraw\u0119dzi. Rozwi\u0105zania dopasowane do proces\u00f3w przemys\u0142owych i wymaga\u0144 technicznych.\" \/>\n<meta name=\"robots\" content=\"index, follow, max-snippet:-1, max-image-preview:large, max-video-preview:-1\" \/>\n<link rel=\"canonical\" href=\"https:\/\/krasspluswissing.de\/pl\/produkty\/tasmy-obszywajace\/\" \/>\n<meta property=\"og:locale\" content=\"pl_PL\" \/>\n<meta property=\"og:type\" content=\"article\" \/>\n<meta property=\"og:title\" content=\"Ta\u015bmy obszywaj\u0105ce\" \/>\n<meta property=\"og:description\" content=\"Ta\u015bmy obszywaj\u0105ce do trwa\u0142ego i estetycznego wyka\u0144czania kraw\u0119dzi. Rozwi\u0105zania dopasowane do proces\u00f3w przemys\u0142owych i wymaga\u0144 technicznych.\" \/>\n<meta property=\"og:url\" content=\"https:\/\/krasspluswissing.de\/pl\/produkty\/tasmy-obszywajace\/\" \/>\n<meta property=\"og:site_name\" content=\"Krass + Wissing\" \/>\n<meta property=\"article:modified_time\" content=\"2026-02-19T13:10:01+00:00\" \/>\n<meta name=\"twitter:card\" content=\"summary_large_image\" \/>\n<meta name=\"twitter:label1\" content=\"Szacowany czas czytania\" \/>\n\t<meta name=\"twitter:data1\" content=\"4 minutes\" \/>\n<script type=\"application\/ld+json\" class=\"yoast-schema-graph\">{\"@context\":\"https:\\\/\\\/schema.org\",\"@graph\":[{\"@type\":\"WebPage\",\"@id\":\"https:\\\/\\\/krasspluswissing.de\\\/pl\\\/produkty\\\/tasmy-obszywajace\\\/\",\"url\":\"https:\\\/\\\/krasspluswissing.de\\\/pl\\\/produkty\\\/tasmy-obszywajace\\\/\",\"name\":\"Producent ta\u015bm obszywaj\u0105cych | Rozwi\u0105zania przemys\u0142owe\",\"isPartOf\":{\"@id\":\"https:\\\/\\\/krasspluswissing.de\\\/fr\\\/#website\"},\"datePublished\":\"2026-01-30T14:57:39+00:00\",\"dateModified\":\"2026-02-19T13:10:01+00:00\",\"description\":\"Ta\u015bmy obszywaj\u0105ce do trwa\u0142ego i estetycznego wyka\u0144czania kraw\u0119dzi. Rozwi\u0105zania dopasowane do proces\u00f3w przemys\u0142owych i wymaga\u0144 technicznych.\",\"breadcrumb\":{\"@id\":\"https:\\\/\\\/krasspluswissing.de\\\/pl\\\/produkty\\\/tasmy-obszywajace\\\/#breadcrumb\"},\"inLanguage\":\"pl-PL\",\"potentialAction\":[{\"@type\":\"ReadAction\",\"target\":[\"https:\\\/\\\/krasspluswissing.de\\\/pl\\\/produkty\\\/tasmy-obszywajace\\\/\"]}]},{\"@type\":\"BreadcrumbList\",\"@id\":\"https:\\\/\\\/krasspluswissing.de\\\/pl\\\/produkty\\\/tasmy-obszywajace\\\/#breadcrumb\",\"itemListElement\":[{\"@type\":\"ListItem\",\"position\":1,\"name\":\"Startseite\",\"item\":\"https:\\\/\\\/krasspluswissing.de\\\/pl\\\/\"},{\"@type\":\"ListItem\",\"position\":2,\"name\":\"Produkty\",\"item\":\"https:\\\/\\\/krasspluswissing.de\\\/pl\\\/produkty\\\/\"},{\"@type\":\"ListItem\",\"position\":3,\"name\":\"Ta\u015bmy obszywaj\u0105ce\"}]},{\"@type\":\"WebSite\",\"@id\":\"https:\\\/\\\/krasspluswissing.de\\\/fr\\\/#website\",\"url\":\"https:\\\/\\\/krasspluswissing.de\\\/fr\\\/\",\"name\":\"Krass + Wissing\",\"description\":\"Textile B\u00e4nder\",\"publisher\":{\"@id\":\"https:\\\/\\\/krasspluswissing.de\\\/fr\\\/#organization\"},\"alternateName\":\"Krass & Wissing\",\"potentialAction\":[{\"@type\":\"SearchAction\",\"target\":{\"@type\":\"EntryPoint\",\"urlTemplate\":\"https:\\\/\\\/krasspluswissing.de\\\/fr\\\/?s={search_term_string}\"},\"query-input\":{\"@type\":\"PropertyValueSpecification\",\"valueRequired\":true,\"valueName\":\"search_term_string\"}}],\"inLanguage\":\"pl-PL\"},{\"@type\":\"Organization\",\"@id\":\"https:\\\/\\\/krasspluswissing.de\\\/fr\\\/#organization\",\"name\":\"Krass+Wissing\",\"alternateName\":\"Krass&Wissing\",\"url\":\"https:\\\/\\\/krasspluswissing.de\\\/fr\\\/\",\"logo\":{\"@type\":\"ImageObject\",\"inLanguage\":\"pl-PL\",\"@id\":\"https:\\\/\\\/krasspluswissing.de\\\/fr\\\/#\\\/schema\\\/logo\\\/image\\\/\",\"url\":\"https:\\\/\\\/krasspluswissing.de\\\/wp-content\\\/uploads\\\/2022\\\/10\\\/KW_Logo_since_1958.png\",\"contentUrl\":\"https:\\\/\\\/krasspluswissing.de\\\/wp-content\\\/uploads\\\/2022\\\/10\\\/KW_Logo_since_1958.png\",\"width\":1684,\"height\":378,\"caption\":\"Krass+Wissing\"},\"image\":{\"@id\":\"https:\\\/\\\/krasspluswissing.de\\\/fr\\\/#\\\/schema\\\/logo\\\/image\\\/\"}}]}<\/script>\n<!-- \/ Yoast SEO Premium plugin. -->","yoast_head_json":{"title":"Producent ta\u015bm obszywaj\u0105cych | Rozwi\u0105zania przemys\u0142owe","description":"Ta\u015bmy obszywaj\u0105ce do trwa\u0142ego i estetycznego wyka\u0144czania kraw\u0119dzi. Rozwi\u0105zania dopasowane do proces\u00f3w przemys\u0142owych i wymaga\u0144 technicznych.","robots":{"index":"index","follow":"follow","max-snippet":"max-snippet:-1","max-image-preview":"max-image-preview:large","max-video-preview":"max-video-preview:-1"},"canonical":"https:\/\/krasspluswissing.de\/pl\/produkty\/tasmy-obszywajace\/","og_locale":"pl_PL","og_type":"article","og_title":"Ta\u015bmy obszywaj\u0105ce","og_description":"Ta\u015bmy obszywaj\u0105ce do trwa\u0142ego i estetycznego wyka\u0144czania kraw\u0119dzi. Rozwi\u0105zania dopasowane do proces\u00f3w przemys\u0142owych i wymaga\u0144 technicznych.","og_url":"https:\/\/krasspluswissing.de\/pl\/produkty\/tasmy-obszywajace\/","og_site_name":"Krass + Wissing","article_modified_time":"2026-02-19T13:10:01+00:00","twitter_card":"summary_large_image","twitter_misc":{"Szacowany czas czytania":"4 minutes"},"schema":{"@context":"https:\/\/schema.org","@graph":[{"@type":"WebPage","@id":"https:\/\/krasspluswissing.de\/pl\/produkty\/tasmy-obszywajace\/","url":"https:\/\/krasspluswissing.de\/pl\/produkty\/tasmy-obszywajace\/","name":"Producent ta\u015bm obszywaj\u0105cych | Rozwi\u0105zania przemys\u0142owe","isPartOf":{"@id":"https:\/\/krasspluswissing.de\/fr\/#website"},"datePublished":"2026-01-30T14:57:39+00:00","dateModified":"2026-02-19T13:10:01+00:00","description":"Ta\u015bmy obszywaj\u0105ce do trwa\u0142ego i estetycznego wyka\u0144czania kraw\u0119dzi. Rozwi\u0105zania dopasowane do proces\u00f3w przemys\u0142owych i wymaga\u0144 technicznych.","breadcrumb":{"@id":"https:\/\/krasspluswissing.de\/pl\/produkty\/tasmy-obszywajace\/#breadcrumb"},"inLanguage":"pl-PL","potentialAction":[{"@type":"ReadAction","target":["https:\/\/krasspluswissing.de\/pl\/produkty\/tasmy-obszywajace\/"]}]},{"@type":"BreadcrumbList","@id":"https:\/\/krasspluswissing.de\/pl\/produkty\/tasmy-obszywajace\/#breadcrumb","itemListElement":[{"@type":"ListItem","position":1,"name":"Startseite","item":"https:\/\/krasspluswissing.de\/pl\/"},{"@type":"ListItem","position":2,"name":"Produkty","item":"https:\/\/krasspluswissing.de\/pl\/produkty\/"},{"@type":"ListItem","position":3,"name":"Ta\u015bmy obszywaj\u0105ce"}]},{"@type":"WebSite","@id":"https:\/\/krasspluswissing.de\/fr\/#website","url":"https:\/\/krasspluswissing.de\/fr\/","name":"Krass + Wissing","description":"Textile B\u00e4nder","publisher":{"@id":"https:\/\/krasspluswissing.de\/fr\/#organization"},"alternateName":"Krass & Wissing","potentialAction":[{"@type":"SearchAction","target":{"@type":"EntryPoint","urlTemplate":"https:\/\/krasspluswissing.de\/fr\/?s={search_term_string}"},"query-input":{"@type":"PropertyValueSpecification","valueRequired":true,"valueName":"search_term_string"}}],"inLanguage":"pl-PL"},{"@type":"Organization","@id":"https:\/\/krasspluswissing.de\/fr\/#organization","name":"Krass+Wissing","alternateName":"Krass&Wissing","url":"https:\/\/krasspluswissing.de\/fr\/","logo":{"@type":"ImageObject","inLanguage":"pl-PL","@id":"https:\/\/krasspluswissing.de\/fr\/#\/schema\/logo\/image\/","url":"https:\/\/krasspluswissing.de\/wp-content\/uploads\/2022\/10\/KW_Logo_since_1958.png","contentUrl":"https:\/\/krasspluswissing.de\/wp-content\/uploads\/2022\/10\/KW_Logo_since_1958.png","width":1684,"height":378,"caption":"Krass+Wissing"},"image":{"@id":"https:\/\/krasspluswissing.de\/fr\/#\/schema\/logo\/image\/"}}]}},"_links":{"self":[{"href":"https:\/\/krasspluswissing.de\/pl\/wp-json\/wp\/v2\/pages\/14658","targetHints":{"allow":["GET"]}}],"collection":[{"href":"https:\/\/krasspluswissing.de\/pl\/wp-json\/wp\/v2\/pages"}],"about":[{"href":"https:\/\/krasspluswissing.de\/pl\/wp-json\/wp\/v2\/types\/page"}],"author":[{"embeddable":true,"href":"https:\/\/krasspluswissing.de\/pl\/wp-json\/wp\/v2\/users\/2"}],"replies":[{"embeddable":true,"href":"https:\/\/krasspluswissing.de\/pl\/wp-json\/wp\/v2\/comments?post=14658"}],"version-history":[{"count":1,"href":"https:\/\/krasspluswissing.de\/pl\/wp-json\/wp\/v2\/pages\/14658\/revisions"}],"predecessor-version":[{"id":14666,"href":"https:\/\/krasspluswissing.de\/pl\/wp-json\/wp\/v2\/pages\/14658\/revisions\/14666"}],"up":[{"embeddable":true,"href":"https:\/\/krasspluswissing.de\/pl\/wp-json\/wp\/v2\/pages\/10084"}],"wp:attachment":[{"href":"https:\/\/krasspluswissing.de\/pl\/wp-json\/wp\/v2\/media?parent=14658"}],"curies":[{"name":"wp","href":"https:\/\/api.w.org\/{rel}","templated":true}]}}